{"id":1816,"date":"2026-03-11T14:24:23","date_gmt":"2026-03-11T14:24:23","guid":{"rendered":"https:\/\/rooks-bet.com\/app\/"},"modified":"2026-03-12T06:40:14","modified_gmt":"2026-03-12T06:40:14","slug":"app","status":"publish","type":"page","link":"https:\/\/rooks-bet.com\/de\/app\/","title":{"rendered":"App"},"content":{"rendered":"<h1>Rooksbet Mobile Plattform<\/h1>\n<p>Die Rooksbet App ist eine bahnbrechende Neuerung f\u00fcr Online-Gl\u00fccksspiele. Diese elegante, effiziente App ist praktisch und einfach auf Mobilger\u00e4ten zu bedienen. Sie k\u00f6nnen auf Ihrem Mobilger\u00e4t oder bequem von zu Hause aus spielen. Die Rooks Bet Casino-Anwendung bietet Ihnen alle notwendigen Funktionen auf Knopfdruck; Sie werden auf jedem Ger\u00e4t Ihrer Wahl ein umfassendes Erlebnis haben.<\/p>\n<div class=\"banner-wrap\" aria-label=\"Banner\"><img src=\"https:\/\/rooks-bet.com\/wp-content\/uploads\/2026\/03\/Rooksbet-banner-desktop.webp\" class=\"w-100 d-none d-lg-block img-pc main-banner-img\" alt=\"rooksbet bonus desktop\" fetchpriority=\"high\" decoding=\"async\"><img src=\"https:\/\/rooks-bet.com\/wp-content\/uploads\/2026\/03\/Rooksbet-banner-mobile.webp\" class=\"w-100 d-none d-md-block d-lg-none main-banner-img\" alt=\"rooksbet bonus mobile\" fetchpriority=\"high\" decoding=\"async\"><img src=\"https:\/\/rooks-bet.com\/wp-content\/uploads\/2026\/03\/Rooksbet-banner-mobile.webp\" class=\"w-100 d-md-none\" alt=\"rooksbet bonus mobile\" fetchpriority=\"high\" decoding=\"async\"><div class=\"banner-description\">\n<div class=\"banner-title\">Willkommensboni<\/div>\n<p class=\"banner-header-title\">\u20ac1,500<\/p>\n<div class=\"banner-header-AdditionalText\">+ 250 Freispiele<\/div>\n<button data-item=\"homepage_banner_link\" class=\"goto m-button m-gradient-border m-button--primary m-button--large banner-button btn-orange\">\n            <div class=\"m-button-content\">\n                <span>Jetzt anmelden<\/span>\n                <span><\/span>\n            <\/div>\n        <\/button>\n<\/div>\n<div class=\"WelcomePack\">\n<p><img loading=\"lazy\" decoding=\"async\" class=\"alignnone size-full wp-image-1646\" src=\"https:\/\/rooks-bet.com\/wp-content\/uploads\/2026\/03\/welcome-crown.png\" alt=\"welcome crown\" width=\"25\" height=\"26\" \/><\/p>\n<div class=\"WelcomePack-Info\">W\u00f6chentlicher Cashback von bis zu 25 %<\/div>\n<p><img loading=\"lazy\" decoding=\"async\" class=\"alignnone size-full wp-image-1646\" src=\"https:\/\/rooks-bet.com\/wp-content\/uploads\/2026\/03\/welcome-crown.png\" alt=\"welcome crown\" width=\"25\" height=\"26\" \/><\/p>\n<\/div>\n<\/div>\n<h2>Funktionen der Rooksbet App<\/h2>\n<p>Die Rooksbet App verf\u00fcgt \u00fcber eine Kombination von Funktionen, die durch Funktionalit\u00e4t und Praktikabilit\u00e4t \u00fcberzeugen. Sie k\u00f6nnen das Spielerlebnis auf dem Smartphone drastisch verbessern. Die benutzerfreundliche Oberfl\u00e4che erleichtert die Navigation und Sie k\u00f6nnen eine gro\u00dfe Auswahl an Online-Slots, Tischspielen und atmosph\u00e4rischen Buchsammlungen genie\u00dfen, die wir anbieten. Wir haben viele wirklich interessante Vorteile f\u00fcr Sie:<\/p>\n<ul>\n<li>Integrierte Boni und Werbeaktionen<\/li>\n<li>Echtzeit-Turniere<\/li>\n<li>Sichere Transaktionen<\/li>\n<li>Sofortiger Zugriff auf Ihre Rooksbet Casino-Kontoverwaltungstools<\/li>\n<li>24-Stunden-Zugriff auf alle Casino-Funktionen wie Einzahlungen, Auszahlungen, Verifizierungsprozess und Spielverlauf \u00fcber die Rooksbet App<\/li>\n<li>Einfacher und schneller als die Verwendung eines PCs, was m\u00fchsam sein kann<\/li>\n<li>Anpassungsf\u00e4higes Design, das Touch-Steuerung f\u00fcr ein nahtloses mobiles Spielerlebnis erm\u00f6glicht<\/li>\n<li>Desktop-\u00e4hnliches Erlebnis auf einem Mobiltelefon<\/li>\n<\/ul>\n<p>In der App k\u00f6nnen Sie auch an Live-Spielen teilnehmen, wenn diese laufen, und in Echtzeit Geld gewinnen. Das Design konzentriert sich auf Geschwindigkeit und Zuverl\u00e4ssigkeit, reduziert die Ladezeit und bietet auch auf weniger leistungsstarken Ger\u00e4ten ein fl\u00fcssiges Spielerlebnis.<\/p>\n<p><div class=\"scrollable-content-wrap my-5\"><div class=\"scrollable-content-inner\"><h2>Rooksbet App f\u00fcr Android<\/h2>\n<p>Die Android-App von Rooksbet ist ebenfalls eine Progressive Web Application (PWA). Sie werden sicherlich enorme Vorteile genie\u00dfen, wie sie auch bei herk\u00f6mmlichen APK-Anwendungen zu finden sind. Diese Version ist nicht schwer und l\u00e4dt daher schnell und erfordert kein Tarring oder Herunterladen aus anderen Quellen oder App-Stores. Rooksbet Casino PWA bietet ein komplettes Servicepaket, das Echtzeit-Updates, Sicherheit und Kompatibilit\u00e4t mit einer Vielzahl von Android-Ger\u00e4ten umfasst.<\/p>\n<p><img loading=\"lazy\" decoding=\"async\" src=\"https:\/\/rooks-bet.com\/wp-content\/uploads\/Rooksbet-Android-App.webp\" alt=\"Rooksbet Android App\" width=\"1248\" height=\"536\" \/><\/p>\n<\/div><\/div><div style=\"clear: both\"><\/div><div class=\"d-flex justify-content-center\"><button data-item=\"decouvrez_link\" data-group=\"website_links\" class=\"goto fw-bold rounded-pill btn btn-orange\" aria-label=\"Laden Sie die Rooksbet-App herunter\" >Laden Sie die Rooksbet-App herunter<\/button><\/div><div class=\"scrollable-content-wrap my-5\"><div class=\"scrollable-content-inner\"><h2>Sicherheitsberechtigungen<\/h2>\n<p>Bei der Rooks Bet App steht die Sicherheit der Nutzer im Vordergrund, weshalb sie sich streng an Sicherheitsstandards h\u00e4lt. Die PWA l\u00e4uft ebenfalls \u00fcber HTTPS, was sichere Transaktionen und ein sicheres Spiel garantiert. Au\u00dferdem fordert die Rooksbet App nur sehr wenige Berechtigungen an, n\u00e4mlich nur die erforderlichen Funktionen wie Benachrichtigungen oder Zugriff auf den Ger\u00e4tespeicher, wenn dies erforderlich ist, wodurch die Privatsph\u00e4re der Nutzer jederzeit gewahrt bleibt.<\/p>\n<h2>Rooksbet App f\u00fcr iOS<\/h2>\n<p>Auch Besitzer von Apple-Produkten werden nicht entt\u00e4uscht sein. Die Rooksbet App Version f\u00fcr iOS verf\u00fcgt \u00fcber ein ausgekl\u00fcgeltes Spieldesign und technische Eigenschaften. Wir haben sie speziell f\u00fcr Nutzer von Apple-Ger\u00e4ten angepasst. Sie verf\u00fcgt au\u00dferdem \u00fcber eine fl\u00fcssige, benutzerfreundliche Oberfl\u00e4che, die sich an iPhone- und iPad-Bildschirme anpasst und die benutzerfreundliche Navigation und Ladegeschwindigkeit der Spiele beibeh\u00e4lt. Die Anwendung ist auch mit allen grundlegenden Funktionen kompatibel, wie z. B. Live-Chat-Support, Kontoverifizierung und Abwicklung von Banktransaktionen, jedoch in einer sicheren Umgebung, die den strengen Standards von Apple entspricht. Aber das m\u00fcssen Sie \u00fcber die Rooksbet Casino PWA-App wissen:<\/p>\n<table>\n<tbody>\n<tr>\n<td>Funktion<\/td>\n<td>Was Apple-Besitzer wissen m\u00fcssen<\/td>\n<\/tr>\n<tr>\n<td>Optimiert f\u00fcr iOS-Ger\u00e4te<\/td>\n<td>Unterst\u00fctzt wichtige Funktionen wie die Korrespondenz mit dem Support-Team, die Kontoverifizierung und Banktransaktionen in einer sicheren Umgebung.<\/td>\n<\/tr>\n<tr>\n<td>Bequeme Navigation<\/td>\n<td>Einfache Navigation mit pr\u00e4zisen, reaktionsschnellen Steuerelementen, die speziell f\u00fcr Touchscreens entwickelt wurden.<\/td>\n<\/tr>\n<tr>\n<td>Schnelle Ladezeiten<\/td>\n<td>Schnelle Ladezeiten f\u00fcr Spiele und Funktionen garantieren ein fl\u00fcssiges Spielerlebnis.<\/td>\n<\/tr>\n<tr>\n<td>Strenge Sicherheitsstandards<\/td>\n<td>H\u00e4lt hohe Sicherheitsstandards gem\u00e4\u00df den strengen Richtlinien von Apple ein.<\/td>\n<\/tr>\n<tr>\n<td>Einhaltung der Sicherheitsrichtlinien von Apple<\/td>\n<td>Wir setzen starke Verschl\u00fcsselung, sichere Authentifizierung und Sandboxing ein, um Benutzerdaten zu sch\u00fctzen. Wir m\u00fcssen die Zustimmung der Benutzer zur Datenerfassung einholen, regelm\u00e4\u00dfig Updates zur Behebung von Sicherheitsl\u00fccken durchf\u00fchren und uns einer gr\u00fcndlichen \u00dcberpr\u00fcfung unterziehen, um Malware zu verhindern.<\/td>\n<\/tr>\n<tr>\n<td>Zuverl\u00e4ssige Leistung<\/td>\n<td>Bietet eine angenehme Spielsimulation ohne Verz\u00f6gerungen oder Unterbrechungen.<\/td>\n<\/tr>\n<tr>\n<td>Sichere Transaktionen<\/td>\n<td>Gew\u00e4hrleistet Sicherheit bei Ein- und Auszahlungen sowie bei der Verwaltung des Rooksbet Casino-Kontos.<\/td>\n<\/tr>\n<\/tbody>\n<\/table>\n<p>Die iOS-Anwendung macht das Spielen von Online-Slots, die Interaktion mit Live-Dealern und die Teilnahme an Turnieren einfach und unterhaltsam (sowohl zum Zuschauen als auch zum Mitmachen) f\u00fcr alle Produkte. Sie funktioniert gut, reagiert sehr schnell und verf\u00fcgt \u00fcber die besten Touch-Steuerungen, was das mobile Casino-Erlebnis verbessert.<\/p>\n<p><img loading=\"lazy\" decoding=\"async\" src=\"https:\/\/rooks-bet.com\/wp-content\/uploads\/Rooksbet-iOS-App.webp\" alt=\"Rooksbet iOS App\" width=\"1248\" height=\"536\" \/><\/p>\n<\/div><\/div><div style=\"clear: both\"><\/div><div class=\"d-flex justify-content-center\"><button data-item=\"decouvrez_link\" data-group=\"website_links\" class=\"goto fw-bold rounded-pill btn btn-orange\" aria-label=\"Rooksbet herunterladen\" >Rooksbet herunterladen<\/button><\/div><div class=\"scrollable-content-wrap my-5\"><div class=\"scrollable-content-inner\"><h2>Rooks Bet Casino Desktop-Version<\/h2>\n<p>Rooksbet Casino bietet auch eine vollst\u00e4ndige Desktop-Version, die mit Windows und macOS kompatibel ist. Wir haben sie f\u00fcr diejenigen entwickelt, die es vorziehen, auf gro\u00dfen Bildschirmen zu spielen. Die Desktop-Plattform unterst\u00fctzt alles, was auch die mobile Plattform bietet, wie Live-Chat-Support, Spielanpassung und Kontoverwaltung. Sie verf\u00fcgt \u00fcber eine leistungsstarke Umgebung f\u00fcr jeden Geschmack. Da es sich um eine voll funktionsf\u00e4hige Version handelt, k\u00f6nnen Sie Ihr Pokerspiel oder das Gl\u00fccksrad auf gro\u00dfen Monitoren verfolgen und haben so einen detaillierten \u00dcberblick \u00fcber alle Spieloptionen.<\/p>\n<p>Die Desktop-Version von Rooksbet Casino ist mit schnellem Internet und hochaufl\u00f6senden Bildschirmen kompatibel. All dies macht unsere Rooksbet App zur besten Option f\u00fcr Spieler, die ein umfassendes Spielerlebnis mit reichhaltigeren Grafiken und immersiveren Soundeffekten sch\u00e4tzen.<\/p>\n<p><img loading=\"lazy\" decoding=\"async\" src=\"https:\/\/rooks-bet.com\/wp-content\/uploads\/Rooksbet-Desktop.webp\" alt=\"Rooksbet Desktop\" width=\"1248\" height=\"536\" \/><\/p>\n<\/div><\/div><div style=\"clear: both\"><\/div><div class=\"d-flex justify-content-center\"><button data-item=\"decouvrez_link\" data-group=\"website_links\" class=\"goto fw-bold rounded-pill btn btn-orange\" aria-label=\"Laden Sie die Rooksbet-App herunter\" >Laden Sie die Rooksbet-App herunter<\/button><\/div><div class=\"scrollable-content-wrap my-5\"><div class=\"scrollable-content-inner\"><h2>Optimierte Benutzeroberfl\u00e4che f\u00fcr Touch-Steuerung<\/h2>\n<p>Das Rooksbet Mobile Casino eignet sich auch hervorragend f\u00fcr Touch-Ger\u00e4te, und die Benutzeroberfl\u00e4che funktioniert perfekt auf Touchscreens, sodass alle Schaltfl\u00e4chen, Men\u00fcs und andere spielbezogene Funktionen leicht erreichbar und steuerbar sind. Das Design passt sich an jede Bildschirmgr\u00f6\u00dfe an \u2013 auf Smartphones, Tablets, iPads \u2013 und bietet ein cooles, komfortables Spielerlebnis.<\/p>\n<p>Es handelt sich um eine optimierte Benutzeroberfl\u00e4che, die die Navigation durch Spielkategorien, Kontoeinstellungen und Aktionsbereiche erleichtert, sodass Spieler ihre Lieblingsspiele ohne Unterbrechungen genie\u00dfen k\u00f6nnen.<\/p>\n<h2>H\u00e4ufig gestellte Fragen<\/h2>\n<h3>Ist die App f\u00fcr Tablets und gr\u00f6\u00dfere Bildschirme optimiert?<\/h3>\n<p>Die Rooksbet App ist f\u00fcr Tablets und gr\u00f6\u00dfere Bildschirme optimiert \u2013 wir m\u00f6chten alle Spieler zufriedenstellen! Unabh\u00e4ngig von der Gr\u00f6\u00dfe Ihres Ger\u00e4ts k\u00f6nnen Sie die Spiele von Rooks Bet Casino genie\u00dfen. Vor allem unsere coolen Slots sehen auf dem Bildschirm gro\u00dfartig aus.<\/p>\n<h3>Wird die PWA automatisch aktualisiert?<\/h3>\n<p>Ja. Die Rooksbet Casino PWA aktualisiert sich automatisch im Hintergrund, sobald eine neue Version verf\u00fcgbar ist. So wird sichergestellt, dass die Spieler immer \u00fcber die neuesten Funktionen, Sicherheitspatches und Leistungsverbesserungen verf\u00fcgen, ohne dies manuell tun zu m\u00fcssen.<\/p>\n<h3>Sind alle Rooks Bet Casino-Spiele in der App verf\u00fcgbar?<\/h3>\n<p>Die Rooksbet App bietet Nutzern die gesamte Auswahl an Online-Slots, Tischspielen und Live-Dealer-Produkten, die auch auf dem Desktop verf\u00fcgbar sind. Sie m\u00fcssen sich keine Sorgen machen, dass Sie etwas verpassen, denn Sie haben Zugriff auf alle Angebote von Rooks Bet \u2013 unseren gesamten Katalog mit 6.000 Spielen, die M\u00f6glichkeit, an Online-Wettbewerben teilzunehmen, sowie neue Ver\u00f6ffentlichungen und beliebte Titel und somit ein umfassendes Spielerlebnis auf allen Ger\u00e4ten.<\/p>\n<\/div><\/div><\/p>\n","protected":false},"excerpt":{"rendered":"<p>Rooksbet Mobile Plattform Die Rooksbet App ist eine bahnbrechende Neuerung f\u00fcr Online-Gl\u00fccksspiele. Diese elegante, effiziente App ist praktisch und einfach auf Mobilger\u00e4ten zu bedienen. Sie k\u00f6nnen auf Ihrem Mobilger\u00e4t oder bequem von zu Hause aus spielen. Die Rooks Bet Casino-Anwendung bietet Ihnen alle notwendigen Funktionen auf Knopfdruck; Sie werden auf jedem Ger\u00e4t Ihrer Wahl ein [&hellip;]<\/p>\n","protected":false},"author":1,"featured_media":0,"parent":0,"menu_order":0,"comment_status":"closed","ping_status":"closed","template":"template-builder.php","meta":{"_acf_changed":false,"inline_featured_image":false,"footnotes":""},"class_list":["post-1816","page","type-page","status-publish","hentry"],"acf":[],"yoast_head":"<!-- This site is optimized with the Yoast SEO plugin v27.3 - https:\/\/yoast.com\/product\/yoast-seo-wordpress\/ -->\n<title>Rooksbet App | Offizielle App f\u00fcr Android &amp; iOS<\/title>\n<meta name=\"description\" content=\"Laden Sie die offizielle Rooksbet App f\u00fcr Android und iOS herunter und genie\u00dfen Sie Slots, Tischspiele und Live-Casino auf Ihrem Mobilger\u00e4t. Schneller Zugriff und volle Funktionen mit Rooks Bet.\" \/>\n<meta name=\"robots\" content=\"index, follow, max-snippet:-1, max-image-preview:large, max-video-preview:-1\" \/>\n<link rel=\"canonical\" href=\"https:\/\/rooks-bet.com\/de\/app\/\" \/>\n<meta property=\"og:locale\" content=\"de_DE\" \/>\n<meta property=\"og:type\" content=\"article\" \/>\n<meta property=\"og:title\" content=\"Rooksbet App | Offizielle App f\u00fcr Android &amp; iOS\" \/>\n<meta property=\"og:description\" content=\"Laden Sie die offizielle Rooksbet App f\u00fcr Android und iOS herunter und genie\u00dfen Sie Slots, Tischspiele und Live-Casino auf Ihrem Mobilger\u00e4t. Schneller Zugriff und volle Funktionen mit Rooks Bet.\" \/>\n<meta property=\"og:url\" content=\"https:\/\/rooks-bet.com\/de\/app\/\" \/>\n<meta property=\"og:site_name\" content=\"rooksbet\" \/>\n<meta property=\"article:modified_time\" content=\"2026-03-12T06:40:14+00:00\" \/>\n<meta name=\"twitter:card\" content=\"summary_large_image\" \/>\n<meta name=\"twitter:label1\" content=\"Gesch\u00e4tzte Lesezeit\" \/>\n\t<meta name=\"twitter:data1\" content=\"1\u00a0Minute\" \/>\n<script type=\"application\/ld+json\" class=\"yoast-schema-graph\">{\"@context\":\"https:\\\/\\\/schema.org\",\"@graph\":[{\"@type\":\"WebPage\",\"@id\":\"https:\\\/\\\/rooks-bet.com\\\/de\\\/app\\\/\",\"url\":\"https:\\\/\\\/rooks-bet.com\\\/de\\\/app\\\/\",\"name\":\"Rooksbet App | Offizielle App f\u00fcr Android & iOS\",\"isPartOf\":{\"@id\":\"https:\\\/\\\/rooks-bet.com\\\/de\\\/#website\"},\"datePublished\":\"2026-03-11T14:24:23+00:00\",\"dateModified\":\"2026-03-12T06:40:14+00:00\",\"description\":\"Laden Sie die offizielle Rooksbet App f\u00fcr Android und iOS herunter und genie\u00dfen Sie Slots, Tischspiele und Live-Casino auf Ihrem Mobilger\u00e4t. Schneller Zugriff und volle Funktionen mit Rooks Bet.\",\"breadcrumb\":{\"@id\":\"https:\\\/\\\/rooks-bet.com\\\/de\\\/app\\\/#breadcrumb\"},\"inLanguage\":\"de\",\"potentialAction\":[{\"@type\":\"ReadAction\",\"target\":[\"https:\\\/\\\/rooks-bet.com\\\/de\\\/app\\\/\"]}]},{\"@type\":\"BreadcrumbList\",\"@id\":\"https:\\\/\\\/rooks-bet.com\\\/de\\\/app\\\/#breadcrumb\",\"itemListElement\":[{\"@type\":\"ListItem\",\"position\":1,\"name\":\"Rooksbet\",\"item\":\"https:\\\/\\\/rooks-bet.com\\\/de\\\/\"},{\"@type\":\"ListItem\",\"position\":2,\"name\":\"App\"}]},{\"@type\":\"WebSite\",\"@id\":\"https:\\\/\\\/rooks-bet.com\\\/de\\\/#website\",\"url\":\"https:\\\/\\\/rooks-bet.com\\\/de\\\/\",\"name\":\"Rooksbet\",\"description\":\"\",\"publisher\":{\"@id\":\"https:\\\/\\\/rooks-bet.com\\\/de\\\/#organization\"},\"potentialAction\":[{\"@type\":\"SearchAction\",\"target\":{\"@type\":\"EntryPoint\",\"urlTemplate\":\"https:\\\/\\\/rooks-bet.com\\\/de\\\/?s={search_term_string}\"},\"query-input\":{\"@type\":\"PropertyValueSpecification\",\"valueRequired\":true,\"valueName\":\"search_term_string\"}}],\"inLanguage\":\"de\"},{\"@type\":\"Organization\",\"@id\":\"https:\\\/\\\/rooks-bet.com\\\/de\\\/#organization\",\"name\":\"Rooksbet\",\"url\":\"https:\\\/\\\/rooks-bet.com\\\/de\\\/\",\"logo\":{\"@type\":\"ImageObject\",\"inLanguage\":\"de\",\"@id\":\"https:\\\/\\\/rooks-bet.com\\\/de\\\/#\\\/schema\\\/logo\\\/image\\\/\",\"url\":\"https:\\\/\\\/rooks-bet.com\\\/wp-content\\\/uploads\\\/2025\\\/07\\\/80u1FaquEZeR6OUTeJCc.png\",\"contentUrl\":\"https:\\\/\\\/rooks-bet.com\\\/wp-content\\\/uploads\\\/2025\\\/07\\\/80u1FaquEZeR6OUTeJCc.png\",\"width\":167,\"height\":44,\"caption\":\"Rooksbet\"},\"image\":{\"@id\":\"https:\\\/\\\/rooks-bet.com\\\/de\\\/#\\\/schema\\\/logo\\\/image\\\/\"}}]}<\/script>\n<!-- \/ Yoast SEO plugin. -->","yoast_head_json":{"title":"Rooksbet App | Offizielle App f\u00fcr Android & iOS","description":"Laden Sie die offizielle Rooksbet App f\u00fcr Android und iOS herunter und genie\u00dfen Sie Slots, Tischspiele und Live-Casino auf Ihrem Mobilger\u00e4t. Schneller Zugriff und volle Funktionen mit Rooks Bet.","robots":{"index":"index","follow":"follow","max-snippet":"max-snippet:-1","max-image-preview":"max-image-preview:large","max-video-preview":"max-video-preview:-1"},"canonical":"https:\/\/rooks-bet.com\/de\/app\/","og_locale":"de_DE","og_type":"article","og_title":"Rooksbet App | Offizielle App f\u00fcr Android & iOS","og_description":"Laden Sie die offizielle Rooksbet App f\u00fcr Android und iOS herunter und genie\u00dfen Sie Slots, Tischspiele und Live-Casino auf Ihrem Mobilger\u00e4t. Schneller Zugriff und volle Funktionen mit Rooks Bet.","og_url":"https:\/\/rooks-bet.com\/de\/app\/","og_site_name":"rooksbet","article_modified_time":"2026-03-12T06:40:14+00:00","twitter_card":"summary_large_image","twitter_misc":{"Gesch\u00e4tzte Lesezeit":"1\u00a0Minute"},"schema":{"@context":"https:\/\/schema.org","@graph":[{"@type":"WebPage","@id":"https:\/\/rooks-bet.com\/de\/app\/","url":"https:\/\/rooks-bet.com\/de\/app\/","name":"Rooksbet App | Offizielle App f\u00fcr Android & iOS","isPartOf":{"@id":"https:\/\/rooks-bet.com\/de\/#website"},"datePublished":"2026-03-11T14:24:23+00:00","dateModified":"2026-03-12T06:40:14+00:00","description":"Laden Sie die offizielle Rooksbet App f\u00fcr Android und iOS herunter und genie\u00dfen Sie Slots, Tischspiele und Live-Casino auf Ihrem Mobilger\u00e4t. Schneller Zugriff und volle Funktionen mit Rooks Bet.","breadcrumb":{"@id":"https:\/\/rooks-bet.com\/de\/app\/#breadcrumb"},"inLanguage":"de","potentialAction":[{"@type":"ReadAction","target":["https:\/\/rooks-bet.com\/de\/app\/"]}]},{"@type":"BreadcrumbList","@id":"https:\/\/rooks-bet.com\/de\/app\/#breadcrumb","itemListElement":[{"@type":"ListItem","position":1,"name":"Rooksbet","item":"https:\/\/rooks-bet.com\/de\/"},{"@type":"ListItem","position":2,"name":"App"}]},{"@type":"WebSite","@id":"https:\/\/rooks-bet.com\/de\/#website","url":"https:\/\/rooks-bet.com\/de\/","name":"Rooksbet","description":"","publisher":{"@id":"https:\/\/rooks-bet.com\/de\/#organization"},"potentialAction":[{"@type":"SearchAction","target":{"@type":"EntryPoint","urlTemplate":"https:\/\/rooks-bet.com\/de\/?s={search_term_string}"},"query-input":{"@type":"PropertyValueSpecification","valueRequired":true,"valueName":"search_term_string"}}],"inLanguage":"de"},{"@type":"Organization","@id":"https:\/\/rooks-bet.com\/de\/#organization","name":"Rooksbet","url":"https:\/\/rooks-bet.com\/de\/","logo":{"@type":"ImageObject","inLanguage":"de","@id":"https:\/\/rooks-bet.com\/de\/#\/schema\/logo\/image\/","url":"https:\/\/rooks-bet.com\/wp-content\/uploads\/2025\/07\/80u1FaquEZeR6OUTeJCc.png","contentUrl":"https:\/\/rooks-bet.com\/wp-content\/uploads\/2025\/07\/80u1FaquEZeR6OUTeJCc.png","width":167,"height":44,"caption":"Rooksbet"},"image":{"@id":"https:\/\/rooks-bet.com\/de\/#\/schema\/logo\/image\/"}}]}},"_links":{"self":[{"href":"https:\/\/rooks-bet.com\/de\/wp-json\/wp\/v2\/pages\/1816","targetHints":{"allow":["GET"]}}],"collection":[{"href":"https:\/\/rooks-bet.com\/de\/wp-json\/wp\/v2\/pages"}],"about":[{"href":"https:\/\/rooks-bet.com\/de\/wp-json\/wp\/v2\/types\/page"}],"author":[{"embeddable":true,"href":"https:\/\/rooks-bet.com\/de\/wp-json\/wp\/v2\/users\/1"}],"replies":[{"embeddable":true,"href":"https:\/\/rooks-bet.com\/de\/wp-json\/wp\/v2\/comments?post=1816"}],"version-history":[{"count":2,"href":"https:\/\/rooks-bet.com\/de\/wp-json\/wp\/v2\/pages\/1816\/revisions"}],"predecessor-version":[{"id":2049,"href":"https:\/\/rooks-bet.com\/de\/wp-json\/wp\/v2\/pages\/1816\/revisions\/2049"}],"wp:attachment":[{"href":"https:\/\/rooks-bet.com\/de\/wp-json\/wp\/v2\/media?parent=1816"}],"curies":[{"name":"wp","href":"https:\/\/api.w.org\/{rel}","templated":true}]}}