{"id":1859,"date":"2026-03-11T14:30:37","date_gmt":"2026-03-11T14:30:37","guid":{"rendered":"https:\/\/rooks-bet.com\/login-and-registration\/"},"modified":"2026-03-12T06:44:25","modified_gmt":"2026-03-12T06:44:25","slug":"anmeldung-und-registrierung","status":"publish","type":"page","link":"https:\/\/rooks-bet.com\/de\/anmeldung-und-registrierung\/","title":{"rendered":"Anmeldung und Registrierung"},"content":{"rendered":"<h1>Rooksbet Kontoanmeldung und Registrierung<\/h1>\n<p>Sobald Sie den Nervenkitzel unseres Casinos erlebt haben, werden Sie feststellen, dass Sie das Spiel ohne die unverzichtbare Rooksbet Login nicht genie\u00dfen k\u00f6nnen, um alle spannenden Funktionen freizuschalten und gro\u00dfe Gewinne zu erzielen. Wenn Sie ein Konto bei uns erstellen, schlie\u00dfen Sie sich Tausenden von erfolgreichen Spielern an, die genau wie Sie die erstaunlichen Hightech-Funktionen genie\u00dfen und an Turnieren teilnehmen. Sie gewinnen auch in Lotterien und E-Sport-Wettbewerben, erschlie\u00dfen das Potenzial f\u00fcr Reicht\u00fcmer und entspannen sich einfach beim Spielen ihrer Lieblingsspiele.<\/p>\n<p><div class=\"banner-wrap\" aria-label=\"Banner\"><img src=\"https:\/\/rooks-bet.com\/wp-content\/uploads\/2026\/03\/Rooksbet-banner-desktop.webp\" class=\"w-100 d-none d-lg-block img-pc main-banner-img\" alt=\"rooksbet bonus desktop\" fetchpriority=\"high\" decoding=\"async\"><img src=\"https:\/\/rooks-bet.com\/wp-content\/uploads\/2026\/03\/Rooksbet-banner-mobile.webp\" class=\"w-100 d-none d-md-block d-lg-none main-banner-img\" alt=\"rooksbet bonus mobile\" fetchpriority=\"high\" decoding=\"async\"><img src=\"https:\/\/rooks-bet.com\/wp-content\/uploads\/2026\/03\/Rooksbet-banner-mobile.webp\" class=\"w-100 d-md-none\" alt=\"rooksbet bonus mobile\" fetchpriority=\"high\" decoding=\"async\"><div class=\"banner-description\">\n<div class=\"banner-title\">Willkommensboni<\/div>\n<p class=\"banner-header-title\">\u20ac1,500<\/p>\n<div class=\"banner-header-AdditionalText\">+ 250 Freispiele<\/div>\n<button data-item=\"homepage_banner_link\" class=\"goto m-button m-gradient-border m-button--primary m-button--large banner-button btn-orange\">\n            <div class=\"m-button-content\">\n                <span>Jetzt anmelden<\/span>\n                <span><\/span>\n            <\/div>\n        <\/button>\n<\/div>\n<div class=\"WelcomePack\">\n<p><img loading=\"lazy\" decoding=\"async\" class=\"alignnone size-full wp-image-1646\" src=\"https:\/\/rooks-bet.com\/wp-content\/uploads\/2026\/03\/welcome-crown.png\" alt=\"welcome crown\" width=\"25\" height=\"26\" \/><\/p>\n<div class=\"WelcomePack-Info\">W\u00f6chentlicher Cashback von bis zu 25 %<\/div>\n<p><img loading=\"lazy\" decoding=\"async\" class=\"alignnone size-full wp-image-1646\" src=\"https:\/\/rooks-bet.com\/wp-content\/uploads\/2026\/03\/welcome-crown.png\" alt=\"welcome crown\" width=\"25\" height=\"26\" \/><\/p>\n<\/div>\n<\/div><div class=\"scrollable-content-wrap my-5\"><div class=\"scrollable-content-inner\"><h2>Rooksbet Registrierungsverfahren<\/h2>\n<p>Die Erstellung eines Kontos bei Rooksbet Casino ist der entscheidende Schritt zu einer Vielzahl von Spielm\u00f6glichkeiten. Die Registrierung ist schnell und sicher, und unsere Nutzer haben Zugriff auf ihr pers\u00f6nliches Dashboard, wo sie sowohl Geld einzahlen, an Werbeaktionen teilnehmen als auch die gro\u00dfe Auswahl an Spielen entdecken k\u00f6nnen.<\/p>\n<p>Ein Konto hat eine Reihe von Vorteilen: personalisierte Spielvorschl\u00e4ge, Zugang zu Sonderangeboten und die M\u00f6glichkeit, Ein- und Auszahlungen ganz einfach vorzunehmen. Bei der Registrierung geben die Spieler nur sehr wenige pers\u00f6nliche Daten ein, und dies unterliegt strengen Datenschutzbestimmungen und Verschl\u00fcsselungsma\u00dfnahmen \u2013 TLS 1.3. Sind Sie bereit, sich bei Rooks Bet Casino zu registrieren? Die Registrierung umfasst die folgenden wichtigen Schritte:<\/p>\n<ol>\n<li>Aufrufen der Rooksbet Casino Homepage;<\/li>\n<li>Klicken Sie auf die Schaltfl\u00e4che \u201eRegistrieren\u201c.<\/li>\n<li>Akzeptieren Sie die Richtlinien und Regeln, wie z. B. die Alters\u00fcberpr\u00fcfung und unsere Allgemeinen Gesch\u00e4ftsbedingungen \u2013 nehmen Sie sich Zeit, diese zu lesen.<\/li>\n<li>Verifizieren Sie Ihr Konto \u00fcber den Verifizierungslink in der E-Mail-Adresse.<\/li>\n<\/ol>\n<p>Wenn Sie bei uns sind, passt alles zusammen. Wir haben endlich den besten Spieler, den es gibt. Vielen Dank!<\/p>\n<h2>\u00c4ndern pers\u00f6nlicher Daten<\/h2>\n<p>Sie haben sich registriert und sich zum ersten Mal bei Rooksbet angemeldet? Fantastisch! Jetzt empfehlen wir Ihnen jedoch, einige zus\u00e4tzliche Schritte zu unternehmen, um Ihr Konto und Ihre Finanzen zu sch\u00fctzen.<\/p>\n<ol>\n<li>Bitte melden Sie sich bei Rooksbet an.<\/li>\n<li>Gehen Sie zu den Kontoeinstellungen in Ihrem Profil.<\/li>\n<li>Aktivieren Sie die Zwei-Faktor-Authentifizierung und verbinden Sie sich mit Ihrem E-Mail-Konto.<\/li>\n<\/ol>\n<p>Zus\u00e4tzlich:<\/p>\n<ul>\n<li>\u00c4ndern Sie Ihr Rooks Bet-Passwort von Zeit zu Zeit, um Ihr Konto vor betr\u00fcgerischen Personen zu sch\u00fctzen.<\/li>\n<li>Stellen Sie sicher, dass Sie keine Spam-Mails von Rooks Bet erhalten \u2013 von uns erhalten Sie nur Werbematerialien und Codes f\u00fcr tolle Turniere \u2013 keine Links und keine Geldforderungen. Melden Sie solche Vorf\u00e4lle \u00fcber den Live-Chat-Button!<\/li>\n<\/ul>\n<h2>Anmeldeschritte bei Rooksbet<\/h2>\n<p>Das Rooksbet-Konto ist einfach zu bedienen, indem Sie sich einfach anmelden, um auf alle Funktionen zuzugreifen, wie z. B. das Gameplay-Dashboard, das Support-Team, den Einzahlungsbereich, Auszahlungen und die Kontoverwaltung. Die Schritte sind wie folgt:<\/p>\n<p>Aber warten Sie, da Sie ein Rooksbet Casino-Spieler sind, lassen Sie uns dies zu einem interessanten Weg zum Sieg machen.<\/p>\n<table>\n<tbody>\n<tr>\n<td>Mission Schritte<\/td>\n<td>Aktionsdetails<\/td>\n<\/tr>\n<tr>\n<td>Gehen Sie zu unserer Hauptseite<\/td>\n<td>Gehen Sie zur Homepage von Rooksbet Casino \u2013 Ihrem Portal zu Echtgeldspielen.<\/td>\n<\/tr>\n<tr>\n<td>Melden Sie sich im Casino an<\/td>\n<td>Befindet sich in der oberen rechten Ecke; klicken Sie hier, um Ihre Kr\u00e4fte freizusetzen.<\/td>\n<\/tr>\n<tr>\n<td>Geben Sie Ihre Anmeldedaten ein oder melden Sie sich mit Google an<\/td>\n<td>Geben Sie Ihren Benutzernamen, Ihre registrierte E-Mail-Adresse oder Ihr Passwort ein \u2013 Ihr Schl\u00fcssel zum Abenteuer.<\/td>\n<\/tr>\n<tr>\n<td>Beantworten Sie die Sicherheitsfragen und durchlaufen Sie unseren KYC-Verifizierungsprozess<\/td>\n<td>Beantworten Sie alle Sicherheitsfragen unseres Support-Teams, um Ihr Konto zu sch\u00fctzen.<\/td>\n<\/tr>\n<tr>\n<td>Klicken Sie auf \u201eAnmelden\u201c<\/td>\n<td>Klicken Sie auf die Schaltfl\u00e4che, um auf Ihr Konto zuzugreifen und mit dem Spielen zu beginnen.<\/td>\n<\/tr>\n<\/tbody>\n<\/table>\n<p>Nach der Anmeldung bei Rooksbet k\u00f6nnen Spieler Geld einzahlen, an Turnieren teilnehmen, Boni erhalten und ihre Kontoeinstellungen verwalten. Die Plattform sch\u00fctzt alle Informationen durch den Einsatz fortschrittlicher Verschl\u00fcsselungsalgorithmen. Die Anmeldung bei Rooksbet ist also sicher und unterhaltsam!<\/p>\n<p><img loading=\"lazy\" decoding=\"async\" src=\"https:\/\/rooks-bet.com\/wp-content\/uploads\/Rooksbet-Login.webp\" alt=\"Rooksbet Login\" width=\"1248\" height=\"536\" \/><\/p>\n<h2>Rooks Bet Casino Verifizierung<\/h2>\n<p>Wir haben ein KYC-Verfahren f\u00fcr alle unsere Rooksbet Casino Spieler \u2013 es ist obligatorisch. Die \u00dcberpr\u00fcfung ist ein wichtiger Bestandteil f\u00fcr ein sicheres Spiel und die Einhaltung der Regeln und Vorschriften. Der Verifizierungsprozess bei Rooks Bet besteht darin, dass Sie uns Ihre Ausweisdokumente und eine Stromrechnung zusenden, um zu beweisen, dass Sie ein echter Nutzer sind.<\/p>\n<p>Der Prozess umfasst im Allgemeinen Folgendes:<\/p>\n<ul>\n<li>Laden Sie Scans oder Fotos Ihrer Ausweisdokumente in das Konto-Dashboard hoch.<\/li>\n<li>Ein Mitglied unseres mehrsprachigen Supports \u00fcberpr\u00fcft diese, was je nach Umfang der Anfragen in der Regel zwischen einigen Stunden und einigen Tagen dauert.<\/li>\n<li>Nach der \u00dcberpr\u00fcfung k\u00f6nnen Spieler mehr Geld abheben und haben mehr Sicherheit auf ihren Konten. Und mehr Vertrauen von anderen Rooks Bet Casino-Spielern! Das ist wertvoll!<\/li>\n<\/ul>\n<p>Der Verifizierungsprozess verhindert Betrug und Gl\u00fccksspiel durch Minderj\u00e4hrige und sorgt f\u00fcr verantwortungsbewusstes Spielverhalten. Bitte kommen Sie unserer KYC-Anforderung nach und werden Sie Teil unserer herzlichen Community von Fans.<\/p>\n<h2>Zugriff auf das Konto<\/h2>\n<p>Nach der Registrierung k\u00f6nnen Sie jederzeit von verschiedenen Ger\u00e4ten aus auf Ihr Rooksbet-Konto zugreifen. Sie m\u00fcssen also nur Ihre Kontodaten an einem sicheren Ort aufbewahren, z. B. auf einem Blatt Papier notieren oder in Ihr Telefon eingeben.<\/p>\n<p>Alle unsere Spieler k\u00f6nnen Rooksbet Casino auf ihren Desktops, Smartphones, iPads und anderen Tablets genie\u00dfen.<\/p>\n<h2>FAQ<\/h2>\n<h3>Kann ich mich von mehreren Ger\u00e4ten aus anmelden?<\/h3>\n<p>Technisch gesehen k\u00f6nnen Sie sich auf vielen Ger\u00e4ten anmelden. Rooksbet erlaubt die Anmeldung auf mehreren Ger\u00e4ten, was bedeutet, dass Spieler unser Rooksbet Casino gleichzeitig auf jedem ihrer Smartphones, PCs und Tablets nutzen k\u00f6nnen. Sie m\u00fcssen jedoch auch auf die Sicherheit achten. Wenn Sie zu lange angemeldet bleiben, kann unser Sicherheitssystem Verdacht sch\u00f6pfen und Sie abmelden.<\/p>\n<h3>Ist die Anmeldung bei Rooks Bet sicher?<\/h3>\n<p>So sicher wie m\u00f6glich. Rooksbet verwendet die neuesten TLS 1.3-Verschl\u00fcsselungs- und Vertraulichkeitsstandards, um Benutzerdaten w\u00e4hrend der Kontoverwaltung und anderer Aktivit\u00e4ten zu sch\u00fctzen. Um die Sicherheit zu erh\u00f6hen, empfiehlt unsere Website au\u00dferdem die Verwendung sicherer Passw\u00f6rter und bietet optional eine Zwei-Faktor-Authentifizierung an.<\/p>\n<h3>Warum muss ich mein Konto vor der Anmeldung verifizieren?<\/h3>\n<p>Die Verifizierung ist ein Standardverfahren, um die Identit\u00e4t unserer Rooksbet Casino-Spieler zu \u00fcberpr\u00fcfen und Betrug und Scamming zu verhindern. Sie bietet allen Benutzern eine sichere Umgebung, h\u00f6here Auszahlungslimits und andere Kontofunktionen nach Abschluss. Und Sie k\u00f6nnen erst nach Bestehen der KYC-Pr\u00fcfung an unserem VIP-Programm teilnehmen.<\/p>\n<\/div><\/div><\/p>\n","protected":false},"excerpt":{"rendered":"<p>Rooksbet Kontoanmeldung und Registrierung Sobald Sie den Nervenkitzel unseres Casinos erlebt haben, werden Sie feststellen, dass Sie das Spiel ohne die unverzichtbare Rooksbet Login nicht genie\u00dfen k\u00f6nnen, um alle spannenden Funktionen freizuschalten und gro\u00dfe Gewinne zu erzielen. Wenn Sie ein Konto bei uns erstellen, schlie\u00dfen Sie sich Tausenden von erfolgreichen Spielern an, die genau wie [&hellip;]<\/p>\n","protected":false},"author":1,"featured_media":0,"parent":0,"menu_order":0,"comment_status":"closed","ping_status":"closed","template":"template-builder.php","meta":{"_acf_changed":false,"inline_featured_image":false,"footnotes":""},"class_list":["post-1859","page","type-page","status-publish","hentry"],"acf":[],"yoast_head":"<!-- This site is optimized with the Yoast SEO plugin v27.3 - https:\/\/yoast.com\/product\/yoast-seo-wordpress\/ -->\n<title>Rooksbet Login \u2013 Registrierung und Kontozugang<\/title>\n<meta name=\"description\" content=\"Nutzen Sie den Rooksbet Login zur schnellen und sicheren Registrierung oder zum Zugriff auf Ihr Konto. Verwalten Sie Profil, Einzahlungen und Spiele bequem mit Rooks Bet.\" \/>\n<meta name=\"robots\" content=\"index, follow, max-snippet:-1, max-image-preview:large, max-video-preview:-1\" \/>\n<link rel=\"canonical\" href=\"https:\/\/rooks-bet.com\/de\/anmeldung-und-registrierung\/\" \/>\n<meta property=\"og:locale\" content=\"de_DE\" \/>\n<meta property=\"og:type\" content=\"article\" \/>\n<meta property=\"og:title\" content=\"Rooksbet Login \u2013 Registrierung und Kontozugang\" \/>\n<meta property=\"og:description\" content=\"Nutzen Sie den Rooksbet Login zur schnellen und sicheren Registrierung oder zum Zugriff auf Ihr Konto. Verwalten Sie Profil, Einzahlungen und Spiele bequem mit Rooks Bet.\" \/>\n<meta property=\"og:url\" content=\"https:\/\/rooks-bet.com\/de\/anmeldung-und-registrierung\/\" \/>\n<meta property=\"og:site_name\" content=\"rooksbet\" \/>\n<meta property=\"article:modified_time\" content=\"2026-03-12T06:44:25+00:00\" \/>\n<meta name=\"twitter:card\" content=\"summary_large_image\" \/>\n<meta name=\"twitter:label1\" content=\"Gesch\u00e4tzte Lesezeit\" \/>\n\t<meta name=\"twitter:data1\" content=\"1\u00a0Minute\" \/>\n<script type=\"application\/ld+json\" class=\"yoast-schema-graph\">{\"@context\":\"https:\\\/\\\/schema.org\",\"@graph\":[{\"@type\":\"WebPage\",\"@id\":\"https:\\\/\\\/rooks-bet.com\\\/de\\\/anmeldung-und-registrierung\\\/\",\"url\":\"https:\\\/\\\/rooks-bet.com\\\/de\\\/anmeldung-und-registrierung\\\/\",\"name\":\"Rooksbet Login \u2013 Registrierung und Kontozugang\",\"isPartOf\":{\"@id\":\"https:\\\/\\\/rooks-bet.com\\\/de\\\/#website\"},\"datePublished\":\"2026-03-11T14:30:37+00:00\",\"dateModified\":\"2026-03-12T06:44:25+00:00\",\"description\":\"Nutzen Sie den Rooksbet Login zur schnellen und sicheren Registrierung oder zum Zugriff auf Ihr Konto. Verwalten Sie Profil, Einzahlungen und Spiele bequem mit Rooks Bet.\",\"breadcrumb\":{\"@id\":\"https:\\\/\\\/rooks-bet.com\\\/de\\\/anmeldung-und-registrierung\\\/#breadcrumb\"},\"inLanguage\":\"de\",\"potentialAction\":[{\"@type\":\"ReadAction\",\"target\":[\"https:\\\/\\\/rooks-bet.com\\\/de\\\/anmeldung-und-registrierung\\\/\"]}]},{\"@type\":\"BreadcrumbList\",\"@id\":\"https:\\\/\\\/rooks-bet.com\\\/de\\\/anmeldung-und-registrierung\\\/#breadcrumb\",\"itemListElement\":[{\"@type\":\"ListItem\",\"position\":1,\"name\":\"Rooksbet\",\"item\":\"https:\\\/\\\/rooks-bet.com\\\/de\\\/\"},{\"@type\":\"ListItem\",\"position\":2,\"name\":\"Anmeldung und Registrierung\"}]},{\"@type\":\"WebSite\",\"@id\":\"https:\\\/\\\/rooks-bet.com\\\/de\\\/#website\",\"url\":\"https:\\\/\\\/rooks-bet.com\\\/de\\\/\",\"name\":\"Rooksbet\",\"description\":\"\",\"publisher\":{\"@id\":\"https:\\\/\\\/rooks-bet.com\\\/de\\\/#organization\"},\"potentialAction\":[{\"@type\":\"SearchAction\",\"target\":{\"@type\":\"EntryPoint\",\"urlTemplate\":\"https:\\\/\\\/rooks-bet.com\\\/de\\\/?s={search_term_string}\"},\"query-input\":{\"@type\":\"PropertyValueSpecification\",\"valueRequired\":true,\"valueName\":\"search_term_string\"}}],\"inLanguage\":\"de\"},{\"@type\":\"Organization\",\"@id\":\"https:\\\/\\\/rooks-bet.com\\\/de\\\/#organization\",\"name\":\"Rooksbet\",\"url\":\"https:\\\/\\\/rooks-bet.com\\\/de\\\/\",\"logo\":{\"@type\":\"ImageObject\",\"inLanguage\":\"de\",\"@id\":\"https:\\\/\\\/rooks-bet.com\\\/de\\\/#\\\/schema\\\/logo\\\/image\\\/\",\"url\":\"https:\\\/\\\/rooks-bet.com\\\/wp-content\\\/uploads\\\/2025\\\/07\\\/80u1FaquEZeR6OUTeJCc.png\",\"contentUrl\":\"https:\\\/\\\/rooks-bet.com\\\/wp-content\\\/uploads\\\/2025\\\/07\\\/80u1FaquEZeR6OUTeJCc.png\",\"width\":167,\"height\":44,\"caption\":\"Rooksbet\"},\"image\":{\"@id\":\"https:\\\/\\\/rooks-bet.com\\\/de\\\/#\\\/schema\\\/logo\\\/image\\\/\"}}]}<\/script>\n<!-- \/ Yoast SEO plugin. -->","yoast_head_json":{"title":"Rooksbet Login \u2013 Registrierung und Kontozugang","description":"Nutzen Sie den Rooksbet Login zur schnellen und sicheren Registrierung oder zum Zugriff auf Ihr Konto. Verwalten Sie Profil, Einzahlungen und Spiele bequem mit Rooks Bet.","robots":{"index":"index","follow":"follow","max-snippet":"max-snippet:-1","max-image-preview":"max-image-preview:large","max-video-preview":"max-video-preview:-1"},"canonical":"https:\/\/rooks-bet.com\/de\/anmeldung-und-registrierung\/","og_locale":"de_DE","og_type":"article","og_title":"Rooksbet Login \u2013 Registrierung und Kontozugang","og_description":"Nutzen Sie den Rooksbet Login zur schnellen und sicheren Registrierung oder zum Zugriff auf Ihr Konto. Verwalten Sie Profil, Einzahlungen und Spiele bequem mit Rooks Bet.","og_url":"https:\/\/rooks-bet.com\/de\/anmeldung-und-registrierung\/","og_site_name":"rooksbet","article_modified_time":"2026-03-12T06:44:25+00:00","twitter_card":"summary_large_image","twitter_misc":{"Gesch\u00e4tzte Lesezeit":"1\u00a0Minute"},"schema":{"@context":"https:\/\/schema.org","@graph":[{"@type":"WebPage","@id":"https:\/\/rooks-bet.com\/de\/anmeldung-und-registrierung\/","url":"https:\/\/rooks-bet.com\/de\/anmeldung-und-registrierung\/","name":"Rooksbet Login \u2013 Registrierung und Kontozugang","isPartOf":{"@id":"https:\/\/rooks-bet.com\/de\/#website"},"datePublished":"2026-03-11T14:30:37+00:00","dateModified":"2026-03-12T06:44:25+00:00","description":"Nutzen Sie den Rooksbet Login zur schnellen und sicheren Registrierung oder zum Zugriff auf Ihr Konto. Verwalten Sie Profil, Einzahlungen und Spiele bequem mit Rooks Bet.","breadcrumb":{"@id":"https:\/\/rooks-bet.com\/de\/anmeldung-und-registrierung\/#breadcrumb"},"inLanguage":"de","potentialAction":[{"@type":"ReadAction","target":["https:\/\/rooks-bet.com\/de\/anmeldung-und-registrierung\/"]}]},{"@type":"BreadcrumbList","@id":"https:\/\/rooks-bet.com\/de\/anmeldung-und-registrierung\/#breadcrumb","itemListElement":[{"@type":"ListItem","position":1,"name":"Rooksbet","item":"https:\/\/rooks-bet.com\/de\/"},{"@type":"ListItem","position":2,"name":"Anmeldung und Registrierung"}]},{"@type":"WebSite","@id":"https:\/\/rooks-bet.com\/de\/#website","url":"https:\/\/rooks-bet.com\/de\/","name":"Rooksbet","description":"","publisher":{"@id":"https:\/\/rooks-bet.com\/de\/#organization"},"potentialAction":[{"@type":"SearchAction","target":{"@type":"EntryPoint","urlTemplate":"https:\/\/rooks-bet.com\/de\/?s={search_term_string}"},"query-input":{"@type":"PropertyValueSpecification","valueRequired":true,"valueName":"search_term_string"}}],"inLanguage":"de"},{"@type":"Organization","@id":"https:\/\/rooks-bet.com\/de\/#organization","name":"Rooksbet","url":"https:\/\/rooks-bet.com\/de\/","logo":{"@type":"ImageObject","inLanguage":"de","@id":"https:\/\/rooks-bet.com\/de\/#\/schema\/logo\/image\/","url":"https:\/\/rooks-bet.com\/wp-content\/uploads\/2025\/07\/80u1FaquEZeR6OUTeJCc.png","contentUrl":"https:\/\/rooks-bet.com\/wp-content\/uploads\/2025\/07\/80u1FaquEZeR6OUTeJCc.png","width":167,"height":44,"caption":"Rooksbet"},"image":{"@id":"https:\/\/rooks-bet.com\/de\/#\/schema\/logo\/image\/"}}]}},"_links":{"self":[{"href":"https:\/\/rooks-bet.com\/de\/wp-json\/wp\/v2\/pages\/1859","targetHints":{"allow":["GET"]}}],"collection":[{"href":"https:\/\/rooks-bet.com\/de\/wp-json\/wp\/v2\/pages"}],"about":[{"href":"https:\/\/rooks-bet.com\/de\/wp-json\/wp\/v2\/types\/page"}],"author":[{"embeddable":true,"href":"https:\/\/rooks-bet.com\/de\/wp-json\/wp\/v2\/users\/1"}],"replies":[{"embeddable":true,"href":"https:\/\/rooks-bet.com\/de\/wp-json\/wp\/v2\/comments?post=1859"}],"version-history":[{"count":2,"href":"https:\/\/rooks-bet.com\/de\/wp-json\/wp\/v2\/pages\/1859\/revisions"}],"predecessor-version":[{"id":2051,"href":"https:\/\/rooks-bet.com\/de\/wp-json\/wp\/v2\/pages\/1859\/revisions\/2051"}],"wp:attachment":[{"href":"https:\/\/rooks-bet.com\/de\/wp-json\/wp\/v2\/media?parent=1859"}],"curies":[{"name":"wp","href":"https:\/\/api.w.org\/{rel}","templated":true}]}}