{"id":1823,"date":"2026-03-11T14:24:23","date_gmt":"2026-03-11T14:24:23","guid":{"rendered":"https:\/\/rooks-bet.com\/app\/"},"modified":"2026-03-12T08:42:10","modified_gmt":"2026-03-12T08:42:10","slug":"aplicacion","status":"publish","type":"page","link":"https:\/\/rooks-bet.com\/es\/aplicacion\/","title":{"rendered":"Aplicaci\u00f3n"},"content":{"rendered":"<h1>Plataforma m\u00f3vil Rooksbet<\/h1>\n<p>Rooksbet app supone un cambio revolucionario para los juegos de azar en l\u00ednea. Esta aplicaci\u00f3n elegante y eficiente es c\u00f3moda y f\u00e1cil de usar en el m\u00f3vil. Puedes jugar en tu m\u00f3vil o desde la comodidad de tu casa. La aplicaci\u00f3n Rooks Bet Casino tiene todas las funciones necesarias al alcance de tu mano. Los jugadores espa\u00f1oles disfrutar\u00e1n de una experiencia totalmente inmersiva en cualquier dispositivo que elijan.<\/p>\n<div class=\"banner-wrap\" aria-label=\"Banner\"><img src=\"https:\/\/rooks-bet.com\/wp-content\/uploads\/2026\/03\/Rooksbet-banner-desktop.webp\" class=\"w-100 d-none d-lg-block img-pc main-banner-img\" alt=\"rooksbet bonus desktop\" fetchpriority=\"high\" decoding=\"async\"><img src=\"https:\/\/rooks-bet.com\/wp-content\/uploads\/2026\/03\/Rooksbet-banner-mobile.webp\" class=\"w-100 d-none d-md-block d-lg-none main-banner-img\" alt=\"rooksbet bonus mobile\" fetchpriority=\"high\" decoding=\"async\"><img src=\"https:\/\/rooks-bet.com\/wp-content\/uploads\/2026\/03\/Rooksbet-banner-mobile.webp\" class=\"w-100 d-md-none\" alt=\"rooksbet bonus mobile\" fetchpriority=\"high\" decoding=\"async\"><div class=\"banner-description\">\n<div class=\"banner-title\">Bonos de bienvenida<\/div>\n<p class=\"banner-header-title\">\u20ac1,500<\/p>\n<div class=\"banner-header-AdditionalText\">+ 250 Tiradas gratis<\/div>\n<button data-item=\"homepage_banner_link\" class=\"goto m-button m-gradient-border m-button--primary m-button--large banner-button btn-orange\">\n            <div class=\"m-button-content\">\n                <span>Reg\u00edstrate ahora<\/span>\n                <span><\/span>\n            <\/div>\n        <\/button>\n<\/div>\n<div class=\"WelcomePack\">\n<p><img loading=\"lazy\" decoding=\"async\" class=\"alignnone size-full wp-image-1646\" src=\"https:\/\/rooks-bet.com\/wp-content\/uploads\/2026\/03\/welcome-crown.png\" alt=\"welcome crown\" width=\"25\" height=\"26\" \/><\/p>\n<div class=\"WelcomePack-Info\">Reembolso semanal de hasta el 25 %<\/div>\n<p><img loading=\"lazy\" decoding=\"async\" class=\"alignnone size-full wp-image-1646\" src=\"https:\/\/rooks-bet.com\/wp-content\/uploads\/2026\/03\/welcome-crown.png\" alt=\"welcome crown\" width=\"25\" height=\"26\" \/><\/p>\n<\/div>\n<\/div>\n<h2>Caracter\u00edsticas de la aplicaci\u00f3n Rooksbet<\/h2>\n<p>La aplicaci\u00f3n Rooksbet tiene una combinaci\u00f3n de caracter\u00edsticas que impresionan por su funcionalidad y practicidad. Puedes mejorar dr\u00e1sticamente la experiencia de juego en el tel\u00e9fono. Su interfaz f\u00e1cil de usar facilita la navegaci\u00f3n y puedes disfrutar de una amplia gama de tragamonedas en l\u00ednea, juegos de mesa y colecciones de libros atmosf\u00e9ricos que ofrecemos. Tenemos muchas ventajas realmente interesantes para ti:<\/p>\n<ul>\n<li>Bonificaciones y promociones integradas<\/li>\n<li>Torneos en tiempo real<\/li>\n<li>Transacciones seguras<\/li>\n<li>Acceso instant\u00e1neo a las herramientas de gesti\u00f3n de tu cuenta de Rooksbet Casino<\/li>\n<li>Acceso las 24 horas a todas las funciones del casino, como dep\u00f3sitos, retiradas, proceso de verificaci\u00f3n e historial de juego a trav\u00e9s de la aplicaci\u00f3n Rooksbet<\/li>\n<li>M\u00e1s f\u00e1cil y r\u00e1pido que usar un PC, lo cual puede resultar tedioso<\/li>\n<li>Dise\u00f1o adaptable que permite controles t\u00e1ctiles para una experiencia de juego m\u00f3vil perfecta<\/li>\n<li>Experiencia similar a la de un ordenador de sobremesa en un tel\u00e9fono m\u00f3vil<\/li>\n<\/ul>\n<p>En la aplicaci\u00f3n, tambi\u00e9n puedes unirte a juegos en vivo cuando est\u00e1n activos y ganar dinero en tiempo real. El dise\u00f1o se centra en la velocidad y la fiabilidad, reduciendo el tiempo de carga y proporcionando una experiencia de juego fluida incluso en dispositivos menos potentes.<\/p>\n<p><div class=\"scrollable-content-wrap my-5\"><div class=\"scrollable-content-inner\"><h2>Aplicaci\u00f3n Rooksbet para Android<\/h2>\n<p>La aplicaci\u00f3n Rooksbet para Android tambi\u00e9n es una aplicaci\u00f3n web progresiva (PWA). Sin duda, obtendr\u00e1 enormes ventajas, como las de las aplicaciones APK convencionales. Esta versi\u00f3n no es pesada, por lo que se carga r\u00e1pidamente y no requiere ning\u00fan tipo de tarring ni descarga desde otras fuentes o tiendas de aplicaciones. Rooksbet Casino PWA cuenta con un paquete completo de servicios que incluye actualizaciones en tiempo real, seguridad y compatibilidad con una amplia gama de dispositivos Android.<\/p>\n<p><img loading=\"lazy\" decoding=\"async\" src=\"https:\/\/rooks-bet.com\/wp-content\/uploads\/Rooksbet-Android-App.webp\" alt=\"Rooksbet Android App\" width=\"1248\" height=\"536\" \/><\/p>\n<\/div><\/div><div style=\"clear: both\"><\/div><div class=\"d-flex justify-content-center\"><button data-item=\"decouvrez_link\" data-group=\"website_links\" class=\"goto fw-bold rounded-pill btn btn-orange\" aria-label=\"Descarga la aplicaci\u00f3n Rooksbet\" >Descarga la aplicaci\u00f3n Rooksbet<\/button><\/div><div class=\"scrollable-content-wrap my-5\"><div class=\"scrollable-content-inner\"><h2>Permisos de seguridad<\/h2>\n<p>La aplicaci\u00f3n Rooks Bet se centra en la seguridad de los usuarios, por lo que sigue estrictamente las normas de seguridad. La PWA tambi\u00e9n funciona con HTTPS, lo que garantiza la seguridad de las transacciones y el juego. Adem\u00e1s, la aplicaci\u00f3n Rooksbet solicita muy pocos permisos, solo los necesarios, como notificaciones o acceso al almacenamiento del dispositivo cuando es necesario, lo que mantiene intacta la privacidad de los usuarios en todo momento.<\/p>\n<h2>Aplicaci\u00f3n Rooksbet para iOS<\/h2>\n<p>Los propietarios de productos Apple tampoco se sentir\u00e1n decepcionados. La versi\u00f3n de la aplicaci\u00f3n Rooksbet para iOS tiene un sofisticado dise\u00f1o de juego y caracter\u00edsticas tecnol\u00f3gicas. La hemos personalizado para los usuarios de dispositivos Apple. Tambi\u00e9n tiene una interfaz fluida y f\u00e1cil de usar que se adapta a las pantallas del iPhone y el iPad y mantiene la navegaci\u00f3n f\u00e1cil de usar y la velocidad de carga de los juegos. La aplicaci\u00f3n tambi\u00e9n es compatible con todas las funciones b\u00e1sicas, como el chat de asistencia en directo, la verificaci\u00f3n de cuentas y la liquidaci\u00f3n de transacciones bancarias, entre otras funciones, pero en un entorno seguro que cumple con los estrictos est\u00e1ndares de Apple. Pero esto es lo que debes saber sobre la aplicaci\u00f3n PWA de Rooksbet Casino:<\/p>\n<table>\n<tbody>\n<tr>\n<td>Caracter\u00edstica<\/td>\n<td>Lo que deben saber los propietarios de dispositivos Apple<\/td>\n<\/tr>\n<tr>\n<td>Optimizada para dispositivos iOS<\/td>\n<td>Admite funciones esenciales como la correspondencia con el equipo de asistencia, la verificaci\u00f3n de cuentas y las transacciones bancarias en un entorno seguro.<\/td>\n<\/tr>\n<tr>\n<td>Navegaci\u00f3n c\u00f3moda<\/td>\n<td>F\u00e1cil de navegar con controles n\u00edtidos y sensibles adaptados a las pantallas t\u00e1ctiles.<\/td>\n<\/tr>\n<tr>\n<td>Tiempo de carga r\u00e1pido<\/td>\n<td>Los r\u00e1pidos tiempos de carga de los juegos y las funciones garantizan una experiencia de juego fluida.<\/td>\n<\/tr>\n<tr>\n<td>Estrictas normas de seguridad<\/td>\n<td>Mantiene altos est\u00e1ndares de seguridad en l\u00ednea con las estrictas pol\u00edticas de Apple.<\/td>\n<\/tr>\n<tr>\n<td>Cumplimiento de las directrices de seguridad de Apple<\/td>\n<td>Implementamos un cifrado s\u00f3lido, una autenticaci\u00f3n segura y un entorno aislado para proteger los datos de los usuarios. Debemos obtener el consentimiento de los usuarios para la recopilaci\u00f3n de datos, actualizar peri\u00f3dicamente para detectar vulnerabilidades y someternos a una revisi\u00f3n exhaustiva para prevenir el malware.<\/td>\n<\/tr>\n<tr>\n<td>Rendimiento fiable<\/td>\n<td>Ofrece una simulaci\u00f3n de juego agradable sin retrasos ni interrupciones.<\/td>\n<\/tr>\n<tr>\n<td>Transacciones seguras<\/td>\n<td>Garantiza la seguridad de los dep\u00f3sitos, retiradas y gesti\u00f3n de la cuenta de Rooksbet Casino.<\/td>\n<\/tr>\n<\/tbody>\n<\/table>\n<p>La aplicaci\u00f3n para iOS hace que jugar a las tragaperras online, interactuar con crupieres en vivo y participar en torneos sea f\u00e1cil y divertido de ver (y participar) en todos sus productos. Funciona bien, es muy receptiva y tiene los mejores controles t\u00e1ctiles, lo que mejora la experiencia del casino m\u00f3vil.<\/p>\n<p><img loading=\"lazy\" decoding=\"async\" src=\"https:\/\/rooks-bet.com\/wp-content\/uploads\/Rooksbet-iOS-App.webp\" alt=\"Rooksbet iOS App\" width=\"1248\" height=\"536\" \/><\/p>\n<\/div><\/div><div style=\"clear: both\"><\/div><div class=\"d-flex justify-content-center\"><button data-item=\"decouvrez_link\" data-group=\"website_links\" class=\"goto fw-bold rounded-pill btn btn-orange\" aria-label=\"Descargar Rooksbet\" >Descargar Rooksbet<\/button><\/div><div class=\"scrollable-content-wrap my-5\"><div class=\"scrollable-content-inner\"><h2>Versi\u00f3n de escritorio de Rooks Bet Casino<\/h2>\n<p>Rooksbet Casino tambi\u00e9n ofrece una versi\u00f3n completa para ordenador compatible con Windows y macOS. La hemos creado para aquellos que prefieren jugar en pantallas grandes. La plataforma para ordenador es compatible con todo lo que ofrece la plataforma m\u00f3vil, como el chat en vivo, la personalizaci\u00f3n de los juegos y la gesti\u00f3n de la cuenta. Cuenta con un entorno de alto rendimiento para todos los gustos de los jugadores. Por lo tanto, al tratarse de una versi\u00f3n totalmente funcional, puedes ver tu partida de p\u00f3quer o girar la ruleta de la fortuna en monitores grandes para obtener una vista detallada de todas las opciones de juego.<\/p>\n<p>La versi\u00f3n de escritorio de Rooksbet Casino es compatible con Internet r\u00e1pido y pantallas de alta resoluci\u00f3n. Todo esto hace que nuestra aplicaci\u00f3n Rooksbet sea la mejor opci\u00f3n para los jugadores que valoran una experiencia de juego a gran escala con gr\u00e1ficos m\u00e1s ricos y efectos de sonido m\u00e1s envolventes.<\/p>\n<p><img loading=\"lazy\" decoding=\"async\" src=\"https:\/\/rooks-bet.com\/wp-content\/uploads\/Rooksbet-Desktop.webp\" alt=\"Rooksbet Desktop\" width=\"1248\" height=\"536\" \/><\/p>\n<\/div><\/div><div style=\"clear: both\"><\/div><div class=\"d-flex justify-content-center\"><button data-item=\"decouvrez_link\" data-group=\"website_links\" class=\"goto fw-bold rounded-pill btn btn-orange\" aria-label=\"Descarga la aplicaci\u00f3n Rooksbet\" >Descarga la aplicaci\u00f3n Rooksbet<\/button><\/div><div class=\"scrollable-content-wrap my-5\"><div class=\"scrollable-content-inner\"><h2>Interfaz optimizada para controles t\u00e1ctiles<\/h2>\n<p>El casino m\u00f3vil Rooksbet tambi\u00e9n es ideal para dispositivos t\u00e1ctiles, y la interfaz funciona perfectamente con el tacto, lo que hace que todos los botones, men\u00fas y otras funciones relacionadas con el juego sean f\u00e1cilmente accesibles y controlables. El dise\u00f1o se adapta a cualquier tama\u00f1o de pantalla (smartphones, tabletas, iPads) y ofrece una experiencia de juego agradable y c\u00f3moda.<\/p>\n<p>Se trata de una interfaz optimizada que facilita la navegaci\u00f3n por las categor\u00edas de juegos, la configuraci\u00f3n de la cuenta y las secciones promocionales, lo que permite a los jugadores disfrutar de sus t\u00edtulos favoritos sin interrupciones.<\/p>\n<h2>Preguntas frecuentes<\/h2>\n<h3>\u00bfLa aplicaci\u00f3n est\u00e1 optimizada para tabletas y pantallas m\u00e1s grandes?<\/h3>\n<p>La aplicaci\u00f3n Rooksbet est\u00e1 optimizada para tabletas y pantallas m\u00e1s grandes: \u00a1queremos que todos los jugadores est\u00e9n satisfechos! Independientemente del tama\u00f1o de tu dispositivo, podr\u00e1s disfrutar de los juegos de Rooks Bet Casino. Nuestras fant\u00e1sticas tragaperras se ven especialmente bien en pantalla.<\/p>\n<h3>\u00bfLa PWA se actualiza autom\u00e1ticamente?<\/h3>\n<p>S\u00ed. La PWA de Rooksbet Casino se actualiza autom\u00e1ticamente en segundo plano cuando hay una nueva versi\u00f3n disponible. Esto garantiza que los jugadores siempre dispongan de las \u00faltimas funciones, parches de seguridad y mejoras de rendimiento sin tener que hacerlo manualmente.<\/p>\n<h3>\u00bfTodos los juegos de Rooks Bet Casino est\u00e1n disponibles en la aplicaci\u00f3n?<\/h3>\n<p>La aplicaci\u00f3n Rooksbet ofrece a los usuarios la selecci\u00f3n completa de tragamonedas en l\u00ednea, juegos de mesa y productos con crupier en vivo que se encuentran en la versi\u00f3n de escritorio. No tienes que preocuparte por quedarte fuera de onda, porque tendr\u00e1s todas las ofertas de Rooks Bet: nuestro cat\u00e1logo completo de 6000 juegos, la oportunidad de participar en competiciones en l\u00ednea y nuevos lanzamientos y t\u00edtulos populares, y, por lo tanto, una experiencia de juego completa en todos los dispositivos.<\/p>\n<\/div><\/div><\/p>\n","protected":false},"excerpt":{"rendered":"<p>Plataforma m\u00f3vil Rooksbet Rooksbet app supone un cambio revolucionario para los juegos de azar en l\u00ednea. Esta aplicaci\u00f3n elegante y eficiente es c\u00f3moda y f\u00e1cil de usar en el m\u00f3vil. Puedes jugar en tu m\u00f3vil o desde la comodidad de tu casa. La aplicaci\u00f3n Rooks Bet Casino tiene todas las funciones necesarias al alcance de [&hellip;]<\/p>\n","protected":false},"author":1,"featured_media":0,"parent":0,"menu_order":0,"comment_status":"closed","ping_status":"closed","template":"template-builder.php","meta":{"_acf_changed":false,"inline_featured_image":false,"footnotes":""},"class_list":["post-1823","page","type-page","status-publish","hentry"],"acf":[],"yoast_head":"<!-- This site is optimized with the Yoast SEO plugin v27.3 - https:\/\/yoast.com\/product\/yoast-seo-wordpress\/ -->\n<title>App Rooksbet | Aplicaci\u00f3n Oficial para Android &amp; iOS<\/title>\n<meta name=\"description\" content=\"Descarga la app oficial de Rooksbet para Android e iOS y disfruta de tragamonedas, juegos de mesa y casino en vivo en tu m\u00f3vil. Acceso r\u00e1pido y funciones completas con Rooks Bet.\" \/>\n<meta name=\"robots\" content=\"index, follow, max-snippet:-1, max-image-preview:large, max-video-preview:-1\" \/>\n<link rel=\"canonical\" href=\"https:\/\/rooks-bet.com\/es\/aplicacion\/\" \/>\n<meta property=\"og:locale\" content=\"es_ES\" \/>\n<meta property=\"og:type\" content=\"article\" \/>\n<meta property=\"og:title\" content=\"App Rooksbet | Aplicaci\u00f3n Oficial para Android &amp; iOS\" \/>\n<meta property=\"og:description\" content=\"Descarga la app oficial de Rooksbet para Android e iOS y disfruta de tragamonedas, juegos de mesa y casino en vivo en tu m\u00f3vil. Acceso r\u00e1pido y funciones completas con Rooks Bet.\" \/>\n<meta property=\"og:url\" content=\"https:\/\/rooks-bet.com\/es\/aplicacion\/\" \/>\n<meta property=\"og:site_name\" content=\"rooksbet\" \/>\n<meta property=\"article:modified_time\" content=\"2026-03-12T08:42:10+00:00\" \/>\n<meta name=\"twitter:card\" content=\"summary_large_image\" \/>\n<meta name=\"twitter:label1\" content=\"Est. reading time\" \/>\n\t<meta name=\"twitter:data1\" content=\"2 minutos\" \/>\n<script type=\"application\/ld+json\" class=\"yoast-schema-graph\">{\"@context\":\"https:\\\/\\\/schema.org\",\"@graph\":[{\"@type\":\"WebPage\",\"@id\":\"https:\\\/\\\/rooks-bet.com\\\/es\\\/aplicacion\\\/\",\"url\":\"https:\\\/\\\/rooks-bet.com\\\/es\\\/aplicacion\\\/\",\"name\":\"App Rooksbet | Aplicaci\u00f3n Oficial para Android & iOS\",\"isPartOf\":{\"@id\":\"https:\\\/\\\/rooks-bet.com\\\/es\\\/#website\"},\"datePublished\":\"2026-03-11T14:24:23+00:00\",\"dateModified\":\"2026-03-12T08:42:10+00:00\",\"description\":\"Descarga la app oficial de Rooksbet para Android e iOS y disfruta de tragamonedas, juegos de mesa y casino en vivo en tu m\u00f3vil. Acceso r\u00e1pido y funciones completas con Rooks Bet.\",\"breadcrumb\":{\"@id\":\"https:\\\/\\\/rooks-bet.com\\\/es\\\/aplicacion\\\/#breadcrumb\"},\"inLanguage\":\"es\",\"potentialAction\":[{\"@type\":\"ReadAction\",\"target\":[\"https:\\\/\\\/rooks-bet.com\\\/es\\\/aplicacion\\\/\"]}]},{\"@type\":\"BreadcrumbList\",\"@id\":\"https:\\\/\\\/rooks-bet.com\\\/es\\\/aplicacion\\\/#breadcrumb\",\"itemListElement\":[{\"@type\":\"ListItem\",\"position\":1,\"name\":\"Rooksbet\",\"item\":\"https:\\\/\\\/rooks-bet.com\\\/es\\\/\"},{\"@type\":\"ListItem\",\"position\":2,\"name\":\"Aplicaci\u00f3n\"}]},{\"@type\":\"WebSite\",\"@id\":\"https:\\\/\\\/rooks-bet.com\\\/es\\\/#website\",\"url\":\"https:\\\/\\\/rooks-bet.com\\\/es\\\/\",\"name\":\"Rooksbet\",\"description\":\"\",\"publisher\":{\"@id\":\"https:\\\/\\\/rooks-bet.com\\\/es\\\/#organization\"},\"potentialAction\":[{\"@type\":\"SearchAction\",\"target\":{\"@type\":\"EntryPoint\",\"urlTemplate\":\"https:\\\/\\\/rooks-bet.com\\\/es\\\/?s={search_term_string}\"},\"query-input\":{\"@type\":\"PropertyValueSpecification\",\"valueRequired\":true,\"valueName\":\"search_term_string\"}}],\"inLanguage\":\"es\"},{\"@type\":\"Organization\",\"@id\":\"https:\\\/\\\/rooks-bet.com\\\/es\\\/#organization\",\"name\":\"Rooksbet\",\"url\":\"https:\\\/\\\/rooks-bet.com\\\/es\\\/\",\"logo\":{\"@type\":\"ImageObject\",\"inLanguage\":\"es\",\"@id\":\"https:\\\/\\\/rooks-bet.com\\\/es\\\/#\\\/schema\\\/logo\\\/image\\\/\",\"url\":\"https:\\\/\\\/rooks-bet.com\\\/wp-content\\\/uploads\\\/2025\\\/07\\\/80u1FaquEZeR6OUTeJCc.png\",\"contentUrl\":\"https:\\\/\\\/rooks-bet.com\\\/wp-content\\\/uploads\\\/2025\\\/07\\\/80u1FaquEZeR6OUTeJCc.png\",\"width\":167,\"height\":44,\"caption\":\"Rooksbet\"},\"image\":{\"@id\":\"https:\\\/\\\/rooks-bet.com\\\/es\\\/#\\\/schema\\\/logo\\\/image\\\/\"}}]}<\/script>\n<!-- \/ Yoast SEO plugin. -->","yoast_head_json":{"title":"App Rooksbet | Aplicaci\u00f3n Oficial para Android & iOS","description":"Descarga la app oficial de Rooksbet para Android e iOS y disfruta de tragamonedas, juegos de mesa y casino en vivo en tu m\u00f3vil. Acceso r\u00e1pido y funciones completas con Rooks Bet.","robots":{"index":"index","follow":"follow","max-snippet":"max-snippet:-1","max-image-preview":"max-image-preview:large","max-video-preview":"max-video-preview:-1"},"canonical":"https:\/\/rooks-bet.com\/es\/aplicacion\/","og_locale":"es_ES","og_type":"article","og_title":"App Rooksbet | Aplicaci\u00f3n Oficial para Android & iOS","og_description":"Descarga la app oficial de Rooksbet para Android e iOS y disfruta de tragamonedas, juegos de mesa y casino en vivo en tu m\u00f3vil. Acceso r\u00e1pido y funciones completas con Rooks Bet.","og_url":"https:\/\/rooks-bet.com\/es\/aplicacion\/","og_site_name":"rooksbet","article_modified_time":"2026-03-12T08:42:10+00:00","twitter_card":"summary_large_image","twitter_misc":{"Est. reading time":"2 minutos"},"schema":{"@context":"https:\/\/schema.org","@graph":[{"@type":"WebPage","@id":"https:\/\/rooks-bet.com\/es\/aplicacion\/","url":"https:\/\/rooks-bet.com\/es\/aplicacion\/","name":"App Rooksbet | Aplicaci\u00f3n Oficial para Android & iOS","isPartOf":{"@id":"https:\/\/rooks-bet.com\/es\/#website"},"datePublished":"2026-03-11T14:24:23+00:00","dateModified":"2026-03-12T08:42:10+00:00","description":"Descarga la app oficial de Rooksbet para Android e iOS y disfruta de tragamonedas, juegos de mesa y casino en vivo en tu m\u00f3vil. Acceso r\u00e1pido y funciones completas con Rooks Bet.","breadcrumb":{"@id":"https:\/\/rooks-bet.com\/es\/aplicacion\/#breadcrumb"},"inLanguage":"es","potentialAction":[{"@type":"ReadAction","target":["https:\/\/rooks-bet.com\/es\/aplicacion\/"]}]},{"@type":"BreadcrumbList","@id":"https:\/\/rooks-bet.com\/es\/aplicacion\/#breadcrumb","itemListElement":[{"@type":"ListItem","position":1,"name":"Rooksbet","item":"https:\/\/rooks-bet.com\/es\/"},{"@type":"ListItem","position":2,"name":"Aplicaci\u00f3n"}]},{"@type":"WebSite","@id":"https:\/\/rooks-bet.com\/es\/#website","url":"https:\/\/rooks-bet.com\/es\/","name":"Rooksbet","description":"","publisher":{"@id":"https:\/\/rooks-bet.com\/es\/#organization"},"potentialAction":[{"@type":"SearchAction","target":{"@type":"EntryPoint","urlTemplate":"https:\/\/rooks-bet.com\/es\/?s={search_term_string}"},"query-input":{"@type":"PropertyValueSpecification","valueRequired":true,"valueName":"search_term_string"}}],"inLanguage":"es"},{"@type":"Organization","@id":"https:\/\/rooks-bet.com\/es\/#organization","name":"Rooksbet","url":"https:\/\/rooks-bet.com\/es\/","logo":{"@type":"ImageObject","inLanguage":"es","@id":"https:\/\/rooks-bet.com\/es\/#\/schema\/logo\/image\/","url":"https:\/\/rooks-bet.com\/wp-content\/uploads\/2025\/07\/80u1FaquEZeR6OUTeJCc.png","contentUrl":"https:\/\/rooks-bet.com\/wp-content\/uploads\/2025\/07\/80u1FaquEZeR6OUTeJCc.png","width":167,"height":44,"caption":"Rooksbet"},"image":{"@id":"https:\/\/rooks-bet.com\/es\/#\/schema\/logo\/image\/"}}]}},"_links":{"self":[{"href":"https:\/\/rooks-bet.com\/es\/wp-json\/wp\/v2\/pages\/1823","targetHints":{"allow":["GET"]}}],"collection":[{"href":"https:\/\/rooks-bet.com\/es\/wp-json\/wp\/v2\/pages"}],"about":[{"href":"https:\/\/rooks-bet.com\/es\/wp-json\/wp\/v2\/types\/page"}],"author":[{"embeddable":true,"href":"https:\/\/rooks-bet.com\/es\/wp-json\/wp\/v2\/users\/1"}],"replies":[{"embeddable":true,"href":"https:\/\/rooks-bet.com\/es\/wp-json\/wp\/v2\/comments?post=1823"}],"version-history":[{"count":2,"href":"https:\/\/rooks-bet.com\/es\/wp-json\/wp\/v2\/pages\/1823\/revisions"}],"predecessor-version":[{"id":2210,"href":"https:\/\/rooks-bet.com\/es\/wp-json\/wp\/v2\/pages\/1823\/revisions\/2210"}],"wp:attachment":[{"href":"https:\/\/rooks-bet.com\/es\/wp-json\/wp\/v2\/media?parent=1823"}],"curies":[{"name":"wp","href":"https:\/\/api.w.org\/{rel}","templated":true}]}}