{"id":1866,"date":"2026-03-11T14:30:37","date_gmt":"2026-03-11T14:30:37","guid":{"rendered":"https:\/\/rooks-bet.com\/login-and-registration\/"},"modified":"2026-03-12T08:43:39","modified_gmt":"2026-03-12T08:43:39","slug":"inicio-de-sesion-y-registro","status":"publish","type":"page","link":"https:\/\/rooks-bet.com\/es\/inicio-de-sesion-y-registro\/","title":{"rendered":"Inicio de sesi\u00f3n y Registro"},"content":{"rendered":"<h1>Inicio de sesi\u00f3n y registro en la cuenta de Rooksbet<\/h1>\n<p>Una vez que experimente la emoci\u00f3n de nuestro casino, se dar\u00e1 cuenta de que no puede disfrutar del juego sin el esencial en Rooksbet login para desbloquear toda la emoci\u00f3n y ganar a lo grande. Crear una cuenta con nosotros significa que se une a miles de jugadores espa\u00f1oles exitosos que, al igual que usted, disfrutan de incre\u00edbles funciones de alta tecnolog\u00eda y participan en torneos. Tambi\u00e9n ganan en loter\u00edas y deportes electr\u00f3nicos, desbloquean el potencial de la riqueza y simplemente se relajan jugando a sus juegos favoritos.<\/p>\n<p><div class=\"banner-wrap\" aria-label=\"Banner\"><img src=\"https:\/\/rooks-bet.com\/wp-content\/uploads\/2026\/03\/Rooksbet-banner-desktop.webp\" class=\"w-100 d-none d-lg-block img-pc main-banner-img\" alt=\"rooksbet bonus desktop\" fetchpriority=\"high\" decoding=\"async\"><img src=\"https:\/\/rooks-bet.com\/wp-content\/uploads\/2026\/03\/Rooksbet-banner-mobile.webp\" class=\"w-100 d-none d-md-block d-lg-none main-banner-img\" alt=\"rooksbet bonus mobile\" fetchpriority=\"high\" decoding=\"async\"><img src=\"https:\/\/rooks-bet.com\/wp-content\/uploads\/2026\/03\/Rooksbet-banner-mobile.webp\" class=\"w-100 d-md-none\" alt=\"rooksbet bonus mobile\" fetchpriority=\"high\" decoding=\"async\"><div class=\"banner-description\">\n<div class=\"banner-title\">Bonos de bienvenida<\/div>\n<p class=\"banner-header-title\">\u20ac1,500<\/p>\n<div class=\"banner-header-AdditionalText\">+ 250 Tiradas gratis<\/div>\n<button data-item=\"homepage_banner_link\" class=\"goto m-button m-gradient-border m-button--primary m-button--large banner-button btn-orange\">\n            <div class=\"m-button-content\">\n                <span>Reg\u00edstrate ahora<\/span>\n                <span><\/span>\n            <\/div>\n        <\/button>\n<\/div>\n<div class=\"WelcomePack\">\n<p><img loading=\"lazy\" decoding=\"async\" class=\"alignnone size-full wp-image-1646\" src=\"https:\/\/rooks-bet.com\/wp-content\/uploads\/2026\/03\/welcome-crown.png\" alt=\"welcome crown\" width=\"25\" height=\"26\" \/><\/p>\n<div class=\"WelcomePack-Info\">Reembolso semanal de hasta el 25 %<\/div>\n<p><img loading=\"lazy\" decoding=\"async\" class=\"alignnone size-full wp-image-1646\" src=\"https:\/\/rooks-bet.com\/wp-content\/uploads\/2026\/03\/welcome-crown.png\" alt=\"welcome crown\" width=\"25\" height=\"26\" \/><\/p>\n<\/div>\n<\/div><div class=\"scrollable-content-wrap my-5\"><div class=\"scrollable-content-inner\"><h2>Procedimiento de registro en Rooksbet<\/h2>\n<p>Crear una cuenta en Rooksbet Casino es el paso clave para acceder a un sinf\u00edn de posibilidades de juego. El registro es r\u00e1pido y seguro, y nuestros usuarios tienen acceso a su panel de control personal, donde pueden depositar fondos, participar en promociones y consultar la gran variedad de juegos.<\/p>\n<p>Una cuenta tiene una serie de ventajas: sugerencias de juegos personalizadas, acceso a ofertas especiales y la posibilidad de retirar y realizar dep\u00f3sitos con facilidad. Los jugadores introducen muy pocos datos personales durante el registro, y esto se hace bajo estrictas normas de privacidad y medidas de encriptaci\u00f3n: TLS 1.3. \u00bfListo para registrarte en Rooks Bet Casino? El registro tiene los siguientes pasos importantes:<\/p>\n<ol>\n<li>Navegar a la p\u00e1gina de inicio de Rooksbet Casino;<\/li>\n<li>Hacer clic en el bot\u00f3n \u00abRegistrarse\u00bb.<\/li>\n<li>Aceptar las pol\u00edticas y normas, como la verificaci\u00f3n de la edad y nuestros T\u00e9rminos y condiciones; t\u00f3mese su tiempo para leerlos.<\/li>\n<li>Verificar la cuenta a trav\u00e9s del enlace de verificaci\u00f3n que se env\u00eda a la direcci\u00f3n de correo electr\u00f3nico.<\/li>\n<\/ol>\n<p>Cuando est\u00e1s con nosotros, todo encaja. Por fin tenemos al mejor jugador. \u00a1Gracias!<\/p>\n<h2>Cambiar datos personales<\/h2>\n<p>\u00bfTe has registrado y has iniciado sesi\u00f3n por primera vez en Rooksbet? \u00a1Genial! Pero ahora te recomendamos que sigas algunos pasos adicionales para proteger tu cuenta y tus finanzas.<\/p>\n<ol>\n<li>Inicia sesi\u00f3n en Rooksbet.<\/li>\n<li>Ve a la configuraci\u00f3n de la cuenta en el perfil.<\/li>\n<li>Activa la autenticaci\u00f3n de dos factores y con\u00e9ctate a tu cuenta de correo electr\u00f3nico.<\/li>\n<\/ol>\n<p>Adicional:<\/p>\n<ul>\n<li>Cambia tu contrase\u00f1a de Rooks Bet de vez en cuando para proteger tu cuenta de los temibles estafadores.<\/li>\n<li>Aseg\u00farate de no recibir spam de Rooks Bet: solo recibir\u00e1s materiales promocionales y c\u00f3digos para torneos interesantes, sin enlaces ni solicitudes de dinero. \u00a1Si recibes algo de este tipo, den\u00fancialo a trav\u00e9s del bot\u00f3n de chat en vivo!<\/li>\n<\/ul>\n<h2>Pasos para iniciar sesi\u00f3n en Rooksbet<\/h2>\n<p>La cuenta de Rooksbet es f\u00e1cil de usar, solo tienes que iniciar sesi\u00f3n para acceder a todas las funciones, como el panel de control del juego, el equipo de asistencia, la secci\u00f3n de dep\u00f3sitos, los retiros y la gesti\u00f3n de la cuenta. Los pasos son los siguientes:<\/p>\n<p>Pero espera, ya que eres jugador de Rooksbet Casino, hagamos que este sea un camino interesante hacia la victoria.<\/p>\n<table>\n<tbody>\n<tr>\n<td>Pasos de la misi\u00f3n<\/td>\n<td>Detalles de la acci\u00f3n<\/td>\n<\/tr>\n<tr>\n<td>Ve a nuestra p\u00e1gina principal<\/td>\n<td>Dir\u00edgete a la p\u00e1gina de inicio de Rooksbet Casino, tu portal a los juegos con dinero real.<\/td>\n<\/tr>\n<tr>\n<td>Inicia sesi\u00f3n en el casino<\/td>\n<td>Situado en la esquina superior derecha; haz clic aqu\u00ed para desbloquear tu poder.<\/td>\n<\/tr>\n<tr>\n<td>Introduce tus credenciales o inicia sesi\u00f3n con Google<\/td>\n<td>Escribe tu nombre de usuario, correo electr\u00f3nico registrado o contrase\u00f1a: tu llave para la aventura.<\/td>\n<\/tr>\n<tr>\n<td>Responda a las comprobaciones de seguridad y realice nuestro proceso de verificaci\u00f3n KYC<\/td>\n<td>Rellene todas las solicitudes de seguridad de nuestro equipo de asistencia para mantener la seguridad de su cuenta.<\/td>\n<\/tr>\n<tr>\n<td>Haz clic en \u00abIniciar sesi\u00f3n\u00bb.<\/td>\n<td>Pulsa el bot\u00f3n para acceder a tu cuenta y empezar a jugar.<\/td>\n<\/tr>\n<\/tbody>\n<\/table>\n<p>Despu\u00e9s de entrar en el casino con el inicio de sesi\u00f3n de Rooksbet, los jugadores pueden depositar dinero, participar en torneos, obtener bonificaciones y gestionar la configuraci\u00f3n de su cuenta. La plataforma mantiene toda la informaci\u00f3n segura mediante la aplicaci\u00f3n de algoritmos de cifrado avanzados. Por lo tanto, nuestro inicio de sesi\u00f3n en Rooksbet es seguro y entretenido.<\/p>\n<p><img loading=\"lazy\" decoding=\"async\" src=\"https:\/\/rooks-bet.com\/wp-content\/uploads\/Rooksbet-Login.webp\" alt=\"Rooksbet Login\" width=\"1248\" height=\"536\" \/><\/p>\n<h2>Verificaci\u00f3n de Rooks Bet Casino<\/h2>\n<p>Tenemos un procedimiento KYC para todos nuestros jugadores de Rooksbet Casino, que es obligatorio. La verificaci\u00f3n es una parte importante para garantizar un juego seguro y el cumplimiento de las normas y reglamentos. El proceso de verificaci\u00f3n en Rooks Bet consiste en enviarnos tus documentos de identificaci\u00f3n y una factura de servicios p\u00fablicos para demostrar que eres un usuario real.<\/p>\n<p>El proceso generalmente implica:<\/p>\n<ul>\n<li>Subir escaneos o fotograf\u00edas de los documentos de identificaci\u00f3n al panel de control de la cuenta.<\/li>\n<li>Un miembro de nuestro servicio de asistencia multiling\u00fce lo verifica, lo que normalmente lleva entre unas horas y unos d\u00edas, dependiendo del volumen de solicitudes.<\/li>\n<li>Tras la verificaci\u00f3n, los jugadores pueden retirar m\u00e1s dinero y tener m\u00e1s seguridad en sus cuentas. \u00a1Y m\u00e1s confianza por parte de otros jugadores de Rooks Bet Casino! \u00a1Es muy valioso!<\/li>\n<\/ul>\n<p>El proceso de verificaci\u00f3n evita el fraude y el juego de menores y mantiene un comportamiento responsable en el juego. Por lo tanto, cumple con nuestra solicitud de KYC y \u00fanete a nuestra c\u00e1lida comunidad de aficionados.<\/p>\n<h2>Acceso a la cuenta<\/h2>\n<p>La posibilidad de acceder a su cuenta de Rooksbet desde varios dispositivos est\u00e1 siempre disponible despu\u00e9s de registrarse, por lo que lo \u00fanico que tiene que hacer es mantener los datos de su cuenta a mano y seguros, por ejemplo, anot\u00e1ndolos en un papel o introduci\u00e9ndolos en su tel\u00e9fono.<\/p>\n<p>Todos nuestros jugadores pueden disfrutar de Rooksbet Casino en sus ordenadores, tel\u00e9fonos, iPads y otras tabletas.<\/p>\n<h2>Preguntas frecuentes<\/h2>\n<h3>\u00bfPuedo iniciar sesi\u00f3n desde varios dispositivos?<\/h3>\n<p>T\u00e9cnicamente, puedes iniciar sesi\u00f3n en muchos dispositivos. Rooksbet permite el inicio de sesi\u00f3n en varios dispositivos, lo que significa que los jugadores pueden utilizar nuestro casino Rooksbet en cualquiera de sus tel\u00e9fonos, ordenadores y tabletas en al mismo tiempo. Pero tambi\u00e9n debes tener en cuenta la seguridad. Si permaneces conectado durante demasiado tiempo, nuestro sistema de seguridad puede sospechar y cerrar tu sesi\u00f3n.<\/p>\n<h3>\u00bfEs seguro el inicio de sesi\u00f3n en Rooks Bet?<\/h3>\n<p>Tan seguro como es posible. Rooksbet utiliza los \u00faltimos est\u00e1ndares de cifrado y confidencialidad TLS 1.3 para proteger los datos de los usuarios durante la gesti\u00f3n de cuentas y otras actividades. Para mejorar la seguridad, nuestro sitio tambi\u00e9n fomenta el uso de contrase\u00f1as seguras y ofrece la autenticaci\u00f3n de dos factores como opci\u00f3n.<\/p>\n<h3>\u00bfPor qu\u00e9 tengo que verificar mi cuenta antes de iniciar sesi\u00f3n?<\/h3>\n<p>La verificaci\u00f3n implica un procedimiento est\u00e1ndar para comprobar la identidad de los jugadores de Rooksbet Casino y evitar fraudes y estafas. Una vez completada, proporciona un entorno seguro para todos los usuarios, l\u00edmites de retirada m\u00e1s altos y otras funciones de la cuenta. Adem\u00e1s, solo podr\u00e1s unirte a nuestro programa VIP despu\u00e9s de pasar el KYC.<\/p>\n<\/div><\/div><\/p>\n","protected":false},"excerpt":{"rendered":"<p>Inicio de sesi\u00f3n y registro en la cuenta de Rooksbet Una vez que experimente la emoci\u00f3n de nuestro casino, se dar\u00e1 cuenta de que no puede disfrutar del juego sin el esencial en Rooksbet login para desbloquear toda la emoci\u00f3n y ganar a lo grande. Crear una cuenta con nosotros significa que se une a [&hellip;]<\/p>\n","protected":false},"author":1,"featured_media":0,"parent":0,"menu_order":0,"comment_status":"closed","ping_status":"closed","template":"template-builder.php","meta":{"_acf_changed":false,"inline_featured_image":false,"footnotes":""},"class_list":["post-1866","page","type-page","status-publish","hentry"],"acf":[],"yoast_head":"<!-- This site is optimized with the Yoast SEO plugin v27.3 - https:\/\/yoast.com\/product\/yoast-seo-wordpress\/ -->\n<title>Rooksbet Login \u2013 Registro y Acceso a la Cuenta<\/title>\n<meta name=\"description\" content=\"Utiliza Rooksbet Login para registrarte o acceder a tu cuenta de forma r\u00e1pida y segura. Gestiona tu perfil, dep\u00f3sitos y juego f\u00e1cilmente con Rooks Bet.\" \/>\n<meta name=\"robots\" content=\"index, follow, max-snippet:-1, max-image-preview:large, max-video-preview:-1\" \/>\n<link rel=\"canonical\" href=\"https:\/\/rooks-bet.com\/es\/inicio-de-sesion-y-registro\/\" \/>\n<meta property=\"og:locale\" content=\"es_ES\" \/>\n<meta property=\"og:type\" content=\"article\" \/>\n<meta property=\"og:title\" content=\"Rooksbet Login \u2013 Registro y Acceso a la Cuenta\" \/>\n<meta property=\"og:description\" content=\"Utiliza Rooksbet Login para registrarte o acceder a tu cuenta de forma r\u00e1pida y segura. Gestiona tu perfil, dep\u00f3sitos y juego f\u00e1cilmente con Rooks Bet.\" \/>\n<meta property=\"og:url\" content=\"https:\/\/rooks-bet.com\/es\/inicio-de-sesion-y-registro\/\" \/>\n<meta property=\"og:site_name\" content=\"rooksbet\" \/>\n<meta property=\"article:modified_time\" content=\"2026-03-12T08:43:39+00:00\" \/>\n<meta name=\"twitter:card\" content=\"summary_large_image\" \/>\n<meta name=\"twitter:label1\" content=\"Est. reading time\" \/>\n\t<meta name=\"twitter:data1\" content=\"1 minuto\" \/>\n<script type=\"application\/ld+json\" class=\"yoast-schema-graph\">{\"@context\":\"https:\\\/\\\/schema.org\",\"@graph\":[{\"@type\":\"WebPage\",\"@id\":\"https:\\\/\\\/rooks-bet.com\\\/es\\\/inicio-de-sesion-y-registro\\\/\",\"url\":\"https:\\\/\\\/rooks-bet.com\\\/es\\\/inicio-de-sesion-y-registro\\\/\",\"name\":\"Rooksbet Login \u2013 Registro y Acceso a la Cuenta\",\"isPartOf\":{\"@id\":\"https:\\\/\\\/rooks-bet.com\\\/es\\\/#website\"},\"datePublished\":\"2026-03-11T14:30:37+00:00\",\"dateModified\":\"2026-03-12T08:43:39+00:00\",\"description\":\"Utiliza Rooksbet Login para registrarte o acceder a tu cuenta de forma r\u00e1pida y segura. Gestiona tu perfil, dep\u00f3sitos y juego f\u00e1cilmente con Rooks Bet.\",\"breadcrumb\":{\"@id\":\"https:\\\/\\\/rooks-bet.com\\\/es\\\/inicio-de-sesion-y-registro\\\/#breadcrumb\"},\"inLanguage\":\"es\",\"potentialAction\":[{\"@type\":\"ReadAction\",\"target\":[\"https:\\\/\\\/rooks-bet.com\\\/es\\\/inicio-de-sesion-y-registro\\\/\"]}]},{\"@type\":\"BreadcrumbList\",\"@id\":\"https:\\\/\\\/rooks-bet.com\\\/es\\\/inicio-de-sesion-y-registro\\\/#breadcrumb\",\"itemListElement\":[{\"@type\":\"ListItem\",\"position\":1,\"name\":\"Rooksbet\",\"item\":\"https:\\\/\\\/rooks-bet.com\\\/es\\\/\"},{\"@type\":\"ListItem\",\"position\":2,\"name\":\"Inicio de sesi\u00f3n y Registro\"}]},{\"@type\":\"WebSite\",\"@id\":\"https:\\\/\\\/rooks-bet.com\\\/es\\\/#website\",\"url\":\"https:\\\/\\\/rooks-bet.com\\\/es\\\/\",\"name\":\"Rooksbet\",\"description\":\"\",\"publisher\":{\"@id\":\"https:\\\/\\\/rooks-bet.com\\\/es\\\/#organization\"},\"potentialAction\":[{\"@type\":\"SearchAction\",\"target\":{\"@type\":\"EntryPoint\",\"urlTemplate\":\"https:\\\/\\\/rooks-bet.com\\\/es\\\/?s={search_term_string}\"},\"query-input\":{\"@type\":\"PropertyValueSpecification\",\"valueRequired\":true,\"valueName\":\"search_term_string\"}}],\"inLanguage\":\"es\"},{\"@type\":\"Organization\",\"@id\":\"https:\\\/\\\/rooks-bet.com\\\/es\\\/#organization\",\"name\":\"Rooksbet\",\"url\":\"https:\\\/\\\/rooks-bet.com\\\/es\\\/\",\"logo\":{\"@type\":\"ImageObject\",\"inLanguage\":\"es\",\"@id\":\"https:\\\/\\\/rooks-bet.com\\\/es\\\/#\\\/schema\\\/logo\\\/image\\\/\",\"url\":\"https:\\\/\\\/rooks-bet.com\\\/wp-content\\\/uploads\\\/2025\\\/07\\\/80u1FaquEZeR6OUTeJCc.png\",\"contentUrl\":\"https:\\\/\\\/rooks-bet.com\\\/wp-content\\\/uploads\\\/2025\\\/07\\\/80u1FaquEZeR6OUTeJCc.png\",\"width\":167,\"height\":44,\"caption\":\"Rooksbet\"},\"image\":{\"@id\":\"https:\\\/\\\/rooks-bet.com\\\/es\\\/#\\\/schema\\\/logo\\\/image\\\/\"}}]}<\/script>\n<!-- \/ Yoast SEO plugin. -->","yoast_head_json":{"title":"Rooksbet Login \u2013 Registro y Acceso a la Cuenta","description":"Utiliza Rooksbet Login para registrarte o acceder a tu cuenta de forma r\u00e1pida y segura. Gestiona tu perfil, dep\u00f3sitos y juego f\u00e1cilmente con Rooks Bet.","robots":{"index":"index","follow":"follow","max-snippet":"max-snippet:-1","max-image-preview":"max-image-preview:large","max-video-preview":"max-video-preview:-1"},"canonical":"https:\/\/rooks-bet.com\/es\/inicio-de-sesion-y-registro\/","og_locale":"es_ES","og_type":"article","og_title":"Rooksbet Login \u2013 Registro y Acceso a la Cuenta","og_description":"Utiliza Rooksbet Login para registrarte o acceder a tu cuenta de forma r\u00e1pida y segura. Gestiona tu perfil, dep\u00f3sitos y juego f\u00e1cilmente con Rooks Bet.","og_url":"https:\/\/rooks-bet.com\/es\/inicio-de-sesion-y-registro\/","og_site_name":"rooksbet","article_modified_time":"2026-03-12T08:43:39+00:00","twitter_card":"summary_large_image","twitter_misc":{"Est. reading time":"1 minuto"},"schema":{"@context":"https:\/\/schema.org","@graph":[{"@type":"WebPage","@id":"https:\/\/rooks-bet.com\/es\/inicio-de-sesion-y-registro\/","url":"https:\/\/rooks-bet.com\/es\/inicio-de-sesion-y-registro\/","name":"Rooksbet Login \u2013 Registro y Acceso a la Cuenta","isPartOf":{"@id":"https:\/\/rooks-bet.com\/es\/#website"},"datePublished":"2026-03-11T14:30:37+00:00","dateModified":"2026-03-12T08:43:39+00:00","description":"Utiliza Rooksbet Login para registrarte o acceder a tu cuenta de forma r\u00e1pida y segura. Gestiona tu perfil, dep\u00f3sitos y juego f\u00e1cilmente con Rooks Bet.","breadcrumb":{"@id":"https:\/\/rooks-bet.com\/es\/inicio-de-sesion-y-registro\/#breadcrumb"},"inLanguage":"es","potentialAction":[{"@type":"ReadAction","target":["https:\/\/rooks-bet.com\/es\/inicio-de-sesion-y-registro\/"]}]},{"@type":"BreadcrumbList","@id":"https:\/\/rooks-bet.com\/es\/inicio-de-sesion-y-registro\/#breadcrumb","itemListElement":[{"@type":"ListItem","position":1,"name":"Rooksbet","item":"https:\/\/rooks-bet.com\/es\/"},{"@type":"ListItem","position":2,"name":"Inicio de sesi\u00f3n y Registro"}]},{"@type":"WebSite","@id":"https:\/\/rooks-bet.com\/es\/#website","url":"https:\/\/rooks-bet.com\/es\/","name":"Rooksbet","description":"","publisher":{"@id":"https:\/\/rooks-bet.com\/es\/#organization"},"potentialAction":[{"@type":"SearchAction","target":{"@type":"EntryPoint","urlTemplate":"https:\/\/rooks-bet.com\/es\/?s={search_term_string}"},"query-input":{"@type":"PropertyValueSpecification","valueRequired":true,"valueName":"search_term_string"}}],"inLanguage":"es"},{"@type":"Organization","@id":"https:\/\/rooks-bet.com\/es\/#organization","name":"Rooksbet","url":"https:\/\/rooks-bet.com\/es\/","logo":{"@type":"ImageObject","inLanguage":"es","@id":"https:\/\/rooks-bet.com\/es\/#\/schema\/logo\/image\/","url":"https:\/\/rooks-bet.com\/wp-content\/uploads\/2025\/07\/80u1FaquEZeR6OUTeJCc.png","contentUrl":"https:\/\/rooks-bet.com\/wp-content\/uploads\/2025\/07\/80u1FaquEZeR6OUTeJCc.png","width":167,"height":44,"caption":"Rooksbet"},"image":{"@id":"https:\/\/rooks-bet.com\/es\/#\/schema\/logo\/image\/"}}]}},"_links":{"self":[{"href":"https:\/\/rooks-bet.com\/es\/wp-json\/wp\/v2\/pages\/1866","targetHints":{"allow":["GET"]}}],"collection":[{"href":"https:\/\/rooks-bet.com\/es\/wp-json\/wp\/v2\/pages"}],"about":[{"href":"https:\/\/rooks-bet.com\/es\/wp-json\/wp\/v2\/types\/page"}],"author":[{"embeddable":true,"href":"https:\/\/rooks-bet.com\/es\/wp-json\/wp\/v2\/users\/1"}],"replies":[{"embeddable":true,"href":"https:\/\/rooks-bet.com\/es\/wp-json\/wp\/v2\/comments?post=1866"}],"version-history":[{"count":2,"href":"https:\/\/rooks-bet.com\/es\/wp-json\/wp\/v2\/pages\/1866\/revisions"}],"predecessor-version":[{"id":2212,"href":"https:\/\/rooks-bet.com\/es\/wp-json\/wp\/v2\/pages\/1866\/revisions\/2212"}],"wp:attachment":[{"href":"https:\/\/rooks-bet.com\/es\/wp-json\/wp\/v2\/media?parent=1866"}],"curies":[{"name":"wp","href":"https:\/\/api.w.org\/{rel}","templated":true}]}}