{"id":1814,"date":"2026-03-11T14:24:23","date_gmt":"2026-03-11T14:24:23","guid":{"rendered":"https:\/\/rooks-bet.com\/app\/"},"modified":"2026-03-12T06:19:44","modified_gmt":"2026-03-12T06:19:44","slug":"app","status":"publish","type":"page","link":"https:\/\/rooks-bet.com\/fr\/app\/","title":{"rendered":"App"},"content":{"rendered":"<h1>Plateforme mobile Rooksbet<\/h1>\n<p>Rooksbet app change la donne dans le domaine des jeux d&rsquo;argent en ligne. Cette application \u00e9l\u00e9gante et efficace est pratique et facile \u00e0 utiliser sur mobile. Vous pouvez jouer sur votre mobile ou depuis le confort de votre domicile. L&rsquo;application Rooks Bet Casino met toutes les fonctions n\u00e9cessaires \u00e0 votre disposition ; vous vivrez une exp\u00e9rience totalement immersive sur l&rsquo;appareil de votre choix.<\/p>\n<div class=\"banner-wrap\" aria-label=\"Banner\"><img src=\"https:\/\/rooks-bet.com\/wp-content\/uploads\/2026\/03\/Rooksbet-banner-desktop.webp\" class=\"w-100 d-none d-lg-block img-pc main-banner-img\" alt=\"rooksbet bonus desktop\" fetchpriority=\"high\" decoding=\"async\"><img src=\"https:\/\/rooks-bet.com\/wp-content\/uploads\/2026\/03\/Rooksbet-banner-mobile.webp\" class=\"w-100 d-none d-md-block d-lg-none main-banner-img\" alt=\"rooksbet bonus mobile\" fetchpriority=\"high\" decoding=\"async\"><img src=\"https:\/\/rooks-bet.com\/wp-content\/uploads\/2026\/03\/Rooksbet-banner-mobile.webp\" class=\"w-100 d-md-none\" alt=\"rooksbet bonus mobile\" fetchpriority=\"high\" decoding=\"async\"><div class=\"banner-description\">\n<div class=\"banner-title\">Bonus de bienvenue<\/div>\n<p class=\"banner-header-title\">\u20ac1,500<\/p>\n<div class=\"banner-header-AdditionalText\">+ 250 Tours gratuits<\/div>\n<button data-item=\"homepage_banner_link\" class=\"goto m-button m-gradient-border m-button--primary m-button--large banner-button btn-orange\">\n            <div class=\"m-button-content\">\n                <span>Inscrivez-vous d\u00e8s maintenant<\/span>\n                <span><\/span>\n            <\/div>\n        <\/button>\n<\/div>\n<div class=\"WelcomePack\">\n<p><img loading=\"lazy\" decoding=\"async\" class=\"alignnone size-full wp-image-1646\" src=\"https:\/\/rooks-bet.com\/wp-content\/uploads\/2026\/03\/welcome-crown.png\" alt=\"welcome crown\" width=\"25\" height=\"26\" \/><\/p>\n<div class=\"WelcomePack-Info\">Cashback hebdomadaire jusqu&rsquo;\u00e0 25 %<\/div>\n<p><img loading=\"lazy\" decoding=\"async\" class=\"alignnone size-full wp-image-1646\" src=\"https:\/\/rooks-bet.com\/wp-content\/uploads\/2026\/03\/welcome-crown.png\" alt=\"welcome crown\" width=\"25\" height=\"26\" \/><\/p>\n<\/div>\n<\/div>\n<h2>Fonctionnalit\u00e9s de l&rsquo;application Rooksbet<\/h2>\n<p>L&rsquo;application Rooksbet combine des fonctionnalit\u00e9s impressionnantes en termes de fonctionnalit\u00e9 et de praticit\u00e9. Elle vous permet d&rsquo;am\u00e9liorer consid\u00e9rablement votre exp\u00e9rience de jeu sur votre t\u00e9l\u00e9phone. Son interface conviviale facilite la navigation et vous permet de profiter d&rsquo;une large gamme de machines \u00e0 sous en ligne, de jeux de table et de collections de livres atmosph\u00e9riques que nous proposons. Nous vous r\u00e9servons de nombreux avantages tr\u00e8s int\u00e9ressants :<\/p>\n<ul>\n<li>Bonus et promotions int\u00e9gr\u00e9s<\/li>\n<li>Tournois en temps r\u00e9el<\/li>\n<li>Transactions s\u00e9curis\u00e9es<\/li>\n<li>Acc\u00e8s instantan\u00e9 aux outils de gestion de votre compte Rooksbet Casino<\/li>\n<li>Acc\u00e8s 24 heures sur 24 \u00e0 toutes les fonctionnalit\u00e9s du casino, telles que les d\u00e9p\u00f4ts, les retraits, le processus de v\u00e9rification et l&rsquo;historique des jeux via l&rsquo;application Rooksbet<\/li>\n<li>Plus facile et plus rapide que l&rsquo;utilisation d&rsquo;un PC, qui peut \u00eatre fastidieuse<\/li>\n<li>Conception adaptative qui permet des commandes tactiles pour une exp\u00e9rience de jeu mobile fluide<\/li>\n<li>Une exp\u00e9rience similaire \u00e0 celle d&rsquo;un ordinateur de bureau sur un t\u00e9l\u00e9phone mobile<\/li>\n<\/ul>\n<p>Sur l&rsquo;application, vous pouvez \u00e9galement participer \u00e0 des jeux en direct lorsqu&rsquo;ils sont disponibles et gagner de l&rsquo;argent en temps r\u00e9el. La conception met l&rsquo;accent sur la vitesse et la fiabilit\u00e9, r\u00e9duisant le temps de chargement et offrant un gameplay fluide, m\u00eame sur des appareils moins puissants.<\/p>\n<p><div class=\"scrollable-content-wrap my-5\"><div class=\"scrollable-content-inner\"><h2>Application Rooksbet pour Android<\/h2>\n<p>L&rsquo;application Android Rooksbet est \u00e9galement une application web progressive (PWA). Vous b\u00e9n\u00e9ficierez certainement d&rsquo;\u00e9normes avantages, tels que ceux offerts par les applications APK classiques. Cette version n&rsquo;est pas lourde et se charge donc rapidement. Elle ne n\u00e9cessite aucun t\u00e9l\u00e9chargement depuis d&rsquo;autres sources ou boutiques d&rsquo;applications. Rooksbet Casino PWA propose un ensemble complet de services comprenant des mises \u00e0 jour en temps r\u00e9el, la s\u00e9curit\u00e9 et la compatibilit\u00e9 avec une large gamme d&rsquo;appareils Android.<\/p>\n<p><img loading=\"lazy\" decoding=\"async\" src=\"https:\/\/rooks-bet.com\/wp-content\/uploads\/Rooksbet-Android-App.webp\" alt=\"Rooksbet Android App\" width=\"1248\" height=\"536\" \/><\/p>\n<\/div><\/div><div style=\"clear: both\"><\/div><div class=\"d-flex justify-content-center\"><button data-item=\"decouvrez_link\" data-group=\"website_links\" class=\"goto fw-bold rounded-pill btn btn-orange\" aria-label=\"T\u00e9l\u00e9chargez l&#039;application Rooksbet\" >T\u00e9l\u00e9chargez l&#039;application Rooksbet<\/button><\/div><div class=\"scrollable-content-wrap my-5\"><div class=\"scrollable-content-inner\"><h2>Autorisations de s\u00e9curit\u00e9<\/h2>\n<p>L&rsquo;application Rooks Bet accorde une grande importance \u00e0 la s\u00e9curit\u00e9 des utilisateurs, c&rsquo;est pourquoi elle respecte strictement les normes de s\u00e9curit\u00e9. La PWA fonctionne \u00e9galement sur HTTPS, ce qui garantit la s\u00e9curit\u00e9 des transactions et du jeu. De plus, l&rsquo;application Rooksbet ne demande que tr\u00e8s peu d&rsquo;autorisations, uniquement celles n\u00e9cessaires, telles que les notifications ou l&rsquo;acc\u00e8s au stockage de l&rsquo;appareil lorsque cela est n\u00e9cessaire, ce qui permet de pr\u00e9server la confidentialit\u00e9 des utilisateurs \u00e0 tout moment.<\/p>\n<h2>Application Rooksbet pour iOS<\/h2>\n<p>Les propri\u00e9taires de produits Apple ne seront pas d\u00e9\u00e7us non plus. La version iOS de l&rsquo;application Rooksbet pr\u00e9sente un design sophistiqu\u00e9 et des caract\u00e9ristiques techniques avanc\u00e9es. Nous l&rsquo;avons personnalis\u00e9e pour les utilisateurs d&rsquo;appareils Apple. Elle dispose \u00e9galement d&rsquo;une interface fluide et conviviale qui s&rsquo;adapte aux \u00e9crans des iPhone et iPad et conserve la navigation conviviale et la vitesse de chargement des jeux. L&rsquo;application est \u00e9galement compatible avec toutes les fonctionnalit\u00e9s fondamentales, telles que l&rsquo;assistance par chat en direct, la v\u00e9rification des comptes et le r\u00e8glement des transactions bancaires, entre autres, mais dans un environnement s\u00e9curis\u00e9 conforme aux normes strictes d&rsquo;Apple. Voici ce que vous devez savoir sur l&rsquo;application PWA Rooksbet Casino :<\/p>\n<table>\n<tbody>\n<tr>\n<td>Fonctionnalit\u00e9<\/td>\n<td>Ce que les propri\u00e9taires d&rsquo;appareils Apple doivent savoir<\/td>\n<\/tr>\n<tr>\n<td>Optimis\u00e9e pour les appareils iOS<\/td>\n<td>Prend en charge les fonctions essentielles telles que la correspondance avec l&rsquo;\u00e9quipe d&rsquo;assistance, la v\u00e9rification des comptes et les transactions bancaires dans un environnement s\u00e9curis\u00e9.<\/td>\n<\/tr>\n<tr>\n<td>Navigation pratique<\/td>\n<td>Navigation facile gr\u00e2ce \u00e0 des commandes pr\u00e9cises et r\u00e9actives adapt\u00e9es aux \u00e9crans tactiles.<\/td>\n<\/tr>\n<tr>\n<td>Temps de chargement rapide<\/td>\n<td>Le temps de chargement rapide des jeux et des fonctionnalit\u00e9s garantit une exp\u00e9rience de jeu fluide.<\/td>\n<\/tr>\n<tr>\n<td>Normes de s\u00e9curit\u00e9 strictes<\/td>\n<td>Respecte des normes de s\u00e9curit\u00e9 \u00e9lev\u00e9es, conform\u00e9ment aux politiques strictes d&rsquo;Apple.<\/td>\n<\/tr>\n<tr>\n<td>Respect des directives de s\u00e9curit\u00e9 d&rsquo;Apple<\/td>\n<td>Nous mettons en \u0153uvre un cryptage puissant, une authentification s\u00e9curis\u00e9e et un sandboxing pour prot\u00e9ger les donn\u00e9es des utilisateurs. Nous devons obtenir le consentement des utilisateurs pour la collecte de donn\u00e9es, effectuer r\u00e9guli\u00e8rement des mises \u00e0 jour pour corriger les vuln\u00e9rabilit\u00e9s et nous soumettre \u00e0 un examen approfondi pour pr\u00e9venir les logiciels malveillants.<\/td>\n<\/tr>\n<tr>\n<td>Performances fiables<\/td>\n<td>Offre une simulation de jeu agr\u00e9able, sans lag ni interruption.<\/td>\n<\/tr>\n<tr>\n<td>Transactions s\u00e9curis\u00e9es<\/td>\n<td>Garantit la s\u00e9curit\u00e9 des d\u00e9p\u00f4ts, des retraits et de la gestion des comptes Rooksbet Casino.<\/td>\n<\/tr>\n<\/tbody>\n<\/table>\n<p>L&rsquo;application iOS permet de jouer facilement et de mani\u00e8re ludique aux machines \u00e0 sous en ligne, d&rsquo;interagir avec des croupiers en direct et de participer \u00e0 des tournois sur l&rsquo;ensemble de ses produits. Elle fonctionne bien, est tr\u00e8s r\u00e9active et dispose des meilleurs contr\u00f4les tactiles, am\u00e9liorant ainsi l&rsquo;exp\u00e9rience du casino mobile.<\/p>\n<p><img loading=\"lazy\" decoding=\"async\" src=\"https:\/\/rooks-bet.com\/wp-content\/uploads\/Rooksbet-iOS-App.webp\" alt=\"Rooksbet iOS App\" width=\"1248\" height=\"536\" \/><\/p>\n<\/div><\/div><div style=\"clear: both\"><\/div><div class=\"d-flex justify-content-center\"><button data-item=\"decouvrez_link\" data-group=\"website_links\" class=\"goto fw-bold rounded-pill btn btn-orange\" aria-label=\"T\u00e9l\u00e9charger Rooksbet\" >T\u00e9l\u00e9charger Rooksbet<\/button><\/div><div class=\"scrollable-content-wrap my-5\"><div class=\"scrollable-content-inner\"><h2>Version bureau de Rooks Bet Casino<\/h2>\n<p>Rooksbet Casino propose \u00e9galement une version compl\u00e8te pour ordinateur de bureau compatible avec Windows et macOS. Nous l&rsquo;avons con\u00e7ue pour ceux qui pr\u00e9f\u00e8rent jouer sur grand \u00e9cran. La plateforme pour ordinateur de bureau prend en charge toutes les fonctionnalit\u00e9s de la plateforme mobile, telles que l&rsquo;assistance par chat en direct, la personnalisation des jeux et la gestion des comptes. Elle offre un environnement hautement performant qui r\u00e9pond aux go\u00fbts de chaque joueur. Comme il s&rsquo;agit d&rsquo;une version enti\u00e8rement fonctionnelle, vous pouvez regarder votre partie de poker ou faire tourner la roue de la fortune sur de grands \u00e9crans pour avoir une vue d\u00e9taill\u00e9e de toutes les options de jeu.<\/p>\n<p>La version de bureau de Rooksbet Casino est compatible avec une connexion Internet rapide et des \u00e9crans haute r\u00e9solution. Tout cela fait de notre application Rooksbet la meilleure option pour les joueurs qui appr\u00e9cient une exp\u00e9rience de jeu compl\u00e8te avec des graphismes plus riches et des effets sonores plus immersifs.<\/p>\n<p><img loading=\"lazy\" decoding=\"async\" src=\"https:\/\/rooks-bet.com\/wp-content\/uploads\/Rooksbet-Desktop.webp\" alt=\"Rooksbet Desktop\" width=\"1248\" height=\"536\" \/><\/p>\n<\/div><\/div><div style=\"clear: both\"><\/div><div class=\"d-flex justify-content-center\"><button data-item=\"decouvrez_link\" data-group=\"website_links\" class=\"goto fw-bold rounded-pill btn btn-orange\" aria-label=\"T\u00e9l\u00e9chargez l&#039;application Rooksbet\" >T\u00e9l\u00e9chargez l&#039;application Rooksbet<\/button><\/div><div class=\"scrollable-content-wrap my-5\"><div class=\"scrollable-content-inner\"><h2>Interface optimis\u00e9e pour les commandes tactiles<\/h2>\n<p>Le casino mobile Rooksbet est \u00e9galement tr\u00e8s performant sur les appareils tactiles, et l&rsquo;interface fonctionne parfaitement au toucher, rendant tous les boutons, menus et autres fonctionnalit\u00e9s li\u00e9es au jeu facilement accessibles et contr\u00f4lables. Le design s&rsquo;adapte \u00e0 toutes les tailles d&rsquo;\u00e9cran (smartphones, tablettes, iPad) et offre une exp\u00e9rience de jeu agr\u00e9able et confortable.<\/p>\n<p>Il s&rsquo;agit d&rsquo;une interface optimis\u00e9e qui facilite la navigation dans les cat\u00e9gories de jeux, les param\u00e8tres du compte et les sections promotionnelles, permettant aux joueurs de profiter de leurs titres pr\u00e9f\u00e9r\u00e9s sans interruption.<\/p>\n<h2>FAQ<\/h2>\n<h3>L&rsquo;application est-elle optimis\u00e9e pour les tablettes et les \u00e9crans plus grands ?<\/h3>\n<p>L&rsquo;application Rooksbet est optimis\u00e9e pour les tablettes et les \u00e9crans plus grands : nous voulons satisfaire tous les joueurs ! Quelle que soit la taille de votre appareil, vous pouvez profiter des jeux du casino Rooks Bet. Nos machines \u00e0 sous sont particuli\u00e8rement impressionnantes \u00e0 l&rsquo;\u00e9cran.<\/p>\n<h3>La PWA se met-elle \u00e0 jour automatiquement ?<\/h3>\n<p>Oui. La PWA Rooksbet Casino se met \u00e0 jour automatiquement en arri\u00e8re-plan d\u00e8s qu&rsquo;une nouvelle version est disponible. Cela permet aux joueurs de toujours b\u00e9n\u00e9ficier des derni\u00e8res fonctionnalit\u00e9s, des correctifs de s\u00e9curit\u00e9 et des am\u00e9liorations de performances sans avoir \u00e0 le faire manuellement.<\/p>\n<h3>Tous les jeux Rooks Bet Casino sont-ils disponibles dans l&rsquo;application ?<\/h3>\n<p>L&rsquo;application Rooksbet offre aux utilisateurs la s\u00e9lection compl\u00e8te de machines \u00e0 sous en ligne, de jeux de table et de produits avec croupier en direct disponibles sur ordinateur. Vous n&rsquo;avez pas \u00e0 vous soucier de rester \u00e0 l&rsquo;\u00e9cart, car vous b\u00e9n\u00e9ficierez de toutes les offres de Rooks Bet : notre catalogue complet de 6 000 jeux, la possibilit\u00e9 de participer \u00e0 des comp\u00e9titions en ligne, les nouvelles sorties et les titres \u00e0 succ\u00e8s, et donc une exp\u00e9rience de jeu compl\u00e8te sur tous les appareils.<\/p>\n<\/div><\/div><\/p>\n","protected":false},"excerpt":{"rendered":"<p>Plateforme mobile Rooksbet Rooksbet app change la donne dans le domaine des jeux d&rsquo;argent en ligne. Cette application \u00e9l\u00e9gante et efficace est pratique et facile \u00e0 utiliser sur mobile. Vous pouvez jouer sur votre mobile ou depuis le confort de votre domicile. L&rsquo;application Rooks Bet Casino met toutes les fonctions n\u00e9cessaires \u00e0 votre disposition ; [&hellip;]<\/p>\n","protected":false},"author":1,"featured_media":0,"parent":0,"menu_order":0,"comment_status":"closed","ping_status":"closed","template":"template-builder.php","meta":{"_acf_changed":false,"inline_featured_image":false,"footnotes":""},"class_list":["post-1814","page","type-page","status-publish","hentry"],"acf":[],"yoast_head":"<!-- This site is optimized with the Yoast SEO plugin v27.3 - https:\/\/yoast.com\/product\/yoast-seo-wordpress\/ -->\n<title>Application Rooksbet | Application Officielle pour Android &amp; iOS<\/title>\n<meta name=\"description\" content=\"T\u00e9l\u00e9chargez l\u2019application officielle Rooksbet pour Android et iOS et profitez des machines \u00e0 sous, jeux de table et casino en direct sur mobile. Acc\u00e8s rapide et fonctionnalit\u00e9s compl\u00e8tes avec Rooks Bet.\" \/>\n<meta name=\"robots\" content=\"index, follow, max-snippet:-1, max-image-preview:large, max-video-preview:-1\" \/>\n<link rel=\"canonical\" href=\"https:\/\/rooks-bet.com\/fr\/app\/\" \/>\n<meta property=\"og:locale\" content=\"fr_FR\" \/>\n<meta property=\"og:type\" content=\"article\" \/>\n<meta property=\"og:title\" content=\"Application Rooksbet | Application Officielle pour Android &amp; iOS\" \/>\n<meta property=\"og:description\" content=\"T\u00e9l\u00e9chargez l\u2019application officielle Rooksbet pour Android et iOS et profitez des machines \u00e0 sous, jeux de table et casino en direct sur mobile. Acc\u00e8s rapide et fonctionnalit\u00e9s compl\u00e8tes avec Rooks Bet.\" \/>\n<meta property=\"og:url\" content=\"https:\/\/rooks-bet.com\/fr\/app\/\" \/>\n<meta property=\"og:site_name\" content=\"rooksbet\" \/>\n<meta property=\"article:modified_time\" content=\"2026-03-12T06:19:44+00:00\" \/>\n<meta name=\"twitter:card\" content=\"summary_large_image\" \/>\n<meta name=\"twitter:label1\" content=\"Dur\u00e9e de lecture estim\u00e9e\" \/>\n\t<meta name=\"twitter:data1\" content=\"2 minutes\" \/>\n<script type=\"application\/ld+json\" class=\"yoast-schema-graph\">{\"@context\":\"https:\\\/\\\/schema.org\",\"@graph\":[{\"@type\":\"WebPage\",\"@id\":\"https:\\\/\\\/rooks-bet.com\\\/fr\\\/app\\\/\",\"url\":\"https:\\\/\\\/rooks-bet.com\\\/fr\\\/app\\\/\",\"name\":\"Application Rooksbet | Application Officielle pour Android & iOS\",\"isPartOf\":{\"@id\":\"https:\\\/\\\/rooks-bet.com\\\/fr\\\/#website\"},\"datePublished\":\"2026-03-11T14:24:23+00:00\",\"dateModified\":\"2026-03-12T06:19:44+00:00\",\"description\":\"T\u00e9l\u00e9chargez l\u2019application officielle Rooksbet pour Android et iOS et profitez des machines \u00e0 sous, jeux de table et casino en direct sur mobile. Acc\u00e8s rapide et fonctionnalit\u00e9s compl\u00e8tes avec Rooks Bet.\",\"breadcrumb\":{\"@id\":\"https:\\\/\\\/rooks-bet.com\\\/fr\\\/app\\\/#breadcrumb\"},\"inLanguage\":\"fr-FR\",\"potentialAction\":[{\"@type\":\"ReadAction\",\"target\":[\"https:\\\/\\\/rooks-bet.com\\\/fr\\\/app\\\/\"]}]},{\"@type\":\"BreadcrumbList\",\"@id\":\"https:\\\/\\\/rooks-bet.com\\\/fr\\\/app\\\/#breadcrumb\",\"itemListElement\":[{\"@type\":\"ListItem\",\"position\":1,\"name\":\"Rooksbet\",\"item\":\"https:\\\/\\\/rooks-bet.com\\\/fr\\\/\"},{\"@type\":\"ListItem\",\"position\":2,\"name\":\"App\"}]},{\"@type\":\"WebSite\",\"@id\":\"https:\\\/\\\/rooks-bet.com\\\/fr\\\/#website\",\"url\":\"https:\\\/\\\/rooks-bet.com\\\/fr\\\/\",\"name\":\"Rooksbet\",\"description\":\"\",\"publisher\":{\"@id\":\"https:\\\/\\\/rooks-bet.com\\\/fr\\\/#organization\"},\"potentialAction\":[{\"@type\":\"SearchAction\",\"target\":{\"@type\":\"EntryPoint\",\"urlTemplate\":\"https:\\\/\\\/rooks-bet.com\\\/fr\\\/?s={search_term_string}\"},\"query-input\":{\"@type\":\"PropertyValueSpecification\",\"valueRequired\":true,\"valueName\":\"search_term_string\"}}],\"inLanguage\":\"fr-FR\"},{\"@type\":\"Organization\",\"@id\":\"https:\\\/\\\/rooks-bet.com\\\/fr\\\/#organization\",\"name\":\"Rooksbet\",\"url\":\"https:\\\/\\\/rooks-bet.com\\\/fr\\\/\",\"logo\":{\"@type\":\"ImageObject\",\"inLanguage\":\"fr-FR\",\"@id\":\"https:\\\/\\\/rooks-bet.com\\\/fr\\\/#\\\/schema\\\/logo\\\/image\\\/\",\"url\":\"https:\\\/\\\/rooks-bet.com\\\/wp-content\\\/uploads\\\/2025\\\/07\\\/80u1FaquEZeR6OUTeJCc.png\",\"contentUrl\":\"https:\\\/\\\/rooks-bet.com\\\/wp-content\\\/uploads\\\/2025\\\/07\\\/80u1FaquEZeR6OUTeJCc.png\",\"width\":167,\"height\":44,\"caption\":\"Rooksbet\"},\"image\":{\"@id\":\"https:\\\/\\\/rooks-bet.com\\\/fr\\\/#\\\/schema\\\/logo\\\/image\\\/\"}}]}<\/script>\n<!-- \/ Yoast SEO plugin. -->","yoast_head_json":{"title":"Application Rooksbet | Application Officielle pour Android & iOS","description":"T\u00e9l\u00e9chargez l\u2019application officielle Rooksbet pour Android et iOS et profitez des machines \u00e0 sous, jeux de table et casino en direct sur mobile. Acc\u00e8s rapide et fonctionnalit\u00e9s compl\u00e8tes avec Rooks Bet.","robots":{"index":"index","follow":"follow","max-snippet":"max-snippet:-1","max-image-preview":"max-image-preview:large","max-video-preview":"max-video-preview:-1"},"canonical":"https:\/\/rooks-bet.com\/fr\/app\/","og_locale":"fr_FR","og_type":"article","og_title":"Application Rooksbet | Application Officielle pour Android & iOS","og_description":"T\u00e9l\u00e9chargez l\u2019application officielle Rooksbet pour Android et iOS et profitez des machines \u00e0 sous, jeux de table et casino en direct sur mobile. Acc\u00e8s rapide et fonctionnalit\u00e9s compl\u00e8tes avec Rooks Bet.","og_url":"https:\/\/rooks-bet.com\/fr\/app\/","og_site_name":"rooksbet","article_modified_time":"2026-03-12T06:19:44+00:00","twitter_card":"summary_large_image","twitter_misc":{"Dur\u00e9e de lecture estim\u00e9e":"2 minutes"},"schema":{"@context":"https:\/\/schema.org","@graph":[{"@type":"WebPage","@id":"https:\/\/rooks-bet.com\/fr\/app\/","url":"https:\/\/rooks-bet.com\/fr\/app\/","name":"Application Rooksbet | Application Officielle pour Android & iOS","isPartOf":{"@id":"https:\/\/rooks-bet.com\/fr\/#website"},"datePublished":"2026-03-11T14:24:23+00:00","dateModified":"2026-03-12T06:19:44+00:00","description":"T\u00e9l\u00e9chargez l\u2019application officielle Rooksbet pour Android et iOS et profitez des machines \u00e0 sous, jeux de table et casino en direct sur mobile. Acc\u00e8s rapide et fonctionnalit\u00e9s compl\u00e8tes avec Rooks Bet.","breadcrumb":{"@id":"https:\/\/rooks-bet.com\/fr\/app\/#breadcrumb"},"inLanguage":"fr-FR","potentialAction":[{"@type":"ReadAction","target":["https:\/\/rooks-bet.com\/fr\/app\/"]}]},{"@type":"BreadcrumbList","@id":"https:\/\/rooks-bet.com\/fr\/app\/#breadcrumb","itemListElement":[{"@type":"ListItem","position":1,"name":"Rooksbet","item":"https:\/\/rooks-bet.com\/fr\/"},{"@type":"ListItem","position":2,"name":"App"}]},{"@type":"WebSite","@id":"https:\/\/rooks-bet.com\/fr\/#website","url":"https:\/\/rooks-bet.com\/fr\/","name":"Rooksbet","description":"","publisher":{"@id":"https:\/\/rooks-bet.com\/fr\/#organization"},"potentialAction":[{"@type":"SearchAction","target":{"@type":"EntryPoint","urlTemplate":"https:\/\/rooks-bet.com\/fr\/?s={search_term_string}"},"query-input":{"@type":"PropertyValueSpecification","valueRequired":true,"valueName":"search_term_string"}}],"inLanguage":"fr-FR"},{"@type":"Organization","@id":"https:\/\/rooks-bet.com\/fr\/#organization","name":"Rooksbet","url":"https:\/\/rooks-bet.com\/fr\/","logo":{"@type":"ImageObject","inLanguage":"fr-FR","@id":"https:\/\/rooks-bet.com\/fr\/#\/schema\/logo\/image\/","url":"https:\/\/rooks-bet.com\/wp-content\/uploads\/2025\/07\/80u1FaquEZeR6OUTeJCc.png","contentUrl":"https:\/\/rooks-bet.com\/wp-content\/uploads\/2025\/07\/80u1FaquEZeR6OUTeJCc.png","width":167,"height":44,"caption":"Rooksbet"},"image":{"@id":"https:\/\/rooks-bet.com\/fr\/#\/schema\/logo\/image\/"}}]}},"_links":{"self":[{"href":"https:\/\/rooks-bet.com\/fr\/wp-json\/wp\/v2\/pages\/1814","targetHints":{"allow":["GET"]}}],"collection":[{"href":"https:\/\/rooks-bet.com\/fr\/wp-json\/wp\/v2\/pages"}],"about":[{"href":"https:\/\/rooks-bet.com\/fr\/wp-json\/wp\/v2\/types\/page"}],"author":[{"embeddable":true,"href":"https:\/\/rooks-bet.com\/fr\/wp-json\/wp\/v2\/users\/1"}],"replies":[{"embeddable":true,"href":"https:\/\/rooks-bet.com\/fr\/wp-json\/wp\/v2\/comments?post=1814"}],"version-history":[{"count":2,"href":"https:\/\/rooks-bet.com\/fr\/wp-json\/wp\/v2\/pages\/1814\/revisions"}],"predecessor-version":[{"id":1998,"href":"https:\/\/rooks-bet.com\/fr\/wp-json\/wp\/v2\/pages\/1814\/revisions\/1998"}],"wp:attachment":[{"href":"https:\/\/rooks-bet.com\/fr\/wp-json\/wp\/v2\/media?parent=1814"}],"curies":[{"name":"wp","href":"https:\/\/api.w.org\/{rel}","templated":true}]}}