{"id":1857,"date":"2026-03-11T14:30:37","date_gmt":"2026-03-11T14:30:37","guid":{"rendered":"https:\/\/rooks-bet.com\/login-and-registration\/"},"modified":"2026-03-12T06:22:34","modified_gmt":"2026-03-12T06:22:34","slug":"connexion-et-inscription","status":"publish","type":"page","link":"https:\/\/rooks-bet.com\/fr\/connexion-et-inscription\/","title":{"rendered":"Connexion et inscription"},"content":{"rendered":"<h1>Connexion et inscription \u00e0 un compte Rooksbet<\/h1>\n<p>Une fois que vous aurez go\u00fbt\u00e9 au frisson de notre casino, vous vous rendrez compte que vous ne pouvez pas profiter pleinement du jeu sans Rooksbet login pour d\u00e9bloquer toutes les fonctionnalit\u00e9s et gagner gros. En cr\u00e9ant un compte chez nous, vous rejoignez des milliers de joueurs qui, comme vous, profitent de fonctionnalit\u00e9s high-tech incroyables et participent \u00e0 des tournois. Ils gagnent \u00e9galement \u00e0 des loteries et des e-sports, d\u00e9bloquent leur potentiel de richesse et se d\u00e9tendent en jouant \u00e0 leurs jeux pr\u00e9f\u00e9r\u00e9s.<\/p>\n<p><div class=\"banner-wrap\" aria-label=\"Banner\"><img src=\"https:\/\/rooks-bet.com\/wp-content\/uploads\/2026\/03\/Rooksbet-banner-desktop.webp\" class=\"w-100 d-none d-lg-block img-pc main-banner-img\" alt=\"rooksbet bonus desktop\" fetchpriority=\"high\" decoding=\"async\"><img src=\"https:\/\/rooks-bet.com\/wp-content\/uploads\/2026\/03\/Rooksbet-banner-mobile.webp\" class=\"w-100 d-none d-md-block d-lg-none main-banner-img\" alt=\"rooksbet bonus mobile\" fetchpriority=\"high\" decoding=\"async\"><img src=\"https:\/\/rooks-bet.com\/wp-content\/uploads\/2026\/03\/Rooksbet-banner-mobile.webp\" class=\"w-100 d-md-none\" alt=\"rooksbet bonus mobile\" fetchpriority=\"high\" decoding=\"async\"><div class=\"banner-description\">\n<div class=\"banner-title\">Bonus de bienvenue<\/div>\n<p class=\"banner-header-title\">\u20ac1,500<\/p>\n<div class=\"banner-header-AdditionalText\">+ 250 Tours gratuits<\/div>\n<button data-item=\"homepage_banner_link\" class=\"goto m-button m-gradient-border m-button--primary m-button--large banner-button btn-orange\">\n            <div class=\"m-button-content\">\n                <span>Inscrivez-vous d\u00e8s maintenant<\/span>\n                <span><\/span>\n            <\/div>\n        <\/button>\n<\/div>\n<div class=\"WelcomePack\">\n<p><img loading=\"lazy\" decoding=\"async\" class=\"alignnone size-full wp-image-1646\" src=\"https:\/\/rooks-bet.com\/wp-content\/uploads\/2026\/03\/welcome-crown.png\" alt=\"welcome crown\" width=\"25\" height=\"26\" \/><\/p>\n<div class=\"WelcomePack-Info\">Cashback hebdomadaire jusqu&rsquo;\u00e0 25 %<\/div>\n<p><img loading=\"lazy\" decoding=\"async\" class=\"alignnone size-full wp-image-1646\" src=\"https:\/\/rooks-bet.com\/wp-content\/uploads\/2026\/03\/welcome-crown.png\" alt=\"welcome crown\" width=\"25\" height=\"26\" \/><\/p>\n<\/div>\n<\/div><div class=\"scrollable-content-wrap my-5\"><div class=\"scrollable-content-inner\"><h2>Proc\u00e9dure d&rsquo;inscription sur Rooksbet<\/h2>\n<p>La cr\u00e9ation d&rsquo;un compte sur Rooksbet Casino est l&rsquo;\u00e9tape cl\u00e9 pour acc\u00e9der \u00e0 une multitude de possibilit\u00e9s de jeu. L&rsquo;inscription est rapide et s\u00e9curis\u00e9e, et nos utilisateurs ont acc\u00e8s \u00e0 leur tableau de bord personnel, o\u00f9 ils peuvent \u00e0 la fois d\u00e9poser des fonds, participer \u00e0 des promotions et d\u00e9couvrir une grande vari\u00e9t\u00e9 de jeux.<\/p>\n<p>Un compte pr\u00e9sente de nombreux avantages : des suggestions de jeux personnalis\u00e9es, l&rsquo;acc\u00e8s \u00e0 des offres sp\u00e9ciales et la possibilit\u00e9 d&rsquo;effectuer des retraits et des d\u00e9p\u00f4ts en toute simplicit\u00e9. Les joueurs ne saisissent que tr\u00e8s peu de donn\u00e9es personnelles lors de l&rsquo;inscription, et celles-ci sont soumises \u00e0 des r\u00e8gles de confidentialit\u00e9 strictes et \u00e0 des mesures de cryptage TLS 1.3. Pr\u00eat \u00e0 vous inscrire sur Rooks Bet Casino ? L&rsquo;inscription comprend les \u00e9tapes importantes suivantes :<\/p>\n<ol>\n<li>Acc\u00e9der \u00e0 la page d&rsquo;accueil de Rooksbet Casino ;<\/li>\n<li>Cliquez sur le bouton \u00ab S&rsquo;inscrire \u00bb ;<\/li>\n<li>Accepter les politiques et les r\u00e8gles, telles que la v\u00e9rification de l&rsquo;\u00e2ge et nos conditions g\u00e9n\u00e9rales. Prenez le temps de les lire ;<\/li>\n<li>V\u00e9rifiez votre compte via le lien de v\u00e9rification envoy\u00e9 \u00e0 votre adresse e-mail.<\/li>\n<\/ol>\n<p>Avec nous, tout se met en place. Nous avons enfin le meilleur joueur qui soit. Merci !<\/p>\n<h2>Modification des donn\u00e9es personnelles<\/h2>\n<p>Vous vous \u00eates inscrit et vous vous \u00eates connect\u00e9 pour la premi\u00e8re fois \u00e0 Rooksbet ? G\u00e9nial ! Mais nous vous recommandons maintenant de suivre quelques \u00e9tapes suppl\u00e9mentaires pour prot\u00e9ger votre compte et vos finances.<\/p>\n<ol>\n<li>Veuillez vous connecter \u00e0 Rooksbet.<\/li>\n<li>Acc\u00e9dez aux param\u00e8tres du compte dans le profil.<\/li>\n<li>Activez l&rsquo;authentification \u00e0 deux facteurs et connectez-vous \u00e0 votre compte e-mail.<\/li>\n<\/ol>\n<p>Suppl\u00e9mentaire :<\/p>\n<ul>\n<li>Modifiez r\u00e9guli\u00e8rement votre mot de passe Rooks Bet afin de prot\u00e9ger votre compte contre les escrocs.<\/li>\n<li>\u00a0Assurez-vous de ne recevoir aucun spam de la part de Rooks Bet. Nous ne vous envoyons que des documents promotionnels et des codes pour participer \u00e0 des tournois int\u00e9ressants, sans liens ni demandes d&rsquo;argent. Signalez tout message de ce type via le bouton de chat en direct !<\/li>\n<\/ul>\n<h2>\u00c9tapes de connexion \u00e0 Rooksbet<\/h2>\n<p>Le compte Rooksbet est facile \u00e0 utiliser : il suffit de se connecter pour acc\u00e9der \u00e0 toutes les fonctionnalit\u00e9s, telles que le tableau de bord de jeu, l&rsquo;\u00e9quipe d&rsquo;assistance, la section des d\u00e9p\u00f4ts, les retraits et la gestion du compte. Les \u00e9tapes sont les suivantes :<\/p>\n<p>Mais attendez, puisque vous \u00eates un joueur du casino Rooksbet, laissez-nous vous proposer un chemin int\u00e9ressant vers la victoire.<\/p>\n<table>\n<tbody>\n<tr>\n<td>\u00c9tapes de la mission<\/td>\n<td>D\u00e9tails de l&rsquo;action<\/td>\n<\/tr>\n<tr>\n<td>Rendez-vous sur notre page d&rsquo;accueil<\/td>\n<td>Rendez-vous sur la page d&rsquo;accueil du casino Rooksbet, votre portail vers les jeux en argent r\u00e9el.<\/td>\n<\/tr>\n<tr>\n<td>Connectez-vous au casino<\/td>\n<td>Situ\u00e9 dans le coin sup\u00e9rieur droit, cliquez ici pour d\u00e9bloquer votre pouvoir.<\/td>\n<\/tr>\n<tr>\n<td>Saisissez vos identifiants ou connectez-vous avec Google<\/td>\n<td>Saisissez votre nom d&rsquo;utilisateur, votre adresse e-mail enregistr\u00e9e ou votre mot de passe, votre cl\u00e9 pour l&rsquo;aventure.<\/td>\n<\/tr>\n<tr>\n<td>R\u00e9pondez aux contr\u00f4les de s\u00e9curit\u00e9 et effectuez notre processus de v\u00e9rification KYC<\/td>\n<td>Remplissez toutes les demandes de s\u00e9curit\u00e9 de notre \u00e9quipe d&rsquo;assistance afin de garantir la s\u00e9curit\u00e9 de votre compte.<\/td>\n<\/tr>\n<tr>\n<td>Cliquez sur \u00ab Connexion \u00bb.<\/td>\n<td>Cliquez sur le bouton pour acc\u00e9der \u00e0 votre compte et commencer \u00e0 jouer.<\/td>\n<\/tr>\n<\/tbody>\n<\/table>\n<p>Apr\u00e8s s&rsquo;\u00eatre connect\u00e9s au casino avec leur identifiant Rooksbet, les joueurs peuvent d\u00e9poser de l&rsquo;argent, participer \u00e0 des tournois, obtenir des bonus et g\u00e9rer les param\u00e8tres de leur compte. La plateforme s\u00e9curise toutes les informations gr\u00e2ce \u00e0 des algorithmes de cryptage avanc\u00e9s. Notre connexion Rooksbet est donc s\u00fbre et divertissante !<\/p>\n<p><img loading=\"lazy\" decoding=\"async\" src=\"https:\/\/rooks-bet.com\/wp-content\/uploads\/Rooksbet-Login.webp\" alt=\"Rooksbet Login\" width=\"1248\" height=\"536\" \/><\/p>\n<h2>V\u00e9rification du casino Rooks Bet<\/h2>\n<p>Nous avons mis en place une proc\u00e9dure KYC pour tous nos joueurs du casino Rooksbet. Elle est obligatoire. La v\u00e9rification est un \u00e9l\u00e9ment important pour garantir la s\u00e9curit\u00e9 du jeu et le respect des r\u00e8gles et r\u00e9glementations. Le processus de v\u00e9rification chez Rooks Bet consiste \u00e0 nous envoyer vos documents d&rsquo;identit\u00e9 et une facture de services publics afin de prouver que vous \u00eates un utilisateur r\u00e9el.<\/p>\n<p>Le processus implique g\u00e9n\u00e9ralement :<\/p>\n<ul>\n<li>T\u00e9l\u00e9chargez des scans ou des photos de vos documents d&rsquo;identit\u00e9 sur le tableau de bord de votre compte.<\/li>\n<li>Un membre de notre service d&rsquo;assistance multilingue proc\u00e8de \u00e0 la v\u00e9rification, ce qui prend g\u00e9n\u00e9ralement entre quelques heures et quelques jours, selon le nombre de demandes.<\/li>\n<li>Apr\u00e8s v\u00e9rification, les joueurs peuvent effectuer davantage de retraits et b\u00e9n\u00e9ficier d&rsquo;une plus grande s\u00e9curit\u00e9 sur leurs comptes. Et d&rsquo;une plus grande confiance de la part des autres joueurs de Rooks Bet Casino ! C&rsquo;est pr\u00e9cieux !<\/li>\n<\/ul>\n<p>Le processus de v\u00e9rification permet de pr\u00e9venir la fraude et le jeu des mineurs et de maintenir un comportement de jeu responsable. Veuillez donc vous conformer \u00e0 notre demande KYC et rejoindre notre chaleureuse communaut\u00e9 de fans.<\/p>\n<h2>Acc\u00e8s au compte<\/h2>\n<p>La possibilit\u00e9 d&rsquo;acc\u00e9der \u00e0 votre compte Rooksbet sur diff\u00e9rents appareils est toujours disponible apr\u00e8s votre inscription. Il vous suffit donc de conserver les informations de votre compte en lieu s\u00fbr, par exemple en les notant sur un bout de papier ou en les saisissant sur votre t\u00e9l\u00e9phone.<\/p>\n<p>Tous nos joueurs peuvent profiter de Rooksbet Casino sur leur ordinateur, leur t\u00e9l\u00e9phone, leur iPad et d&rsquo;autres tablettes.<\/p>\n<h2>FAQ<\/h2>\n<h3>Puis-je me connecter \u00e0 partir de plusieurs appareils ?<\/h3>\n<p>Techniquement, vous pouvez vous connecter \u00e0 plusieurs appareils. Rooksbet autorise la connexion multi-appareils, ce qui signifie que les joueurs peuvent utiliser notre casino Rooksbet sur n&rsquo;importe lequel de leurs t\u00e9l\u00e9phones, PC et tablettes en m\u00eame temps. Mais vous devez \u00e9galement faire attention \u00e0 la s\u00e9curit\u00e9. Si vous restez connect\u00e9 trop longtemps, notre syst\u00e8me de s\u00e9curit\u00e9 peut devenir m\u00e9fiant et vous d\u00e9connecter.<\/p>\n<h3>La connexion \u00e0 Rooks Bet est-elle s\u00e9curis\u00e9e ?<\/h3>\n<p>Aussi s\u00e9curis\u00e9e que possible. Rooksbet utilise les derni\u00e8res normes de cryptage et de confidentialit\u00e9 TLS 1.3 pour prot\u00e9ger les donn\u00e9es des utilisateurs lors de la gestion des comptes et d&rsquo;autres activit\u00e9s. Pour renforcer la s\u00e9curit\u00e9, notre site encourage \u00e9galement l&rsquo;utilisation de mots de passe forts et propose en option une authentification \u00e0 deux facteurs.<\/p>\n<h3>Pourquoi dois-je v\u00e9rifier mon compte avant de me connecter ?<\/h3>\n<p>La v\u00e9rification consiste en une proc\u00e9dure standard visant \u00e0 contr\u00f4ler l&rsquo;identit\u00e9 des joueurs de Rooksbet Casino et \u00e0 pr\u00e9venir la fraude et l&rsquo;escroquerie. Elle offre un environnement s\u00e9curis\u00e9 \u00e0 tous les utilisateurs, des limites de retrait plus \u00e9lev\u00e9es et d&rsquo;autres fonctionnalit\u00e9s de compte une fois termin\u00e9e. De plus, vous ne pouvez rejoindre notre programme VIP qu&rsquo;apr\u00e8s avoir pass\u00e9 le contr\u00f4le KYC.<\/p>\n<\/div><\/div><\/p>\n","protected":false},"excerpt":{"rendered":"<p>Connexion et inscription \u00e0 un compte Rooksbet Une fois que vous aurez go\u00fbt\u00e9 au frisson de notre casino, vous vous rendrez compte que vous ne pouvez pas profiter pleinement du jeu sans Rooksbet login pour d\u00e9bloquer toutes les fonctionnalit\u00e9s et gagner gros. En cr\u00e9ant un compte chez nous, vous rejoignez des milliers de joueurs qui, [&hellip;]<\/p>\n","protected":false},"author":1,"featured_media":0,"parent":0,"menu_order":0,"comment_status":"closed","ping_status":"closed","template":"template-builder.php","meta":{"_acf_changed":false,"inline_featured_image":false,"footnotes":""},"class_list":["post-1857","page","type-page","status-publish","hentry"],"acf":[],"yoast_head":"<!-- This site is optimized with the Yoast SEO plugin v27.3 - https:\/\/yoast.com\/product\/yoast-seo-wordpress\/ -->\n<title>Rooksbet Connexion \u2013 Inscription et Acc\u00e8s au Compte<\/title>\n<meta name=\"description\" content=\"Utilisez la connexion Rooksbet pour vous inscrire ou acc\u00e9der \u00e0 votre compte rapidement et en toute s\u00e9curit\u00e9. G\u00e9rez votre profil, vos d\u00e9p\u00f4ts et vos jeux facilement avec Rooks Bet.\" \/>\n<meta name=\"robots\" content=\"index, follow, max-snippet:-1, max-image-preview:large, max-video-preview:-1\" \/>\n<link rel=\"canonical\" href=\"https:\/\/rooks-bet.com\/fr\/connexion-et-inscription\/\" \/>\n<meta property=\"og:locale\" content=\"fr_FR\" \/>\n<meta property=\"og:type\" content=\"article\" \/>\n<meta property=\"og:title\" content=\"Rooksbet Connexion \u2013 Inscription et Acc\u00e8s au Compte\" \/>\n<meta property=\"og:description\" content=\"Utilisez la connexion Rooksbet pour vous inscrire ou acc\u00e9der \u00e0 votre compte rapidement et en toute s\u00e9curit\u00e9. G\u00e9rez votre profil, vos d\u00e9p\u00f4ts et vos jeux facilement avec Rooks Bet.\" \/>\n<meta property=\"og:url\" content=\"https:\/\/rooks-bet.com\/fr\/connexion-et-inscription\/\" \/>\n<meta property=\"og:site_name\" content=\"rooksbet\" \/>\n<meta property=\"article:modified_time\" content=\"2026-03-12T06:22:34+00:00\" \/>\n<meta name=\"twitter:card\" content=\"summary_large_image\" \/>\n<meta name=\"twitter:label1\" content=\"Dur\u00e9e de lecture estim\u00e9e\" \/>\n\t<meta name=\"twitter:data1\" content=\"1 minute\" \/>\n<script type=\"application\/ld+json\" class=\"yoast-schema-graph\">{\"@context\":\"https:\\\/\\\/schema.org\",\"@graph\":[{\"@type\":\"WebPage\",\"@id\":\"https:\\\/\\\/rooks-bet.com\\\/fr\\\/connexion-et-inscription\\\/\",\"url\":\"https:\\\/\\\/rooks-bet.com\\\/fr\\\/connexion-et-inscription\\\/\",\"name\":\"Rooksbet Connexion \u2013 Inscription et Acc\u00e8s au Compte\",\"isPartOf\":{\"@id\":\"https:\\\/\\\/rooks-bet.com\\\/fr\\\/#website\"},\"datePublished\":\"2026-03-11T14:30:37+00:00\",\"dateModified\":\"2026-03-12T06:22:34+00:00\",\"description\":\"Utilisez la connexion Rooksbet pour vous inscrire ou acc\u00e9der \u00e0 votre compte rapidement et en toute s\u00e9curit\u00e9. G\u00e9rez votre profil, vos d\u00e9p\u00f4ts et vos jeux facilement avec Rooks Bet.\",\"breadcrumb\":{\"@id\":\"https:\\\/\\\/rooks-bet.com\\\/fr\\\/connexion-et-inscription\\\/#breadcrumb\"},\"inLanguage\":\"fr-FR\",\"potentialAction\":[{\"@type\":\"ReadAction\",\"target\":[\"https:\\\/\\\/rooks-bet.com\\\/fr\\\/connexion-et-inscription\\\/\"]}]},{\"@type\":\"BreadcrumbList\",\"@id\":\"https:\\\/\\\/rooks-bet.com\\\/fr\\\/connexion-et-inscription\\\/#breadcrumb\",\"itemListElement\":[{\"@type\":\"ListItem\",\"position\":1,\"name\":\"Rooksbet\",\"item\":\"https:\\\/\\\/rooks-bet.com\\\/fr\\\/\"},{\"@type\":\"ListItem\",\"position\":2,\"name\":\"Connexion et inscription\"}]},{\"@type\":\"WebSite\",\"@id\":\"https:\\\/\\\/rooks-bet.com\\\/fr\\\/#website\",\"url\":\"https:\\\/\\\/rooks-bet.com\\\/fr\\\/\",\"name\":\"Rooksbet\",\"description\":\"\",\"publisher\":{\"@id\":\"https:\\\/\\\/rooks-bet.com\\\/fr\\\/#organization\"},\"potentialAction\":[{\"@type\":\"SearchAction\",\"target\":{\"@type\":\"EntryPoint\",\"urlTemplate\":\"https:\\\/\\\/rooks-bet.com\\\/fr\\\/?s={search_term_string}\"},\"query-input\":{\"@type\":\"PropertyValueSpecification\",\"valueRequired\":true,\"valueName\":\"search_term_string\"}}],\"inLanguage\":\"fr-FR\"},{\"@type\":\"Organization\",\"@id\":\"https:\\\/\\\/rooks-bet.com\\\/fr\\\/#organization\",\"name\":\"Rooksbet\",\"url\":\"https:\\\/\\\/rooks-bet.com\\\/fr\\\/\",\"logo\":{\"@type\":\"ImageObject\",\"inLanguage\":\"fr-FR\",\"@id\":\"https:\\\/\\\/rooks-bet.com\\\/fr\\\/#\\\/schema\\\/logo\\\/image\\\/\",\"url\":\"https:\\\/\\\/rooks-bet.com\\\/wp-content\\\/uploads\\\/2025\\\/07\\\/80u1FaquEZeR6OUTeJCc.png\",\"contentUrl\":\"https:\\\/\\\/rooks-bet.com\\\/wp-content\\\/uploads\\\/2025\\\/07\\\/80u1FaquEZeR6OUTeJCc.png\",\"width\":167,\"height\":44,\"caption\":\"Rooksbet\"},\"image\":{\"@id\":\"https:\\\/\\\/rooks-bet.com\\\/fr\\\/#\\\/schema\\\/logo\\\/image\\\/\"}}]}<\/script>\n<!-- \/ Yoast SEO plugin. -->","yoast_head_json":{"title":"Rooksbet Connexion \u2013 Inscription et Acc\u00e8s au Compte","description":"Utilisez la connexion Rooksbet pour vous inscrire ou acc\u00e9der \u00e0 votre compte rapidement et en toute s\u00e9curit\u00e9. G\u00e9rez votre profil, vos d\u00e9p\u00f4ts et vos jeux facilement avec Rooks Bet.","robots":{"index":"index","follow":"follow","max-snippet":"max-snippet:-1","max-image-preview":"max-image-preview:large","max-video-preview":"max-video-preview:-1"},"canonical":"https:\/\/rooks-bet.com\/fr\/connexion-et-inscription\/","og_locale":"fr_FR","og_type":"article","og_title":"Rooksbet Connexion \u2013 Inscription et Acc\u00e8s au Compte","og_description":"Utilisez la connexion Rooksbet pour vous inscrire ou acc\u00e9der \u00e0 votre compte rapidement et en toute s\u00e9curit\u00e9. G\u00e9rez votre profil, vos d\u00e9p\u00f4ts et vos jeux facilement avec Rooks Bet.","og_url":"https:\/\/rooks-bet.com\/fr\/connexion-et-inscription\/","og_site_name":"rooksbet","article_modified_time":"2026-03-12T06:22:34+00:00","twitter_card":"summary_large_image","twitter_misc":{"Dur\u00e9e de lecture estim\u00e9e":"1 minute"},"schema":{"@context":"https:\/\/schema.org","@graph":[{"@type":"WebPage","@id":"https:\/\/rooks-bet.com\/fr\/connexion-et-inscription\/","url":"https:\/\/rooks-bet.com\/fr\/connexion-et-inscription\/","name":"Rooksbet Connexion \u2013 Inscription et Acc\u00e8s au Compte","isPartOf":{"@id":"https:\/\/rooks-bet.com\/fr\/#website"},"datePublished":"2026-03-11T14:30:37+00:00","dateModified":"2026-03-12T06:22:34+00:00","description":"Utilisez la connexion Rooksbet pour vous inscrire ou acc\u00e9der \u00e0 votre compte rapidement et en toute s\u00e9curit\u00e9. G\u00e9rez votre profil, vos d\u00e9p\u00f4ts et vos jeux facilement avec Rooks Bet.","breadcrumb":{"@id":"https:\/\/rooks-bet.com\/fr\/connexion-et-inscription\/#breadcrumb"},"inLanguage":"fr-FR","potentialAction":[{"@type":"ReadAction","target":["https:\/\/rooks-bet.com\/fr\/connexion-et-inscription\/"]}]},{"@type":"BreadcrumbList","@id":"https:\/\/rooks-bet.com\/fr\/connexion-et-inscription\/#breadcrumb","itemListElement":[{"@type":"ListItem","position":1,"name":"Rooksbet","item":"https:\/\/rooks-bet.com\/fr\/"},{"@type":"ListItem","position":2,"name":"Connexion et inscription"}]},{"@type":"WebSite","@id":"https:\/\/rooks-bet.com\/fr\/#website","url":"https:\/\/rooks-bet.com\/fr\/","name":"Rooksbet","description":"","publisher":{"@id":"https:\/\/rooks-bet.com\/fr\/#organization"},"potentialAction":[{"@type":"SearchAction","target":{"@type":"EntryPoint","urlTemplate":"https:\/\/rooks-bet.com\/fr\/?s={search_term_string}"},"query-input":{"@type":"PropertyValueSpecification","valueRequired":true,"valueName":"search_term_string"}}],"inLanguage":"fr-FR"},{"@type":"Organization","@id":"https:\/\/rooks-bet.com\/fr\/#organization","name":"Rooksbet","url":"https:\/\/rooks-bet.com\/fr\/","logo":{"@type":"ImageObject","inLanguage":"fr-FR","@id":"https:\/\/rooks-bet.com\/fr\/#\/schema\/logo\/image\/","url":"https:\/\/rooks-bet.com\/wp-content\/uploads\/2025\/07\/80u1FaquEZeR6OUTeJCc.png","contentUrl":"https:\/\/rooks-bet.com\/wp-content\/uploads\/2025\/07\/80u1FaquEZeR6OUTeJCc.png","width":167,"height":44,"caption":"Rooksbet"},"image":{"@id":"https:\/\/rooks-bet.com\/fr\/#\/schema\/logo\/image\/"}}]}},"_links":{"self":[{"href":"https:\/\/rooks-bet.com\/fr\/wp-json\/wp\/v2\/pages\/1857","targetHints":{"allow":["GET"]}}],"collection":[{"href":"https:\/\/rooks-bet.com\/fr\/wp-json\/wp\/v2\/pages"}],"about":[{"href":"https:\/\/rooks-bet.com\/fr\/wp-json\/wp\/v2\/types\/page"}],"author":[{"embeddable":true,"href":"https:\/\/rooks-bet.com\/fr\/wp-json\/wp\/v2\/users\/1"}],"replies":[{"embeddable":true,"href":"https:\/\/rooks-bet.com\/fr\/wp-json\/wp\/v2\/comments?post=1857"}],"version-history":[{"count":2,"href":"https:\/\/rooks-bet.com\/fr\/wp-json\/wp\/v2\/pages\/1857\/revisions"}],"predecessor-version":[{"id":2000,"href":"https:\/\/rooks-bet.com\/fr\/wp-json\/wp\/v2\/pages\/1857\/revisions\/2000"}],"wp:attachment":[{"href":"https:\/\/rooks-bet.com\/fr\/wp-json\/wp\/v2\/media?parent=1857"}],"curies":[{"name":"wp","href":"https:\/\/api.w.org\/{rel}","templated":true}]}}