{"id":1819,"date":"2026-03-11T14:24:23","date_gmt":"2026-03-11T14:24:23","guid":{"rendered":"https:\/\/rooks-bet.com\/app\/"},"modified":"2026-03-12T07:55:15","modified_gmt":"2026-03-12T07:55:15","slug":"applicazione","status":"publish","type":"page","link":"https:\/\/rooks-bet.com\/it\/applicazione\/","title":{"rendered":"Applicazione"},"content":{"rendered":"<h1>Piattaforma mobile Rooksbet<\/h1>\n<p>Rooksbet app \u00e8 una vera rivoluzione per il gioco d&#8217;azzardo online. Questa app elegante ed efficiente \u00e8 comoda e facile da usare sui dispositivi mobili. Puoi giocare sul tuo cellulare o comodamente da casa tua. L&#8217;applicazione Rooks Bet Casino ha tutte le funzioni necessarie a portata di mano. I giocatori italiani potranno vivere un&#8217;esperienza totalmente coinvolgente su qualsiasi dispositivo di loro scelta.<\/p>\n<div class=\"banner-wrap\" aria-label=\"Banner\"><img src=\"https:\/\/rooks-bet.com\/wp-content\/uploads\/2026\/03\/Rooksbet-banner-desktop.webp\" class=\"w-100 d-none d-lg-block img-pc main-banner-img\" alt=\"rooksbet bonus desktop\" fetchpriority=\"high\" decoding=\"async\"><img src=\"https:\/\/rooks-bet.com\/wp-content\/uploads\/2026\/03\/Rooksbet-banner-mobile.webp\" class=\"w-100 d-none d-md-block d-lg-none main-banner-img\" alt=\"rooksbet bonus mobile\" fetchpriority=\"high\" decoding=\"async\"><img src=\"https:\/\/rooks-bet.com\/wp-content\/uploads\/2026\/03\/Rooksbet-banner-mobile.webp\" class=\"w-100 d-md-none\" alt=\"rooksbet bonus mobile\" fetchpriority=\"high\" decoding=\"async\"><div class=\"banner-description\">\n<div class=\"banner-title\">Bonus di benvenuto<\/div>\n<p class=\"banner-header-title\">\u20ac1,500<\/p>\n<div class=\"banner-header-AdditionalText\">+ 250 giri gratuiti<\/div>\n<button data-item=\"homepage_banner_link\" class=\"goto m-button m-gradient-border m-button--primary m-button--large banner-button btn-orange\">\n            <div class=\"m-button-content\">\n                <span>Registrati ora<\/span>\n                <span><\/span>\n            <\/div>\n        <\/button>\n<\/div>\n<div class=\"WelcomePack\">\n<p><img loading=\"lazy\" decoding=\"async\" class=\"alignnone size-full wp-image-1648\" src=\"https:\/\/rooks-bet.com\/wp-content\/uploads\/2026\/03\/welcome-crown.png\" alt=\"welcome crown\" width=\"25\" height=\"26\" \/><\/p>\n<div class=\"WelcomePack-Info\">Cashback settimanale fino al 25%<\/div>\n<p><img loading=\"lazy\" decoding=\"async\" class=\"alignnone size-full wp-image-1648\" src=\"https:\/\/rooks-bet.com\/wp-content\/uploads\/2026\/03\/welcome-crown.png\" alt=\"welcome crown\" width=\"25\" height=\"26\" \/><\/p>\n<\/div>\n<\/div>\n<h2>Caratteristiche dell&#8217;app Rooksbet<\/h2>\n<p>L&#8217;app Rooksbet ha una combinazione di caratteristiche che colpiscono per funzionalit\u00e0 e praticit\u00e0. Puoi migliorare notevolmente l&#8217;esperienza di gioco sul telefono. La sua interfaccia intuitiva rende la navigazione facile e puoi goderti una vasta gamma di slot online, giochi da tavolo e collezioni di libri suggestivi che offriamo. Abbiamo molti vantaggi davvero interessanti per te:<\/p>\n<ul>\n<li>Bonus e promozioni integrati<\/li>\n<li>Tornei in tempo reale<\/li>\n<li>Transazioni sicure<\/li>\n<li>Accesso immediato agli strumenti di gestione del tuo account Rooksbet Casino<\/li>\n<li>Accesso 24 ore su 24 a tutte le funzionalit\u00e0 del casin\u00f2, come depositi, prelievi, processo di verifica e cronologia di gioco tramite l&#8217;app Rooksbet<\/li>\n<li>Pi\u00f9 facile e veloce rispetto all&#8217;uso di un PC, che pu\u00f2 essere noioso<\/li>\n<li>Design adattivo che consente controlli touch per un&#8217;esperienza di gioco mobile senza interruzioni<\/li>\n<li>Esperienza simile a quella di un computer desktop su un telefono cellulare<\/li>\n<\/ul>\n<p>Sull&#8217;app puoi anche partecipare ai giochi dal vivo quando sono attivi e vincere denaro in tempo reale. Il design punta sulla velocit\u00e0 e sull&#8217;affidabilit\u00e0, riducendo i tempi di caricamento e garantendo un gameplay fluido anche su dispositivi meno potenti.<\/p>\n<p><div class=\"scrollable-content-wrap my-5\"><div class=\"scrollable-content-inner\"><h2>App Rooksbet per sistema operativo Android<\/h2>\n<p>L&#8217;app Rooksbet per Android \u00e8 anche una Progressive Web Application (PWA). Riceverai sicuramente enormi vantaggi, come quelli delle applicazioni APK convenzionali. Questa versione non \u00e8 pesante e quindi si carica rapidamente e non richiede alcun tarring o download da altre fonti o negozi di applicazioni. Rooksbet Casino PWA offre un pacchetto completo di servizi che comprende aggiornamenti in tempo reale, sicurezza e compatibilit\u00e0 con un&#8217;ampia gamma di dispositivi Android.<\/p>\n<p><img loading=\"lazy\" decoding=\"async\" src=\"https:\/\/rooks-bet.com\/wp-content\/uploads\/Rooksbet-Android-App.webp\" alt=\"Rooksbet Android App\" width=\"1248\" height=\"536\" \/><\/p>\n<\/div><\/div><div style=\"clear: both\"><\/div><div class=\"d-flex justify-content-center\"><button data-item=\"decouvrez_link\" data-group=\"website_links\" class=\"goto fw-bold rounded-pill btn btn-orange\" aria-label=\"Scarica l&#039;app Rooksbet\" >Scarica l&#039;app Rooksbet<\/button><\/div><div class=\"scrollable-content-wrap my-5\"><div class=\"scrollable-content-inner\"><h2>Autorizzazioni di sicurezza<\/h2>\n<p>L&#8217;app Rooks Bet ha a cuore la sicurezza degli utenti, ed \u00e8 per questo che segue rigorosamente gli standard di sicurezza. La PWA funziona anche su HTTPS, che garantisce transazioni e gameplay sicuri. Inoltre, l&#8217;app Rooksbet richiede pochissime autorizzazioni, solo quelle necessarie, come le notifiche o l&#8217;accesso alla memoria del dispositivo quando necessario, il che mantiene intatta la privacy degli utenti in ogni momento.<\/p>\n<h2>App Rooksbet per iOS<\/h2>\n<p>Anche i possessori di prodotti Apple non rimarranno delusi. La versione dell&#8217;app Rooksbet su iOS ha un design sofisticato e caratteristiche tecniche avanzate. L&#8217;abbiamo personalizzata per gli utenti di dispositivi Apple. Ha anche un&#8217;interfaccia fluida e intuitiva che si adatta agli schermi di iPhone e iPad e mantiene la navigazione intuitiva e la velocit\u00e0 di caricamento dei giochi. L&#8217;applicazione \u00e8 inoltre compatibile con tutte le funzionalit\u00e0 fondamentali, come l&#8217;assistenza tramite chat live, la verifica dell&#8217;account e il regolamento delle transazioni bancarie, tra le altre funzioni, ma in un ambiente sicuro che \u00e8 in linea con i rigorosi standard di Apple. Ma ecco cosa devi sapere sull&#8217;app PWA di Rooksbet Casino:<\/p>\n<table>\n<tbody>\n<tr>\n<td>Caratteristica<\/td>\n<td>Cosa devono sapere i possessori di dispositivi Apple<\/td>\n<\/tr>\n<tr>\n<td>Ottimizzata per dispositivi iOS<\/td>\n<td>Supporta funzioni essenziali come la corrispondenza con il team di assistenza, la verifica dell&#8217;account e le transazioni bancarie in un ambiente sicuro.<\/td>\n<\/tr>\n<tr>\n<td>Navigazione comoda<\/td>\n<td>Facile da navigare con comandi nitidi e reattivi su misura per i touch screen.<\/td>\n<\/tr>\n<tr>\n<td>Tempi di caricamento rapidi<\/td>\n<td>I tempi di caricamento rapidi per giochi e funzionalit\u00e0 garantiscono un&#8217;esperienza di gioco fluida.<\/td>\n<\/tr>\n<tr>\n<td>Standard di sicurezza rigorosi<\/td>\n<td>Mantiene elevati standard di sicurezza in linea con le rigide politiche di Apple.<\/td>\n<\/tr>\n<tr>\n<td>Rispetto delle linee guida di sicurezza di Apple<\/td>\n<td>Implementiamo una crittografia avanzata, un&#8217;autenticazione sicura e il sandboxing per proteggere i dati degli utenti. Dobbiamo ottenere il consenso degli utenti per la raccolta dei dati, aggiornare regolarmente il sistema per individuare eventuali vulnerabilit\u00e0 e sottoporlo a una revisione approfondita per prevenire la presenza di malware.<\/td>\n<\/tr>\n<tr>\n<td>Prestazioni affidabili<\/td>\n<td>Offre una simulazione di gioco piacevole senza ritardi o interruzioni.<\/td>\n<\/tr>\n<tr>\n<td>Transazioni sicure<\/td>\n<td>Garantisce la sicurezza dei depositi, dei prelievi e della gestione dell&#8217;account Rooksbet Casino.<\/td>\n<\/tr>\n<\/tbody>\n<\/table>\n<p>L&#8217;applicazione iOS rende facile e divertente giocare alle slot online, interagire con i croupier dal vivo e partecipare ai tornei su tutti i suoi prodotti. Funziona bene, \u00e8 molto reattiva e ha i migliori controlli touch, migliorando l&#8217;esperienza del casin\u00f2 mobile.<\/p>\n<p><img loading=\"lazy\" decoding=\"async\" src=\"https:\/\/rooks-bet.com\/wp-content\/uploads\/Rooksbet-iOS-App.webp\" alt=\"Rooksbet iOS App\" width=\"1248\" height=\"536\" \/><\/p>\n<\/div><\/div><div style=\"clear: both\"><\/div><div class=\"d-flex justify-content-center\"><button data-item=\"decouvrez_link\" data-group=\"website_links\" class=\"goto fw-bold rounded-pill btn btn-orange\" aria-label=\"Scarica Rooksbet\" >Scarica Rooksbet<\/button><\/div><div class=\"scrollable-content-wrap my-5\"><div class=\"scrollable-content-inner\"><h2>Versione desktop di Rooks Bet Casino<\/h2>\n<p>Rooksbet Casino offre anche una versione desktop completa compatibile con Windows e macOS. L&#8217;abbiamo creata per coloro che preferiscono giocare su schermi di grandi dimensioni. La piattaforma desktop supporta tutto ci\u00f2 che fa la piattaforma mobile, come l&#8217;assistenza tramite chat live, la personalizzazione dei giochi e la gestione dell&#8217;account. Ha un ambiente ad alte prestazioni per soddisfare i gusti di ogni giocatore. Quindi, poich\u00e9 si tratta di una versione completamente funzionante, puoi guardare la tua partita di poker o girare la Ruota della Fortuna su monitor di grandi dimensioni per una visione dettagliata di tutte le opzioni di gioco.<\/p>\n<p>La versione desktop di Rooksbet Casino \u00e8 compatibile con Internet veloce e schermi ad alta risoluzione. Tutto ci\u00f2 rende la nostra app Rooksbet la scelta migliore per i giocatori che apprezzano un&#8217;esperienza di gioco completa con una grafica pi\u00f9 ricca ed effetti sonori pi\u00f9 coinvolgenti.<\/p>\n<p><img loading=\"lazy\" decoding=\"async\" src=\"https:\/\/rooks-bet.com\/wp-content\/uploads\/Rooksbet-Desktop.webp\" alt=\"Rooksbet Desktop\" width=\"1248\" height=\"536\" \/><\/p>\n<\/div><\/div><div style=\"clear: both\"><\/div><div class=\"d-flex justify-content-center\"><button data-item=\"decouvrez_link\" data-group=\"website_links\" class=\"goto fw-bold rounded-pill btn btn-orange\" aria-label=\"Scarica l&#039;app Rooksbet\" >Scarica l&#039;app Rooksbet<\/button><\/div><div class=\"scrollable-content-wrap my-5\"><div class=\"scrollable-content-inner\"><h2>Interfaccia ottimizzata per i comandi touch<\/h2>\n<p>Il casin\u00f2 mobile Rooksbet \u00e8 ottimo anche sui dispositivi touch e l&#8217;interfaccia funziona perfettamente al tocco, rendendo tutti i pulsanti, i menu e le altre funzioni relative al gioco facilmente raggiungibili e controllabili. Il design si adatta a qualsiasi dimensione dello schermo\u2014su smartphone, tablet, iPad\u2014e offre un&#8217;esperienza di gioco piacevole e confortevole.<\/p>\n<p>Si tratta di un&#8217;interfaccia ottimizzata che facilita la navigazione tra le categorie di giochi, le impostazioni dell&#8217;account e le sezioni promozionali, consentendo ai giocatori di godersi i loro titoli preferiti senza interruzioni.<\/p>\n<h2>Domande frequenti<\/h2>\n<h3>L&#8217;app \u00e8 ottimizzata per tablet e schermi pi\u00f9 grandi?<\/h3>\n<p>L&#8217;app Rooksbet \u00e8 ottimizzata per tablet e display pi\u00f9 grandi: dobbiamo soddisfare tutti i giocatori! Indipendentemente dalle dimensioni del tuo dispositivo, puoi divertirti a giocare ai giochi di Rooks Bet Casino. In particolare, le nostre fantastiche slot sono perfette sullo schermo.<\/p>\n<h3>La PWA si aggiorna automaticamente?<\/h3>\n<p>S\u00ec. La PWA di Rooksbet Casino si aggiorna automaticamente in background quando \u00e8 disponibile una nuova versione. In questo modo i giocatori avranno sempre a disposizione le funzionalit\u00e0 pi\u00f9 recenti, le patch di sicurezza e i miglioramenti delle prestazioni senza doverlo fare manualmente.<\/p>\n<h3>Tutti i giochi di Rooks Bet Casino sono disponibili nell&#8217;app?<\/h3>\n<p>L&#8217;app Rooksbet offre agli utenti la selezione completa di slot online, giochi da tavolo e prodotti con croupier dal vivo disponibili su desktop. Non dovrai preoccuparti di rimanere fuori dal giro, perch\u00e9 avrai tutte le offerte di Rooks Bet: il nostro catalogo completo di 6.000 giochi, la possibilit\u00e0 di partecipare alle competizioni online e alle nuove uscite e ai titoli pi\u00f9 popolari, e quindi un&#8217;esperienza di gioco completa su tutti i dispositivi.<\/p>\n<\/div><\/div><\/p>\n","protected":false},"excerpt":{"rendered":"<p>Piattaforma mobile Rooksbet Rooksbet app \u00e8 una vera rivoluzione per il gioco d&#8217;azzardo online. Questa app elegante ed efficiente \u00e8 comoda e facile da usare sui dispositivi mobili. Puoi giocare sul tuo cellulare o comodamente da casa tua. L&#8217;applicazione Rooks Bet Casino ha tutte le funzioni necessarie a portata di mano. I giocatori italiani potranno [&hellip;]<\/p>\n","protected":false},"author":1,"featured_media":0,"parent":0,"menu_order":0,"comment_status":"closed","ping_status":"closed","template":"template-builder.php","meta":{"_acf_changed":false,"inline_featured_image":false,"footnotes":""},"class_list":["post-1819","page","type-page","status-publish","hentry"],"acf":[],"yoast_head":"<!-- This site is optimized with the Yoast SEO plugin v27.3 - https:\/\/yoast.com\/product\/yoast-seo-wordpress\/ -->\n<title>App Rooksbet | App Ufficiale per Android &amp; iOS<\/title>\n<meta name=\"description\" content=\"Scarica l\u2019app ufficiale Rooksbet per Android e iOS e gioca a slot, giochi da tavolo e casin\u00f2 live sul tuo dispositivo mobile. Accesso rapido e funzionalit\u00e0 complete con Rooks Bet.\" \/>\n<meta name=\"robots\" content=\"index, follow, max-snippet:-1, max-image-preview:large, max-video-preview:-1\" \/>\n<link rel=\"canonical\" href=\"https:\/\/rooks-bet.com\/it\/applicazione\/\" \/>\n<meta property=\"og:locale\" content=\"it_IT\" \/>\n<meta property=\"og:type\" content=\"article\" \/>\n<meta property=\"og:title\" content=\"App Rooksbet | App Ufficiale per Android &amp; iOS\" \/>\n<meta property=\"og:description\" content=\"Scarica l\u2019app ufficiale Rooksbet per Android e iOS e gioca a slot, giochi da tavolo e casin\u00f2 live sul tuo dispositivo mobile. Accesso rapido e funzionalit\u00e0 complete con Rooks Bet.\" \/>\n<meta property=\"og:url\" content=\"https:\/\/rooks-bet.com\/it\/applicazione\/\" \/>\n<meta property=\"og:site_name\" content=\"rooksbet\" \/>\n<meta property=\"article:modified_time\" content=\"2026-03-12T07:55:15+00:00\" \/>\n<meta name=\"twitter:card\" content=\"summary_large_image\" \/>\n<meta name=\"twitter:label1\" content=\"Est. reading time\" \/>\n\t<meta name=\"twitter:data1\" content=\"2 minuti\" \/>\n<script type=\"application\/ld+json\" class=\"yoast-schema-graph\">{\"@context\":\"https:\\\/\\\/schema.org\",\"@graph\":[{\"@type\":\"WebPage\",\"@id\":\"https:\\\/\\\/rooks-bet.com\\\/it\\\/applicazione\\\/\",\"url\":\"https:\\\/\\\/rooks-bet.com\\\/it\\\/applicazione\\\/\",\"name\":\"App Rooksbet | App Ufficiale per Android & iOS\",\"isPartOf\":{\"@id\":\"https:\\\/\\\/rooks-bet.com\\\/it\\\/#website\"},\"datePublished\":\"2026-03-11T14:24:23+00:00\",\"dateModified\":\"2026-03-12T07:55:15+00:00\",\"description\":\"Scarica l\u2019app ufficiale Rooksbet per Android e iOS e gioca a slot, giochi da tavolo e casin\u00f2 live sul tuo dispositivo mobile. Accesso rapido e funzionalit\u00e0 complete con Rooks Bet.\",\"breadcrumb\":{\"@id\":\"https:\\\/\\\/rooks-bet.com\\\/it\\\/applicazione\\\/#breadcrumb\"},\"inLanguage\":\"it-IT\",\"potentialAction\":[{\"@type\":\"ReadAction\",\"target\":[\"https:\\\/\\\/rooks-bet.com\\\/it\\\/applicazione\\\/\"]}]},{\"@type\":\"BreadcrumbList\",\"@id\":\"https:\\\/\\\/rooks-bet.com\\\/it\\\/applicazione\\\/#breadcrumb\",\"itemListElement\":[{\"@type\":\"ListItem\",\"position\":1,\"name\":\"Rooksbet\",\"item\":\"https:\\\/\\\/rooks-bet.com\\\/it\\\/\"},{\"@type\":\"ListItem\",\"position\":2,\"name\":\"Applicazione\"}]},{\"@type\":\"WebSite\",\"@id\":\"https:\\\/\\\/rooks-bet.com\\\/it\\\/#website\",\"url\":\"https:\\\/\\\/rooks-bet.com\\\/it\\\/\",\"name\":\"Rooksbet\",\"description\":\"\",\"publisher\":{\"@id\":\"https:\\\/\\\/rooks-bet.com\\\/it\\\/#organization\"},\"potentialAction\":[{\"@type\":\"SearchAction\",\"target\":{\"@type\":\"EntryPoint\",\"urlTemplate\":\"https:\\\/\\\/rooks-bet.com\\\/it\\\/?s={search_term_string}\"},\"query-input\":{\"@type\":\"PropertyValueSpecification\",\"valueRequired\":true,\"valueName\":\"search_term_string\"}}],\"inLanguage\":\"it-IT\"},{\"@type\":\"Organization\",\"@id\":\"https:\\\/\\\/rooks-bet.com\\\/it\\\/#organization\",\"name\":\"Rooksbet\",\"url\":\"https:\\\/\\\/rooks-bet.com\\\/it\\\/\",\"logo\":{\"@type\":\"ImageObject\",\"inLanguage\":\"it-IT\",\"@id\":\"https:\\\/\\\/rooks-bet.com\\\/it\\\/#\\\/schema\\\/logo\\\/image\\\/\",\"url\":\"https:\\\/\\\/rooks-bet.com\\\/wp-content\\\/uploads\\\/2025\\\/07\\\/80u1FaquEZeR6OUTeJCc.png\",\"contentUrl\":\"https:\\\/\\\/rooks-bet.com\\\/wp-content\\\/uploads\\\/2025\\\/07\\\/80u1FaquEZeR6OUTeJCc.png\",\"width\":167,\"height\":44,\"caption\":\"Rooksbet\"},\"image\":{\"@id\":\"https:\\\/\\\/rooks-bet.com\\\/it\\\/#\\\/schema\\\/logo\\\/image\\\/\"}}]}<\/script>\n<!-- \/ Yoast SEO plugin. -->","yoast_head_json":{"title":"App Rooksbet | App Ufficiale per Android & iOS","description":"Scarica l\u2019app ufficiale Rooksbet per Android e iOS e gioca a slot, giochi da tavolo e casin\u00f2 live sul tuo dispositivo mobile. Accesso rapido e funzionalit\u00e0 complete con Rooks Bet.","robots":{"index":"index","follow":"follow","max-snippet":"max-snippet:-1","max-image-preview":"max-image-preview:large","max-video-preview":"max-video-preview:-1"},"canonical":"https:\/\/rooks-bet.com\/it\/applicazione\/","og_locale":"it_IT","og_type":"article","og_title":"App Rooksbet | App Ufficiale per Android & iOS","og_description":"Scarica l\u2019app ufficiale Rooksbet per Android e iOS e gioca a slot, giochi da tavolo e casin\u00f2 live sul tuo dispositivo mobile. Accesso rapido e funzionalit\u00e0 complete con Rooks Bet.","og_url":"https:\/\/rooks-bet.com\/it\/applicazione\/","og_site_name":"rooksbet","article_modified_time":"2026-03-12T07:55:15+00:00","twitter_card":"summary_large_image","twitter_misc":{"Est. reading time":"2 minuti"},"schema":{"@context":"https:\/\/schema.org","@graph":[{"@type":"WebPage","@id":"https:\/\/rooks-bet.com\/it\/applicazione\/","url":"https:\/\/rooks-bet.com\/it\/applicazione\/","name":"App Rooksbet | App Ufficiale per Android & iOS","isPartOf":{"@id":"https:\/\/rooks-bet.com\/it\/#website"},"datePublished":"2026-03-11T14:24:23+00:00","dateModified":"2026-03-12T07:55:15+00:00","description":"Scarica l\u2019app ufficiale Rooksbet per Android e iOS e gioca a slot, giochi da tavolo e casin\u00f2 live sul tuo dispositivo mobile. Accesso rapido e funzionalit\u00e0 complete con Rooks Bet.","breadcrumb":{"@id":"https:\/\/rooks-bet.com\/it\/applicazione\/#breadcrumb"},"inLanguage":"it-IT","potentialAction":[{"@type":"ReadAction","target":["https:\/\/rooks-bet.com\/it\/applicazione\/"]}]},{"@type":"BreadcrumbList","@id":"https:\/\/rooks-bet.com\/it\/applicazione\/#breadcrumb","itemListElement":[{"@type":"ListItem","position":1,"name":"Rooksbet","item":"https:\/\/rooks-bet.com\/it\/"},{"@type":"ListItem","position":2,"name":"Applicazione"}]},{"@type":"WebSite","@id":"https:\/\/rooks-bet.com\/it\/#website","url":"https:\/\/rooks-bet.com\/it\/","name":"Rooksbet","description":"","publisher":{"@id":"https:\/\/rooks-bet.com\/it\/#organization"},"potentialAction":[{"@type":"SearchAction","target":{"@type":"EntryPoint","urlTemplate":"https:\/\/rooks-bet.com\/it\/?s={search_term_string}"},"query-input":{"@type":"PropertyValueSpecification","valueRequired":true,"valueName":"search_term_string"}}],"inLanguage":"it-IT"},{"@type":"Organization","@id":"https:\/\/rooks-bet.com\/it\/#organization","name":"Rooksbet","url":"https:\/\/rooks-bet.com\/it\/","logo":{"@type":"ImageObject","inLanguage":"it-IT","@id":"https:\/\/rooks-bet.com\/it\/#\/schema\/logo\/image\/","url":"https:\/\/rooks-bet.com\/wp-content\/uploads\/2025\/07\/80u1FaquEZeR6OUTeJCc.png","contentUrl":"https:\/\/rooks-bet.com\/wp-content\/uploads\/2025\/07\/80u1FaquEZeR6OUTeJCc.png","width":167,"height":44,"caption":"Rooksbet"},"image":{"@id":"https:\/\/rooks-bet.com\/it\/#\/schema\/logo\/image\/"}}]}},"_links":{"self":[{"href":"https:\/\/rooks-bet.com\/it\/wp-json\/wp\/v2\/pages\/1819","targetHints":{"allow":["GET"]}}],"collection":[{"href":"https:\/\/rooks-bet.com\/it\/wp-json\/wp\/v2\/pages"}],"about":[{"href":"https:\/\/rooks-bet.com\/it\/wp-json\/wp\/v2\/types\/page"}],"author":[{"embeddable":true,"href":"https:\/\/rooks-bet.com\/it\/wp-json\/wp\/v2\/users\/1"}],"replies":[{"embeddable":true,"href":"https:\/\/rooks-bet.com\/it\/wp-json\/wp\/v2\/comments?post=1819"}],"version-history":[{"count":2,"href":"https:\/\/rooks-bet.com\/it\/wp-json\/wp\/v2\/pages\/1819\/revisions"}],"predecessor-version":[{"id":2129,"href":"https:\/\/rooks-bet.com\/it\/wp-json\/wp\/v2\/pages\/1819\/revisions\/2129"}],"wp:attachment":[{"href":"https:\/\/rooks-bet.com\/it\/wp-json\/wp\/v2\/media?parent=1819"}],"curies":[{"name":"wp","href":"https:\/\/api.w.org\/{rel}","templated":true}]}}