{"id":1862,"date":"2026-03-11T14:30:37","date_gmt":"2026-03-11T14:30:37","guid":{"rendered":"https:\/\/rooks-bet.com\/login-and-registration\/"},"modified":"2026-03-12T07:57:30","modified_gmt":"2026-03-12T07:57:30","slug":"accesso-e-registrazione","status":"publish","type":"page","link":"https:\/\/rooks-bet.com\/it\/accesso-e-registrazione\/","title":{"rendered":"Accesso e registrazione"},"content":{"rendered":"<h1>Accesso e registrazione all&#8217;account Rooksbet<\/h1>\n<p>Una volta provata l&#8217;emozione del nostro casin\u00f2, ti renderai conto che non puoi goderti il gioco senza quell\u2019essenziale su Rooksbet login che ti permette di sbloccare tutto il divertimento e vincere alla grande. Creare un account con noi significa unirsi a migliaia di giocatori italiani di successo che, proprio come te, godono di incredibili funzionalit\u00e0 high-tech e partecipano a tornei. Vincono anche alle lotterie e agli e-sport, sbloccano il potenziale di ricchezza e si rilassano semplicemente giocando ai loro giochi preferiti.<\/p>\n<p><div class=\"banner-wrap\" aria-label=\"Banner\"><img src=\"https:\/\/rooks-bet.com\/wp-content\/uploads\/2026\/03\/Rooksbet-banner-desktop.webp\" class=\"w-100 d-none d-lg-block img-pc main-banner-img\" alt=\"rooksbet bonus desktop\" fetchpriority=\"high\" decoding=\"async\"><img src=\"https:\/\/rooks-bet.com\/wp-content\/uploads\/2026\/03\/Rooksbet-banner-mobile.webp\" class=\"w-100 d-none d-md-block d-lg-none main-banner-img\" alt=\"rooksbet bonus mobile\" fetchpriority=\"high\" decoding=\"async\"><img src=\"https:\/\/rooks-bet.com\/wp-content\/uploads\/2026\/03\/Rooksbet-banner-mobile.webp\" class=\"w-100 d-md-none\" alt=\"rooksbet bonus mobile\" fetchpriority=\"high\" decoding=\"async\"><div class=\"banner-description\">\n<div class=\"banner-title\">Bonus di benvenuto<\/div>\n<p class=\"banner-header-title\">\u20ac1,500<\/p>\n<div class=\"banner-header-AdditionalText\">+ 250 giri gratuiti<\/div>\n<button data-item=\"homepage_banner_link\" class=\"goto m-button m-gradient-border m-button--primary m-button--large banner-button btn-orange\">\n            <div class=\"m-button-content\">\n                <span>Registrati ora<\/span>\n                <span><\/span>\n            <\/div>\n        <\/button>\n<\/div>\n<div class=\"WelcomePack\">\n<p><img loading=\"lazy\" decoding=\"async\" class=\"alignnone size-full wp-image-1648\" src=\"https:\/\/rooks-bet.com\/wp-content\/uploads\/2026\/03\/welcome-crown.png\" alt=\"welcome crown\" width=\"25\" height=\"26\" \/><\/p>\n<div class=\"WelcomePack-Info\">Cashback settimanale fino al 25%<\/div>\n<p><img loading=\"lazy\" decoding=\"async\" class=\"alignnone size-full wp-image-1648\" src=\"https:\/\/rooks-bet.com\/wp-content\/uploads\/2026\/03\/welcome-crown.png\" alt=\"welcome crown\" width=\"25\" height=\"26\" \/><\/p>\n<\/div>\n<\/div><div class=\"scrollable-content-wrap my-5\"><div class=\"scrollable-content-inner\"><h2>Procedura di registrazione su Rooksbet<\/h2>\n<p>Creare un account su Rooksbet Casino \u00e8 il passo fondamentale per accedere a una miriade di possibilit\u00e0 di gioco. La registrazione \u00e8 veloce e sicura e i nostri utenti hanno accesso alla loro dashboard personale, dove possono sia depositare fondi, partecipare a promozioni e scoprire la grande variet\u00e0 di giochi.<\/p>\n<p>Un account offre numerosi vantaggi: suggerimenti di gioco personalizzati, accesso a offerte speciali e la possibilit\u00e0 di prelevare e depositare con facilit\u00e0. Durante la registrazione, i giocatori inseriscono pochissimi dati personali, che sono soggetti a rigide norme sulla privacy e misure di crittografia TLS 1.3. Sei pronto a registrarti su Rooks Bet Casino? La registrazione prevede i seguenti passaggi importanti:<\/p>\n<ol>\n<li>Accedere alla home page di Rooksbet Casino;<\/li>\n<li>Cliccare sul pulsante &#8220;Iscriviti&#8221;;<\/li>\n<li>Accettare le politiche e le regole, come la verifica dell&#8217;et\u00e0 e i nostri Termini e condizioni: prenditi il tempo necessario per leggerli;<\/li>\n<li>Verifica dell&#8217;account tramite il link di verifica all&#8217;indirizzo e-mail;<\/li>\n<\/ol>\n<p>Quando sei con noi, tutto va al posto giusto. Finalmente abbiamo il miglior giocatore in circolazione. Grazie!<\/p>\n<h2>Modifica dei dati personali<\/h2>\n<p>Ti sei registrato e hai effettuato il tuo primo accesso a Rooksbet? Fantastico! Ma ora ti consigliamo di eseguire alcuni passaggi aggiuntivi per proteggere il tuo account e le tue finanze.<\/p>\n<ol>\n<li>Effettua il login su Rooksbet.<\/li>\n<li>Vai alle impostazioni dell&#8217;account nel profilo.<\/li>\n<li>Attiva l&#8217;autenticazione a due fattori e collegati al tuo account e-mail.<\/li>\n<\/ol>\n<p>Inoltre:<\/p>\n<ul>\n<li>Cambia la tua password Rooks Bet di tanto in tanto per proteggere il tuo account da truffatori spaventosi.<\/li>\n<li>Assicurati di non ricevere spam da Rooks Bet: da noi riceverai solo materiale promozionale e codici per tornei interessanti, senza link n\u00e9 richieste di denaro. Segnala eventuali casi di questo tipo tramite il pulsante della chat live!<\/li>\n<\/ul>\n<h2>Passaggi per l&#8217;accesso a Rooksbet<\/h2>\n<p>L&#8217;account Rooksbet \u00e8 facile da usare: basta effettuare il login per accedere a tutte le funzionalit\u00e0, come la dashboard di gioco, il team di assistenza, la sezione depositi, i prelievi e la gestione dell&#8217;account. I passaggi sono i seguenti:<\/p>\n<p>Ma aspetta, dato che sei un giocatore di Rooksbet Casino, rendiamo questo percorso verso la vittoria ancora pi\u00f9 interessante.<\/p>\n<table>\n<tbody>\n<tr>\n<td>Passaggi della missione<\/td>\n<td>Dettagli dell&#8217;azione<\/td>\n<\/tr>\n<tr>\n<td>Vai alla nostra pagina principale<\/td>\n<td>Vai alla homepage di Rooksbet Casino, il tuo portale per i giochi con soldi veri.<\/td>\n<\/tr>\n<tr>\n<td>Accedi al casin\u00f2<\/td>\n<td>Situato nell&#8217;angolo in alto a destra, clicca qui per sbloccare il tuo potere.<\/td>\n<\/tr>\n<tr>\n<td>Inserisci le credenziali o accedi con Google<\/td>\n<td>Digita il tuo nome utente, l&#8217;indirizzo e-mail registrato o la password: la tua chiave per l&#8217;avventura.<\/td>\n<\/tr>\n<tr>\n<td>Rispondi ai controlli di sicurezza e completa la procedura di verifica KYC<\/td>\n<td>Compila tutte le richieste di sicurezza del nostro team di assistenza per mantenere sicuro il tuo account .<\/td>\n<\/tr>\n<tr>\n<td>Clicca su &#8220;Accedi&#8221;<\/td>\n<td>Premi il pulsante per accedere al tuo account e iniziare a giocare.<\/td>\n<\/tr>\n<\/tbody>\n<\/table>\n<p>Dopo aver effettuato l&#8217;accesso al casin\u00f2 con il login Rooksbet, i giocatori possono depositare denaro, partecipare a tornei, ottenere bonus e gestire le impostazioni del proprio account. La piattaforma mantiene tutte le informazioni al sicuro applicando algoritmi di crittografia avanzati. Quindi, il nostro login Rooksbet \u00e8 sicuro e divertente!<\/p>\n<p><img loading=\"lazy\" decoding=\"async\" src=\"https:\/\/rooks-bet.com\/wp-content\/uploads\/Rooksbet-Login.webp\" alt=\"Rooksbet Login\" width=\"1248\" height=\"536\" \/><\/p>\n<h2>Verifica del casin\u00f2 Rooks Bet<\/h2>\n<p>Abbiamo una procedura KYC per tutti i nostri giocatori di Rooksbet Casino: \u00e8 obbligatoria. La verifica \u00e8 una parte importante per garantire un gioco sicuro e il rispetto delle norme e dei regolamenti. Il processo di verifica su Rooks Bet consiste nell&#8217;inviarci i tuoi documenti di identit\u00e0 e una bolletta per dimostrare che sei un utente reale.<\/p>\n<p>Il processo prevede generalmente:<\/p>\n<ul>\n<li>Caricare scansioni o immagini dei documenti di identit\u00e0 nella dashboard dell&#8217;account.<\/li>\n<li>Un membro del nostro supporto multilingue effettua una verifica, che richiede solitamente da poche ore a qualche giorno, a seconda dell&#8217;entit\u00e0 delle richieste.<\/li>\n<li>Dopo la verifica, i giocatori possono prelevare di pi\u00f9 e avere maggiore sicurezza sui propri conti. E maggiore fiducia da parte degli altri giocatori di Rooks Bet Casino! Prezioso!<\/li>\n<\/ul>\n<p>Il processo di verifica previene le frodi e il gioco minorile e mantiene un comportamento di gioco responsabile. Quindi, ti preghiamo di soddisfare la nostra richiesta KYC e di unirti alla nostra calorosa comunit\u00e0 di fan.<\/p>\n<h2>Accesso all&#8217;account<\/h2>\n<p>La possibilit\u00e0 di accedere al tuo account Rooksbet da vari dispositivi \u00e8 sempre disponibile dopo la registrazione, quindi l&#8217;unica cosa che devi fare \u00e8 conservare i dettagli del tuo account in un luogo sicuro e a portata di mano, ad esempio scrivendoli su un foglio di carta o digitandoli sul tuo telefono.<\/p>\n<p>Tutti i nostri giocatori possono divertirsi con Rooksbet Casino sui loro computer, telefoni, iPad e altri tablet.<\/p>\n<h2>Domande frequenti<\/h2>\n<h3>Posso accedere da pi\u00f9 dispositivi?<\/h3>\n<p>Tecnicamente, puoi accedere da pi\u00f9 dispositivi. Rooksbet consente l&#8217;accesso da pi\u00f9 dispositivi, il che significa che i giocatori possono utilizzare il nostro Rooksbet Casino su qualsiasi telefono, PC e tablet all&#8217;indirizzo contemporaneamente. Tuttavia, \u00e8 necessario prestare attenzione alla sicurezza. Se rimani connesso per troppo tempo, il nostro sistema di sicurezza potrebbe insospettirsi e disconnetterti.<\/p>\n<h3>L&#8217;accesso a Rooks Bet \u00e8 sicuro?<\/h3>\n<p>Il pi\u00f9 sicuro possibile. Rooksbet utilizza i pi\u00f9 recenti standard di crittografia e riservatezza TLS 1.3 per proteggere i dati degli utenti durante la gestione dell&#8217;account e altre attivit\u00e0. Per migliorare la sicurezza, il nostro sito incoraggia anche l&#8217;uso di password complesse e offre l&#8217;autenticazione a due fattori come opzione.<\/p>\n<h3>Perch\u00e9 devo verificare il mio account prima di effettuare il login?<\/h3>\n<p>La verifica comporta una procedura standard per controllare l&#8217;identit\u00e0 dei nostri giocatori di Rooksbet Casino e prevenire frodi e truffe. Una volta completata, garantisce un ambiente sicuro per tutti gli utenti, limiti di prelievo pi\u00f9 elevati e altre funzionalit\u00e0 dell&#8217;account. Inoltre, potrai partecipare al nostro programma VIP solo dopo aver superato il KYC.<\/p>\n<\/div><\/div><\/p>\n","protected":false},"excerpt":{"rendered":"<p>Accesso e registrazione all&#8217;account Rooksbet Una volta provata l&#8217;emozione del nostro casin\u00f2, ti renderai conto che non puoi goderti il gioco senza quell\u2019essenziale su Rooksbet login che ti permette di sbloccare tutto il divertimento e vincere alla grande. Creare un account con noi significa unirsi a migliaia di giocatori italiani di successo che, proprio come [&hellip;]<\/p>\n","protected":false},"author":1,"featured_media":0,"parent":0,"menu_order":0,"comment_status":"closed","ping_status":"closed","template":"template-builder.php","meta":{"_acf_changed":false,"inline_featured_image":false,"footnotes":""},"class_list":["post-1862","page","type-page","status-publish","hentry"],"acf":[],"yoast_head":"<!-- This site is optimized with the Yoast SEO plugin v27.3 - https:\/\/yoast.com\/product\/yoast-seo-wordpress\/ -->\n<title>Accesso Rooksbet \u2013 Registrazione e Accesso al Conto<\/title>\n<meta name=\"description\" content=\"Usa l\u2019accesso Rooksbet per registrarti o accedere al tuo conto in modo rapido e sicuro. Gestisci profilo, depositi e gioco facilmente con Rooks Bet.\" \/>\n<meta name=\"robots\" content=\"index, follow, max-snippet:-1, max-image-preview:large, max-video-preview:-1\" \/>\n<link rel=\"canonical\" href=\"https:\/\/rooks-bet.com\/it\/accesso-e-registrazione\/\" \/>\n<meta property=\"og:locale\" content=\"it_IT\" \/>\n<meta property=\"og:type\" content=\"article\" \/>\n<meta property=\"og:title\" content=\"Accesso Rooksbet \u2013 Registrazione e Accesso al Conto\" \/>\n<meta property=\"og:description\" content=\"Usa l\u2019accesso Rooksbet per registrarti o accedere al tuo conto in modo rapido e sicuro. Gestisci profilo, depositi e gioco facilmente con Rooks Bet.\" \/>\n<meta property=\"og:url\" content=\"https:\/\/rooks-bet.com\/it\/accesso-e-registrazione\/\" \/>\n<meta property=\"og:site_name\" content=\"rooksbet\" \/>\n<meta property=\"article:modified_time\" content=\"2026-03-12T07:57:30+00:00\" \/>\n<meta name=\"twitter:card\" content=\"summary_large_image\" \/>\n<meta name=\"twitter:label1\" content=\"Est. reading time\" \/>\n\t<meta name=\"twitter:data1\" content=\"1 minuto\" \/>\n<script type=\"application\/ld+json\" class=\"yoast-schema-graph\">{\"@context\":\"https:\\\/\\\/schema.org\",\"@graph\":[{\"@type\":\"WebPage\",\"@id\":\"https:\\\/\\\/rooks-bet.com\\\/it\\\/accesso-e-registrazione\\\/\",\"url\":\"https:\\\/\\\/rooks-bet.com\\\/it\\\/accesso-e-registrazione\\\/\",\"name\":\"Accesso Rooksbet \u2013 Registrazione e Accesso al Conto\",\"isPartOf\":{\"@id\":\"https:\\\/\\\/rooks-bet.com\\\/it\\\/#website\"},\"datePublished\":\"2026-03-11T14:30:37+00:00\",\"dateModified\":\"2026-03-12T07:57:30+00:00\",\"description\":\"Usa l\u2019accesso Rooksbet per registrarti o accedere al tuo conto in modo rapido e sicuro. Gestisci profilo, depositi e gioco facilmente con Rooks Bet.\",\"breadcrumb\":{\"@id\":\"https:\\\/\\\/rooks-bet.com\\\/it\\\/accesso-e-registrazione\\\/#breadcrumb\"},\"inLanguage\":\"it-IT\",\"potentialAction\":[{\"@type\":\"ReadAction\",\"target\":[\"https:\\\/\\\/rooks-bet.com\\\/it\\\/accesso-e-registrazione\\\/\"]}]},{\"@type\":\"BreadcrumbList\",\"@id\":\"https:\\\/\\\/rooks-bet.com\\\/it\\\/accesso-e-registrazione\\\/#breadcrumb\",\"itemListElement\":[{\"@type\":\"ListItem\",\"position\":1,\"name\":\"Rooksbet\",\"item\":\"https:\\\/\\\/rooks-bet.com\\\/it\\\/\"},{\"@type\":\"ListItem\",\"position\":2,\"name\":\"Accesso e registrazione\"}]},{\"@type\":\"WebSite\",\"@id\":\"https:\\\/\\\/rooks-bet.com\\\/it\\\/#website\",\"url\":\"https:\\\/\\\/rooks-bet.com\\\/it\\\/\",\"name\":\"Rooksbet\",\"description\":\"\",\"publisher\":{\"@id\":\"https:\\\/\\\/rooks-bet.com\\\/it\\\/#organization\"},\"potentialAction\":[{\"@type\":\"SearchAction\",\"target\":{\"@type\":\"EntryPoint\",\"urlTemplate\":\"https:\\\/\\\/rooks-bet.com\\\/it\\\/?s={search_term_string}\"},\"query-input\":{\"@type\":\"PropertyValueSpecification\",\"valueRequired\":true,\"valueName\":\"search_term_string\"}}],\"inLanguage\":\"it-IT\"},{\"@type\":\"Organization\",\"@id\":\"https:\\\/\\\/rooks-bet.com\\\/it\\\/#organization\",\"name\":\"Rooksbet\",\"url\":\"https:\\\/\\\/rooks-bet.com\\\/it\\\/\",\"logo\":{\"@type\":\"ImageObject\",\"inLanguage\":\"it-IT\",\"@id\":\"https:\\\/\\\/rooks-bet.com\\\/it\\\/#\\\/schema\\\/logo\\\/image\\\/\",\"url\":\"https:\\\/\\\/rooks-bet.com\\\/wp-content\\\/uploads\\\/2025\\\/07\\\/80u1FaquEZeR6OUTeJCc.png\",\"contentUrl\":\"https:\\\/\\\/rooks-bet.com\\\/wp-content\\\/uploads\\\/2025\\\/07\\\/80u1FaquEZeR6OUTeJCc.png\",\"width\":167,\"height\":44,\"caption\":\"Rooksbet\"},\"image\":{\"@id\":\"https:\\\/\\\/rooks-bet.com\\\/it\\\/#\\\/schema\\\/logo\\\/image\\\/\"}}]}<\/script>\n<!-- \/ Yoast SEO plugin. -->","yoast_head_json":{"title":"Accesso Rooksbet \u2013 Registrazione e Accesso al Conto","description":"Usa l\u2019accesso Rooksbet per registrarti o accedere al tuo conto in modo rapido e sicuro. Gestisci profilo, depositi e gioco facilmente con Rooks Bet.","robots":{"index":"index","follow":"follow","max-snippet":"max-snippet:-1","max-image-preview":"max-image-preview:large","max-video-preview":"max-video-preview:-1"},"canonical":"https:\/\/rooks-bet.com\/it\/accesso-e-registrazione\/","og_locale":"it_IT","og_type":"article","og_title":"Accesso Rooksbet \u2013 Registrazione e Accesso al Conto","og_description":"Usa l\u2019accesso Rooksbet per registrarti o accedere al tuo conto in modo rapido e sicuro. Gestisci profilo, depositi e gioco facilmente con Rooks Bet.","og_url":"https:\/\/rooks-bet.com\/it\/accesso-e-registrazione\/","og_site_name":"rooksbet","article_modified_time":"2026-03-12T07:57:30+00:00","twitter_card":"summary_large_image","twitter_misc":{"Est. reading time":"1 minuto"},"schema":{"@context":"https:\/\/schema.org","@graph":[{"@type":"WebPage","@id":"https:\/\/rooks-bet.com\/it\/accesso-e-registrazione\/","url":"https:\/\/rooks-bet.com\/it\/accesso-e-registrazione\/","name":"Accesso Rooksbet \u2013 Registrazione e Accesso al Conto","isPartOf":{"@id":"https:\/\/rooks-bet.com\/it\/#website"},"datePublished":"2026-03-11T14:30:37+00:00","dateModified":"2026-03-12T07:57:30+00:00","description":"Usa l\u2019accesso Rooksbet per registrarti o accedere al tuo conto in modo rapido e sicuro. Gestisci profilo, depositi e gioco facilmente con Rooks Bet.","breadcrumb":{"@id":"https:\/\/rooks-bet.com\/it\/accesso-e-registrazione\/#breadcrumb"},"inLanguage":"it-IT","potentialAction":[{"@type":"ReadAction","target":["https:\/\/rooks-bet.com\/it\/accesso-e-registrazione\/"]}]},{"@type":"BreadcrumbList","@id":"https:\/\/rooks-bet.com\/it\/accesso-e-registrazione\/#breadcrumb","itemListElement":[{"@type":"ListItem","position":1,"name":"Rooksbet","item":"https:\/\/rooks-bet.com\/it\/"},{"@type":"ListItem","position":2,"name":"Accesso e registrazione"}]},{"@type":"WebSite","@id":"https:\/\/rooks-bet.com\/it\/#website","url":"https:\/\/rooks-bet.com\/it\/","name":"Rooksbet","description":"","publisher":{"@id":"https:\/\/rooks-bet.com\/it\/#organization"},"potentialAction":[{"@type":"SearchAction","target":{"@type":"EntryPoint","urlTemplate":"https:\/\/rooks-bet.com\/it\/?s={search_term_string}"},"query-input":{"@type":"PropertyValueSpecification","valueRequired":true,"valueName":"search_term_string"}}],"inLanguage":"it-IT"},{"@type":"Organization","@id":"https:\/\/rooks-bet.com\/it\/#organization","name":"Rooksbet","url":"https:\/\/rooks-bet.com\/it\/","logo":{"@type":"ImageObject","inLanguage":"it-IT","@id":"https:\/\/rooks-bet.com\/it\/#\/schema\/logo\/image\/","url":"https:\/\/rooks-bet.com\/wp-content\/uploads\/2025\/07\/80u1FaquEZeR6OUTeJCc.png","contentUrl":"https:\/\/rooks-bet.com\/wp-content\/uploads\/2025\/07\/80u1FaquEZeR6OUTeJCc.png","width":167,"height":44,"caption":"Rooksbet"},"image":{"@id":"https:\/\/rooks-bet.com\/it\/#\/schema\/logo\/image\/"}}]}},"_links":{"self":[{"href":"https:\/\/rooks-bet.com\/it\/wp-json\/wp\/v2\/pages\/1862","targetHints":{"allow":["GET"]}}],"collection":[{"href":"https:\/\/rooks-bet.com\/it\/wp-json\/wp\/v2\/pages"}],"about":[{"href":"https:\/\/rooks-bet.com\/it\/wp-json\/wp\/v2\/types\/page"}],"author":[{"embeddable":true,"href":"https:\/\/rooks-bet.com\/it\/wp-json\/wp\/v2\/users\/1"}],"replies":[{"embeddable":true,"href":"https:\/\/rooks-bet.com\/it\/wp-json\/wp\/v2\/comments?post=1862"}],"version-history":[{"count":2,"href":"https:\/\/rooks-bet.com\/it\/wp-json\/wp\/v2\/pages\/1862\/revisions"}],"predecessor-version":[{"id":2131,"href":"https:\/\/rooks-bet.com\/it\/wp-json\/wp\/v2\/pages\/1862\/revisions\/2131"}],"wp:attachment":[{"href":"https:\/\/rooks-bet.com\/it\/wp-json\/wp\/v2\/media?parent=1862"}],"curies":[{"name":"wp","href":"https:\/\/api.w.org\/{rel}","templated":true}]}}