{"id":1820,"date":"2026-03-11T14:24:23","date_gmt":"2026-03-11T14:24:23","guid":{"rendered":"https:\/\/rooks-bet.com\/app\/"},"modified":"2026-03-12T08:14:46","modified_gmt":"2026-03-12T08:14:46","slug":"aplikacja","status":"publish","type":"page","link":"https:\/\/rooks-bet.com\/pl\/aplikacja\/","title":{"rendered":"Aplikacja"},"content":{"rendered":"<h1>Platforma mobilna Rooksbet<\/h1>\n<p>Rooksbet app to prze\u0142om w dziedzinie hazardu online. Ta elegancka, wydajna aplikacja jest wygodna i \u0142atwa w u\u017cyciu na urz\u0105dzeniach mobilnych. Mo\u017cesz gra\u0107 na telefonie kom\u00f3rkowym lub w zaciszu w\u0142asnego domu. Aplikacja Rooks Bet Casino ma wszystkie niezb\u0119dne funkcje na wyci\u0105gni\u0119cie r\u0119ki. Polscy gracze b\u0119d\u0105 mieli w pe\u0142ni wci\u0105gaj\u0105ce do\u015bwiadczenie na dowolnym urz\u0105dzeniu.<\/p>\n<div class=\"banner-wrap\" aria-label=\"Banner\"><img src=\"https:\/\/rooks-bet.com\/wp-content\/uploads\/2026\/03\/Rooksbet-banner-desktop.webp\" class=\"w-100 d-none d-lg-block img-pc main-banner-img\" alt=\"rooksbet bonus desktop\" fetchpriority=\"high\" decoding=\"async\"><img src=\"https:\/\/rooks-bet.com\/wp-content\/uploads\/2026\/03\/Rooksbet-banner-mobile.webp\" class=\"w-100 d-none d-md-block d-lg-none main-banner-img\" alt=\"rooksbet bonus mobile\" fetchpriority=\"high\" decoding=\"async\"><img src=\"https:\/\/rooks-bet.com\/wp-content\/uploads\/2026\/03\/Rooksbet-banner-mobile.webp\" class=\"w-100 d-md-none\" alt=\"rooksbet bonus mobile\" fetchpriority=\"high\" decoding=\"async\"><div class=\"banner-description\">\n<div class=\"banner-title\">Bonusy powitalne<\/div>\n<p class=\"banner-header-title\">\u20ac1,500<\/p>\n<div class=\"banner-header-AdditionalText\">+ 250 Darmowe spiny<\/div>\n<button data-item=\"homepage_banner_link\" class=\"goto m-button m-gradient-border m-button--primary m-button--large banner-button btn-orange\">\n            <div class=\"m-button-content\">\n                <span>Zarejestruj si\u0119 teraz<\/span>\n                <span><\/span>\n            <\/div>\n        <\/button>\n<\/div>\n<div class=\"WelcomePack\">\n<p><img loading=\"lazy\" decoding=\"async\" class=\"alignnone size-full wp-image-1646\" src=\"https:\/\/rooks-bet.com\/wp-content\/uploads\/2026\/03\/welcome-crown.png\" alt=\"welcome crown\" width=\"25\" height=\"26\" \/><\/p>\n<div class=\"WelcomePack-Info\">Cotygodniowy zwrot got\u00f3wki do 25%<\/div>\n<p><img loading=\"lazy\" decoding=\"async\" class=\"alignnone size-full wp-image-1646\" src=\"https:\/\/rooks-bet.com\/wp-content\/uploads\/2026\/03\/welcome-crown.png\" alt=\"welcome crown\" width=\"25\" height=\"26\" \/><\/p>\n<\/div>\n<\/div>\n<h2>Funkcje aplikacji Rooksbet<\/h2>\n<p>Aplikacja Rooksbet posiada kombinacj\u0119 funkcji, kt\u00f3re imponuj\u0105 funkcjonalno\u015bci\u0105 i praktyczno\u015bci\u0105. Mo\u017cesz znacznie poprawi\u0107 wra\u017cenia z gry na telefonie. Przyjazny dla u\u017cytkownika interfejs u\u0142atwia nawigacj\u0119, a Ty mo\u017cesz cieszy\u0107 si\u0119 szerok\u0105 gam\u0105 automat\u00f3w online, gier sto\u0142owych i klimatycznych kolekcji ksi\u0105\u017cek, kt\u00f3re oferujemy. Mamy dla Ciebie wiele naprawd\u0119 interesuj\u0105cych korzy\u015bci:<\/p>\n<ul>\n<li>Wbudowane bonusy i promocje<\/li>\n<li>Turnieje w czasie rzeczywistym<\/li>\n<li>Bezpieczne transakcje<\/li>\n<li>\u00a0Natychmiastowy dost\u0119p do narz\u0119dzi zarz\u0105dzania kontem w kasynie Rooksbet<\/li>\n<li>Ca\u0142odobowy dost\u0119p do wszystkich funkcji kasyna, takich jak wp\u0142aty, wyp\u0142aty, proces weryfikacji i historia gier za po\u015brednictwem aplikacji Rooksbet<\/li>\n<li>\u0141atwiejsze i szybsze ni\u017c korzystanie z komputera, co mo\u017ce by\u0107 uci\u0105\u017cliwe<\/li>\n<li>Adaptacyjny projekt, kt\u00f3ry umo\u017cliwia sterowanie dotykowe, zapewniaj\u0105c p\u0142ynn\u0105 rozgrywk\u0119 na urz\u0105dzeniach mobilnych<\/li>\n<li>Do\u015bwiadczenie podobne do korzystania z komputera stacjonarnego na telefonie kom\u00f3rkowym<\/li>\n<\/ul>\n<p>W aplikacji mo\u017cna r\u00f3wnie\u017c do\u0142\u0105czy\u0107 do gier na \u017cywo, gdy s\u0105 one dost\u0119pne, i wygrywa\u0107 pieni\u0105dze w czasie rzeczywistym. Projekt skupia si\u0119 na szybko\u015bci i niezawodno\u015bci, skracaj\u0105c czas \u0142adowania i zapewniaj\u0105c p\u0142ynn\u0105 rozgrywk\u0119 nawet na mniej wydajnych urz\u0105dzeniach.<\/p>\n<p><div class=\"scrollable-content-wrap my-5\"><div class=\"scrollable-content-inner\"><h2>Aplikacja Rooksbet dla systemu Android<\/h2>\n<p>Aplikacja Rooksbet na Androida jest r\u00f3wnie\u017c progresywn\u0105 aplikacj\u0105 internetow\u0105 (PWA). Z pewno\u015bci\u0105 odniesiesz ogromne korzy\u015bci, takie jak te wynikaj\u0105ce z konwencjonalnych aplikacji APK. Ta wersja nie jest ci\u0119\u017cka, dzi\u0119ki czemu \u0142aduje si\u0119 szybko i nie wymaga \u017cadnego tarowania ani pobierania z innych \u017ar\u00f3de\u0142 lub sklep\u00f3w z aplikacjami. Rooksbet Casino PWA oferuje kompletny pakiet us\u0142ug, kt\u00f3ry obejmuje aktualizacje w czasie rzeczywistym, bezpiecze\u0144stwo i kompatybilno\u015b\u0107 z szerok\u0105 gam\u0105 urz\u0105dze\u0144 z systemem Android.<\/p>\n<p><img loading=\"lazy\" decoding=\"async\" src=\"https:\/\/rooks-bet.com\/wp-content\/uploads\/Rooksbet-Android-App.webp\" alt=\"Rooksbet Android App\" width=\"1248\" height=\"536\" \/><\/p>\n<\/div><\/div><div style=\"clear: both\"><\/div><div class=\"d-flex justify-content-center\"><button data-item=\"decouvrez_link\" data-group=\"website_links\" class=\"goto fw-bold rounded-pill btn btn-orange\" aria-label=\"Pobierz aplikacj\u0119 Rooksbet\" >Pobierz aplikacj\u0119 Rooksbet<\/button><\/div><div class=\"scrollable-content-wrap my-5\"><div class=\"scrollable-content-inner\"><h2>Uprawnienia bezpiecze\u0144stwa<\/h2>\n<p>Aplikacja Rooks Bet stawia na bezpiecze\u0144stwo u\u017cytkownik\u00f3w, dlatego \u015bci\u015ble przestrzega standard\u00f3w bezpiecze\u0144stwa. PWA dzia\u0142a r\u00f3wnie\u017c w protokole HTTPS, kt\u00f3ry gwarantuje bezpiecze\u0144stwo transakcji i rozgrywki. Ponadto aplikacja Rooksbet wymaga bardzo niewielu uprawnie\u0144, tylko tych niezb\u0119dnych, takich jak powiadomienia lub dost\u0119p do pami\u0119ci urz\u0105dzenia w razie potrzeby, co pozwala zachowa\u0107 prywatno\u015b\u0107 u\u017cytkownik\u00f3w przez ca\u0142y czas.<\/p>\n<h2>Aplikacja Rooksbet na iOS<\/h2>\n<p>W\u0142a\u015bciciele produkt\u00f3w Apple r\u00f3wnie\u017c nie b\u0119d\u0105 zawiedzeni. Wersja aplikacji Rooksbet na iOS ma wyrafinowany projekt i cechy techniczne. Dostosowali\u015bmy j\u0105 do potrzeb u\u017cytkownik\u00f3w urz\u0105dze\u0144 Apple. Posiada r\u00f3wnie\u017c p\u0142ynny, przyjazny dla u\u017cytkownika interfejs, kt\u00f3ry pasuje do ekran\u00f3w iPhone&#8217;\u00f3w i iPad\u00f3w oraz zachowuje przyjazn\u0105 dla u\u017cytkownika nawigacj\u0119 i szybko\u015b\u0107 \u0142adowania gier. Aplikacja jest r\u00f3wnie\u017c kompatybilna ze wszystkimi podstawowymi funkcjami, takimi jak wsparcie na czacie na \u017cywo, weryfikacja konta i rozliczanie transakcji bankowych, ale w bezpiecznym \u015brodowisku, kt\u00f3re jest zgodne z surowymi standardami Apple. Oto, co musisz wiedzie\u0107 o aplikacji Rooksbet Casino PWA:<\/p>\n<table>\n<tbody>\n<tr>\n<td>Funkcja<\/td>\n<td>Co powinni wiedzie\u0107 w\u0142a\u015bciciele urz\u0105dze\u0144 Apple<\/td>\n<\/tr>\n<tr>\n<td>Zoptymalizowana dla urz\u0105dze\u0144 z systemem iOS<\/td>\n<td>Obs\u0142uguje podstawowe funkcje, takie jak korespondencja z zespo\u0142em wsparcia, weryfikacja konta i transakcje bankowe w bezpiecznym \u015brodowisku.<\/td>\n<\/tr>\n<tr>\n<td>Wygodna nawigacja<\/td>\n<td>\u0141atwa nawigacja dzi\u0119ki wyra\u017anym, responsywnym elementom steruj\u0105cym dostosowanym do ekran\u00f3w dotykowych.<\/td>\n<\/tr>\n<tr>\n<td>Szybki czas \u0142adowania<\/td>\n<td>Szybkie \u0142adowanie gier i funkcji gwarantuje p\u0142ynn\u0105 rozgrywk\u0119.<\/td>\n<\/tr>\n<tr>\n<td>Rygorystyczne standardy bezpiecze\u0144stwa<\/td>\n<td>Zachowuje wysokie standardy bezpiecze\u0144stwa zgodne z rygorystycznymi zasadami Apple.<\/td>\n<\/tr>\n<tr>\n<td>Przestrzeganie wytycznych Apple dotycz\u0105cych bezpiecze\u0144stwa<\/td>\n<td>W celu ochrony danych u\u017cytkownik\u00f3w stosujemy silne szyfrowanie, bezpieczne uwierzytelnianie i sandboxing. Musimy uzyska\u0107 zgod\u0119 u\u017cytkownika na gromadzenie danych, regularnie aktualizowa\u0107 oprogramowanie pod k\u0105tem luk w zabezpieczeniach oraz poddawa\u0107 si\u0119 dok\u0142adnej kontroli w celu zapobiegania z\u0142o\u015bliwemu oprogramowaniu.<\/td>\n<\/tr>\n<tr>\n<td>Niezawodna wydajno\u015b\u0107<\/td>\n<td>Zapewnia przyjemn\u0105 symulacj\u0119 gry bez op\u00f3\u017anie\u0144 i zak\u0142\u00f3ce\u0144.<\/td>\n<\/tr>\n<tr>\n<td>Bezpieczne transakcje<\/td>\n<td>Zapewnia bezpiecze\u0144stwo wp\u0142at, wyp\u0142at i zarz\u0105dzania kontem w kasynie Rooksbet.<\/td>\n<\/tr>\n<\/tbody>\n<\/table>\n<p>Aplikacja na iOS sprawia, \u017ce granie w automaty online, interakcja z krupierami na \u017cywo i udzia\u0142 w turniejach s\u0105 \u0142atwe i przyjemne do ogl\u0105dania (i uczestniczenia) we wszystkich produktach. Dzia\u0142a dobrze, jest bardzo responsywna i ma najlepsze sterowanie dotykowe, co poprawia wra\u017cenia z mobilnego kasyna.<\/p>\n<p><img loading=\"lazy\" decoding=\"async\" src=\"https:\/\/rooks-bet.com\/wp-content\/uploads\/Rooksbet-iOS-App.webp\" alt=\"Rooksbet iOS App\" width=\"1248\" height=\"536\" \/><\/p>\n<\/div><\/div><div style=\"clear: both\"><\/div><div class=\"d-flex justify-content-center\"><button data-item=\"decouvrez_link\" data-group=\"website_links\" class=\"goto fw-bold rounded-pill btn btn-orange\" aria-label=\"Pobierz Rooksbet\" >Pobierz Rooksbet<\/button><\/div><div class=\"scrollable-content-wrap my-5\"><div class=\"scrollable-content-inner\"><h2>Wersja Rooks Bet Casino na komputery stacjonarne<\/h2>\n<p>Rooksbet Casino oferuje r\u00f3wnie\u017c pe\u0142n\u0105 wersj\u0119 na komputery stacjonarne, kompatybiln\u0105 z systemami Windows i macOS. Stworzyli\u015bmy j\u0105 dla tych, kt\u00f3rzy wol\u0105 gra\u0107 na du\u017cych ekranach. Platforma na komputery stacjonarne obs\u0142uguje wszystko to, co platforma mobilna, takie jak wsparcie na czacie na \u017cywo, dostosowywanie gier i zarz\u0105dzanie kontem. Posiada wysokowydajne \u015brodowisko dostosowane do gust\u00f3w ka\u017cdego gracza. Poniewa\u017c jest to w pe\u0142ni dzia\u0142aj\u0105ca wersja, mo\u017cesz ogl\u0105da\u0107 swoj\u0105 gr\u0119 w pokera lub kr\u0119ci\u0107 ko\u0142em fortuny na du\u017cych monitorach, aby uzyska\u0107 szczeg\u00f3\u0142owy widok wszystkich opcji gry.<\/p>\n<p>Wersja Rooksbet Casino na komputery stacjonarne jest kompatybilna z szybkim internetem i ekranami o wysokiej rozdzielczo\u015bci. Wszystko to sprawia, \u017ce nasza aplikacja Rooksbet jest najlepszym wyborem dla graczy, kt\u00f3rzy ceni\u0105 sobie pe\u0142ni\u0119 wra\u017ce\u0144 z gry dzi\u0119ki bogatszej grafice i bardziej wci\u0105gaj\u0105cym efektom d\u017awi\u0119kowym.<\/p>\n<p><img loading=\"lazy\" decoding=\"async\" src=\"https:\/\/rooks-bet.com\/wp-content\/uploads\/Rooksbet-Desktop.webp\" alt=\"Rooksbet Desktop\" width=\"1248\" height=\"536\" \/><\/p>\n<\/div><\/div><div style=\"clear: both\"><\/div><div class=\"d-flex justify-content-center\"><button data-item=\"decouvrez_link\" data-group=\"website_links\" class=\"goto fw-bold rounded-pill btn btn-orange\" aria-label=\"Pobierz aplikacj\u0119 Rooksbet\" >Pobierz aplikacj\u0119 Rooksbet<\/button><\/div><div class=\"scrollable-content-wrap my-5\"><div class=\"scrollable-content-inner\"><h2>Zoptymalizowany interfejs do sterowania dotykowego<\/h2>\n<p>Kasyno mobilne Rooksbet \u015bwietnie sprawdza si\u0119 r\u00f3wnie\u017c na urz\u0105dzeniach dotykowych, a interfejs dzia\u0142a idealnie w trybie dotykowym, dzi\u0119ki czemu wszystkie przyciski, menu i inne funkcje zwi\u0105zane z gr\u0105 s\u0105 \u0142atwo dost\u0119pne i kontrolowane. Projekt dostosowuje si\u0119 do ka\u017cdego rozmiaru ekranu \u2014 smartfon\u00f3w, tablet\u00f3w, iPad\u00f3w \u2014 i zapewnia fajne, komfortowe wra\u017cenia z gry.<\/p>\n<p>Jest to zoptymalizowany interfejs, kt\u00f3ry u\u0142atwia poruszanie si\u0119 po kategoriach gier, ustawieniach konta i sekcjach promocyjnych, pozwalaj\u0105c graczom cieszy\u0107 si\u0119 ulubionymi tytu\u0142ami bez zak\u0142\u00f3ce\u0144.<\/p>\n<h2>FAQ<\/h2>\n<h3>Czy aplikacja jest zoptymalizowana pod k\u0105tem tablet\u00f3w i wi\u0119kszych ekran\u00f3w?<\/h3>\n<p>Aplikacja Rooksbet jest zoptymalizowana pod k\u0105tem tablet\u00f3w i wi\u0119kszych wy\u015bwietlaczy \u2014 chcemy, aby wszyscy gracze byli zadowoleni! Niezale\u017cnie od rozmiaru urz\u0105dzenia, mo\u017cesz cieszy\u0107 si\u0119 grami Rooks Bet Casino. Szczeg\u00f3lnie nasze fajne automaty \u015bwietnie wygl\u0105daj\u0105 na ekranie.<\/p>\n<h3>Czy PWA aktualizuje si\u0119 automatycznie?<\/h3>\n<p>Tak. PWA Rooksbet Casino aktualizuje si\u0119 automatycznie w tle, gdy dost\u0119pna jest nowa wersja. Dzi\u0119ki temu gracze zawsze maj\u0105 dost\u0119p do najnowszych funkcji, poprawek bezpiecze\u0144stwa i ulepsze\u0144 wydajno\u015bci bez konieczno\u015bci wykonywania tych czynno\u015bci r\u0119cznie.<\/p>\n<h3>Czy wszystkie gry Rooks Bet Casino s\u0105 dost\u0119pne w aplikacji?<\/h3>\n<p>Aplikacja Rooksbet zapewnia u\u017cytkownikom pe\u0142en wyb\u00f3r automat\u00f3w online, gier sto\u0142owych i produkt\u00f3w z krupierem na \u017cywo, kt\u00f3re s\u0105 dost\u0119pne na komputerach stacjonarnych. Nie musisz si\u0119 martwi\u0107, \u017ce zostaniesz w tyle, poniewa\u017c b\u0119dziesz mie\u0107 dost\u0119p do wszystkich ofert Rooks Bet \u2014 naszego pe\u0142nego katalogu 6000 gier, mo\u017cliwo\u015bci udzia\u0142u w konkursach online oraz nowych premier i popularnych tytu\u0142\u00f3w, a tym samym pe\u0142nego do\u015bwiadczenia gry na wszystkich urz\u0105dzeniach.<\/p>\n<\/div><\/div><\/p>\n","protected":false},"excerpt":{"rendered":"<p>Platforma mobilna Rooksbet Rooksbet app to prze\u0142om w dziedzinie hazardu online. Ta elegancka, wydajna aplikacja jest wygodna i \u0142atwa w u\u017cyciu na urz\u0105dzeniach mobilnych. Mo\u017cesz gra\u0107 na telefonie kom\u00f3rkowym lub w zaciszu w\u0142asnego domu. Aplikacja Rooks Bet Casino ma wszystkie niezb\u0119dne funkcje na wyci\u0105gni\u0119cie r\u0119ki. Polscy gracze b\u0119d\u0105 mieli w pe\u0142ni wci\u0105gaj\u0105ce do\u015bwiadczenie na dowolnym [&hellip;]<\/p>\n","protected":false},"author":1,"featured_media":0,"parent":0,"menu_order":0,"comment_status":"closed","ping_status":"closed","template":"template-builder.php","meta":{"_acf_changed":false,"inline_featured_image":false,"footnotes":""},"class_list":["post-1820","page","type-page","status-publish","hentry"],"acf":[],"yoast_head":"<!-- This site is optimized with the Yoast SEO plugin v27.3 - https:\/\/yoast.com\/product\/yoast-seo-wordpress\/ -->\n<title>Aplikacja Rooksbet | Oficjalna Aplikacja na Android &amp; iOS<\/title>\n<meta name=\"description\" content=\"Pobierz oficjaln\u0105 aplikacj\u0119 Rooksbet na Android i iOS i graj w sloty, gry sto\u0142owe oraz kasyno na \u017cywo na swoim urz\u0105dzeniu mobilnym. Szybki dost\u0119p i pe\u0142ne funkcje z Rooks Bet.\" \/>\n<meta name=\"robots\" content=\"index, follow, max-snippet:-1, max-image-preview:large, max-video-preview:-1\" \/>\n<link rel=\"canonical\" href=\"https:\/\/rooks-bet.com\/pl\/aplikacja\/\" \/>\n<meta property=\"og:locale\" content=\"pl_PL\" \/>\n<meta property=\"og:type\" content=\"article\" \/>\n<meta property=\"og:title\" content=\"Aplikacja Rooksbet | Oficjalna Aplikacja na Android &amp; iOS\" \/>\n<meta property=\"og:description\" content=\"Pobierz oficjaln\u0105 aplikacj\u0119 Rooksbet na Android i iOS i graj w sloty, gry sto\u0142owe oraz kasyno na \u017cywo na swoim urz\u0105dzeniu mobilnym. Szybki dost\u0119p i pe\u0142ne funkcje z Rooks Bet.\" \/>\n<meta property=\"og:url\" content=\"https:\/\/rooks-bet.com\/pl\/aplikacja\/\" \/>\n<meta property=\"og:site_name\" content=\"rooksbet\" \/>\n<meta property=\"article:modified_time\" content=\"2026-03-12T08:14:46+00:00\" \/>\n<meta name=\"twitter:card\" content=\"summary_large_image\" \/>\n<meta name=\"twitter:label1\" content=\"Est. reading time\" \/>\n\t<meta name=\"twitter:data1\" content=\"1 minuta\" \/>\n<script type=\"application\/ld+json\" class=\"yoast-schema-graph\">{\"@context\":\"https:\\\/\\\/schema.org\",\"@graph\":[{\"@type\":\"WebPage\",\"@id\":\"https:\\\/\\\/rooks-bet.com\\\/pl\\\/aplikacja\\\/\",\"url\":\"https:\\\/\\\/rooks-bet.com\\\/pl\\\/aplikacja\\\/\",\"name\":\"Aplikacja Rooksbet | Oficjalna Aplikacja na Android & iOS\",\"isPartOf\":{\"@id\":\"https:\\\/\\\/rooks-bet.com\\\/pl\\\/#website\"},\"datePublished\":\"2026-03-11T14:24:23+00:00\",\"dateModified\":\"2026-03-12T08:14:46+00:00\",\"description\":\"Pobierz oficjaln\u0105 aplikacj\u0119 Rooksbet na Android i iOS i graj w sloty, gry sto\u0142owe oraz kasyno na \u017cywo na swoim urz\u0105dzeniu mobilnym. Szybki dost\u0119p i pe\u0142ne funkcje z Rooks Bet.\",\"breadcrumb\":{\"@id\":\"https:\\\/\\\/rooks-bet.com\\\/pl\\\/aplikacja\\\/#breadcrumb\"},\"inLanguage\":\"pl-PL\",\"potentialAction\":[{\"@type\":\"ReadAction\",\"target\":[\"https:\\\/\\\/rooks-bet.com\\\/pl\\\/aplikacja\\\/\"]}]},{\"@type\":\"BreadcrumbList\",\"@id\":\"https:\\\/\\\/rooks-bet.com\\\/pl\\\/aplikacja\\\/#breadcrumb\",\"itemListElement\":[{\"@type\":\"ListItem\",\"position\":1,\"name\":\"Rooksbet\",\"item\":\"https:\\\/\\\/rooks-bet.com\\\/pl\\\/\"},{\"@type\":\"ListItem\",\"position\":2,\"name\":\"Aplikacja\"}]},{\"@type\":\"WebSite\",\"@id\":\"https:\\\/\\\/rooks-bet.com\\\/pl\\\/#website\",\"url\":\"https:\\\/\\\/rooks-bet.com\\\/pl\\\/\",\"name\":\"Rooksbet\",\"description\":\"\",\"publisher\":{\"@id\":\"https:\\\/\\\/rooks-bet.com\\\/pl\\\/#organization\"},\"potentialAction\":[{\"@type\":\"SearchAction\",\"target\":{\"@type\":\"EntryPoint\",\"urlTemplate\":\"https:\\\/\\\/rooks-bet.com\\\/pl\\\/?s={search_term_string}\"},\"query-input\":{\"@type\":\"PropertyValueSpecification\",\"valueRequired\":true,\"valueName\":\"search_term_string\"}}],\"inLanguage\":\"pl-PL\"},{\"@type\":\"Organization\",\"@id\":\"https:\\\/\\\/rooks-bet.com\\\/pl\\\/#organization\",\"name\":\"Rooksbet\",\"url\":\"https:\\\/\\\/rooks-bet.com\\\/pl\\\/\",\"logo\":{\"@type\":\"ImageObject\",\"inLanguage\":\"pl-PL\",\"@id\":\"https:\\\/\\\/rooks-bet.com\\\/pl\\\/#\\\/schema\\\/logo\\\/image\\\/\",\"url\":\"https:\\\/\\\/rooks-bet.com\\\/wp-content\\\/uploads\\\/2025\\\/07\\\/80u1FaquEZeR6OUTeJCc.png\",\"contentUrl\":\"https:\\\/\\\/rooks-bet.com\\\/wp-content\\\/uploads\\\/2025\\\/07\\\/80u1FaquEZeR6OUTeJCc.png\",\"width\":167,\"height\":44,\"caption\":\"Rooksbet\"},\"image\":{\"@id\":\"https:\\\/\\\/rooks-bet.com\\\/pl\\\/#\\\/schema\\\/logo\\\/image\\\/\"}}]}<\/script>\n<!-- \/ Yoast SEO plugin. -->","yoast_head_json":{"title":"Aplikacja Rooksbet | Oficjalna Aplikacja na Android & iOS","description":"Pobierz oficjaln\u0105 aplikacj\u0119 Rooksbet na Android i iOS i graj w sloty, gry sto\u0142owe oraz kasyno na \u017cywo na swoim urz\u0105dzeniu mobilnym. Szybki dost\u0119p i pe\u0142ne funkcje z Rooks Bet.","robots":{"index":"index","follow":"follow","max-snippet":"max-snippet:-1","max-image-preview":"max-image-preview:large","max-video-preview":"max-video-preview:-1"},"canonical":"https:\/\/rooks-bet.com\/pl\/aplikacja\/","og_locale":"pl_PL","og_type":"article","og_title":"Aplikacja Rooksbet | Oficjalna Aplikacja na Android & iOS","og_description":"Pobierz oficjaln\u0105 aplikacj\u0119 Rooksbet na Android i iOS i graj w sloty, gry sto\u0142owe oraz kasyno na \u017cywo na swoim urz\u0105dzeniu mobilnym. Szybki dost\u0119p i pe\u0142ne funkcje z Rooks Bet.","og_url":"https:\/\/rooks-bet.com\/pl\/aplikacja\/","og_site_name":"rooksbet","article_modified_time":"2026-03-12T08:14:46+00:00","twitter_card":"summary_large_image","twitter_misc":{"Est. reading time":"1 minuta"},"schema":{"@context":"https:\/\/schema.org","@graph":[{"@type":"WebPage","@id":"https:\/\/rooks-bet.com\/pl\/aplikacja\/","url":"https:\/\/rooks-bet.com\/pl\/aplikacja\/","name":"Aplikacja Rooksbet | Oficjalna Aplikacja na Android & iOS","isPartOf":{"@id":"https:\/\/rooks-bet.com\/pl\/#website"},"datePublished":"2026-03-11T14:24:23+00:00","dateModified":"2026-03-12T08:14:46+00:00","description":"Pobierz oficjaln\u0105 aplikacj\u0119 Rooksbet na Android i iOS i graj w sloty, gry sto\u0142owe oraz kasyno na \u017cywo na swoim urz\u0105dzeniu mobilnym. Szybki dost\u0119p i pe\u0142ne funkcje z Rooks Bet.","breadcrumb":{"@id":"https:\/\/rooks-bet.com\/pl\/aplikacja\/#breadcrumb"},"inLanguage":"pl-PL","potentialAction":[{"@type":"ReadAction","target":["https:\/\/rooks-bet.com\/pl\/aplikacja\/"]}]},{"@type":"BreadcrumbList","@id":"https:\/\/rooks-bet.com\/pl\/aplikacja\/#breadcrumb","itemListElement":[{"@type":"ListItem","position":1,"name":"Rooksbet","item":"https:\/\/rooks-bet.com\/pl\/"},{"@type":"ListItem","position":2,"name":"Aplikacja"}]},{"@type":"WebSite","@id":"https:\/\/rooks-bet.com\/pl\/#website","url":"https:\/\/rooks-bet.com\/pl\/","name":"Rooksbet","description":"","publisher":{"@id":"https:\/\/rooks-bet.com\/pl\/#organization"},"potentialAction":[{"@type":"SearchAction","target":{"@type":"EntryPoint","urlTemplate":"https:\/\/rooks-bet.com\/pl\/?s={search_term_string}"},"query-input":{"@type":"PropertyValueSpecification","valueRequired":true,"valueName":"search_term_string"}}],"inLanguage":"pl-PL"},{"@type":"Organization","@id":"https:\/\/rooks-bet.com\/pl\/#organization","name":"Rooksbet","url":"https:\/\/rooks-bet.com\/pl\/","logo":{"@type":"ImageObject","inLanguage":"pl-PL","@id":"https:\/\/rooks-bet.com\/pl\/#\/schema\/logo\/image\/","url":"https:\/\/rooks-bet.com\/wp-content\/uploads\/2025\/07\/80u1FaquEZeR6OUTeJCc.png","contentUrl":"https:\/\/rooks-bet.com\/wp-content\/uploads\/2025\/07\/80u1FaquEZeR6OUTeJCc.png","width":167,"height":44,"caption":"Rooksbet"},"image":{"@id":"https:\/\/rooks-bet.com\/pl\/#\/schema\/logo\/image\/"}}]}},"_links":{"self":[{"href":"https:\/\/rooks-bet.com\/pl\/wp-json\/wp\/v2\/pages\/1820","targetHints":{"allow":["GET"]}}],"collection":[{"href":"https:\/\/rooks-bet.com\/pl\/wp-json\/wp\/v2\/pages"}],"about":[{"href":"https:\/\/rooks-bet.com\/pl\/wp-json\/wp\/v2\/types\/page"}],"author":[{"embeddable":true,"href":"https:\/\/rooks-bet.com\/pl\/wp-json\/wp\/v2\/users\/1"}],"replies":[{"embeddable":true,"href":"https:\/\/rooks-bet.com\/pl\/wp-json\/wp\/v2\/comments?post=1820"}],"version-history":[{"count":2,"href":"https:\/\/rooks-bet.com\/pl\/wp-json\/wp\/v2\/pages\/1820\/revisions"}],"predecessor-version":[{"id":2188,"href":"https:\/\/rooks-bet.com\/pl\/wp-json\/wp\/v2\/pages\/1820\/revisions\/2188"}],"wp:attachment":[{"href":"https:\/\/rooks-bet.com\/pl\/wp-json\/wp\/v2\/media?parent=1820"}],"curies":[{"name":"wp","href":"https:\/\/api.w.org\/{rel}","templated":true}]}}