{"id":1863,"date":"2026-03-11T14:30:37","date_gmt":"2026-03-11T14:30:37","guid":{"rendered":"https:\/\/rooks-bet.com\/login-and-registration\/"},"modified":"2026-03-12T08:18:14","modified_gmt":"2026-03-12T08:18:14","slug":"logowanie-i-rejestracja","status":"publish","type":"page","link":"https:\/\/rooks-bet.com\/pl\/logowanie-i-rejestracja\/","title":{"rendered":"Logowanie i rejestracja"},"content":{"rendered":"<h1>Logowanie i rejestracja konta Rooksbet<\/h1>\n<p>Kiedy ju\u017c do\u015bwiadczysz emocji zwi\u0105zanych z naszym kasynem, zdasz sobie spraw\u0119, \u017ce nie mo\u017cesz cieszy\u0107 si\u0119 gr\u0105 bez niezb\u0119dnego do Rooksbet login, kt\u00f3ry odblokowuje wszystkie emocje i pozwala wygra\u0107 du\u017ce pieni\u0105dze. Utworzenie konta u nas oznacza do\u0142\u0105czenie do tysi\u0119cy odnosz\u0105cych sukcesy polskich graczy, kt\u00f3rzy tak jak Ty ciesz\u0105 si\u0119 niesamowitymi funkcjami high-tech i uczestnicz\u0105 w turniejach. Wygrywaj\u0105 r\u00f3wnie\u017c w loteriach i e-sporcie, odkrywaj\u0105 potencja\u0142 bogactwa i po prostu relaksuj\u0105 si\u0119, graj\u0105c w swoje ulubione gry.<\/p>\n<p><div class=\"banner-wrap\" aria-label=\"Banner\"><img src=\"https:\/\/rooks-bet.com\/wp-content\/uploads\/2026\/03\/Rooksbet-banner-desktop.webp\" class=\"w-100 d-none d-lg-block img-pc main-banner-img\" alt=\"rooksbet bonus desktop\" fetchpriority=\"high\" decoding=\"async\"><img src=\"https:\/\/rooks-bet.com\/wp-content\/uploads\/2026\/03\/Rooksbet-banner-mobile.webp\" class=\"w-100 d-none d-md-block d-lg-none main-banner-img\" alt=\"rooksbet bonus mobile\" fetchpriority=\"high\" decoding=\"async\"><img src=\"https:\/\/rooks-bet.com\/wp-content\/uploads\/2026\/03\/Rooksbet-banner-mobile.webp\" class=\"w-100 d-md-none\" alt=\"rooksbet bonus mobile\" fetchpriority=\"high\" decoding=\"async\"><div class=\"banner-description\">\n<div class=\"banner-title\">Bonusy powitalne<\/div>\n<p class=\"banner-header-title\">\u20ac1,500<\/p>\n<div class=\"banner-header-AdditionalText\">+ 250 Darmowe spiny<\/div>\n<button data-item=\"homepage_banner_link\" class=\"goto m-button m-gradient-border m-button--primary m-button--large banner-button btn-orange\">\n            <div class=\"m-button-content\">\n                <span>Zarejestruj si\u0119 teraz<\/span>\n                <span><\/span>\n            <\/div>\n        <\/button>\n<\/div>\n<div class=\"WelcomePack\">\n<p><img loading=\"lazy\" decoding=\"async\" class=\"alignnone size-full wp-image-1646\" src=\"https:\/\/rooks-bet.com\/wp-content\/uploads\/2026\/03\/welcome-crown.png\" alt=\"welcome crown\" width=\"25\" height=\"26\" \/><\/p>\n<div class=\"WelcomePack-Info\">Cotygodniowy zwrot got\u00f3wki do 25%<\/div>\n<p><img loading=\"lazy\" decoding=\"async\" class=\"alignnone size-full wp-image-1646\" src=\"https:\/\/rooks-bet.com\/wp-content\/uploads\/2026\/03\/welcome-crown.png\" alt=\"welcome crown\" width=\"25\" height=\"26\" \/><\/p>\n<\/div>\n<\/div><div class=\"scrollable-content-wrap my-5\"><div class=\"scrollable-content-inner\"><h2>Procedura rejestracji w Rooksbet<\/h2>\n<p>Za\u0142o\u017cenie konta w kasynie Rooksbet to kluczowy krok do uzyskania dost\u0119pu do szerokiej gamy mo\u017cliwo\u015bci gry. Rejestracja jest szybka i bezpieczna, a nasi u\u017cytkownicy maj\u0105 dost\u0119p do swojego osobistego panelu, gdzie mog\u0105 zar\u00f3wno wp\u0142aca\u0107 \u015brodki, bra\u0107 udzia\u0142 w promocjach, jak i sprawdza\u0107 szerok\u0105 gam\u0119 gier.<\/p>\n<p>Konto ma wiele zalet \u2014 spersonalizowane sugestie gier, dost\u0119p do specjalnych ofert oraz mo\u017cliwo\u015b\u0107 \u0142atwego wyp\u0142acania i wp\u0142acania \u015brodk\u00f3w. Podczas rejestracji gracze podaj\u0105 bardzo niewiele danych osobowych, a proces ten podlega rygorystycznym zasadom prywatno\u015bci i \u015brodkom szyfrowania \u2014 TLS 1.3. Gotowy do rejestracji w Rooks Bet Casino? Rejestracja obejmuje nast\u0119puj\u0105ce wa\u017cne kroki:<\/p>\n<ol>\n<li>Przej\u015bcie do strony g\u0142\u00f3wnej Rooksbet Casino;<\/li>\n<li>Klikni\u0119cie przycisku \u201eZarejestruj si\u0119\u201d;<\/li>\n<li>Zaakceptowanie zasad i regulaminu, takich jak weryfikacja wieku i nasze Warunki u\u017cytkowania \u2013 prosimy o dok\u0142adne zapoznanie si\u0119 z nimi;<\/li>\n<li>Weryfikacja konta poprzez link weryfikacyjny wys\u0142any na adres e-mail;<\/li>\n<\/ol>\n<p>Kiedy jeste\u015b z nami, wszystko uk\u0142ada si\u0119 w ca\u0142o\u015b\u0107. W ko\u0144cu mamy najlepszego gracza. Dzi\u0119kujemy!<\/p>\n<h2>Zmiana danych osobowych<\/h2>\n<p>Zarejestrowa\u0142e\u015b si\u0119 i zalogowa\u0142e\u015b si\u0119 po raz pierwszy do Rooksbet? \u015awietnie! Teraz zalecamy jednak wykonanie kilku dodatkowych czynno\u015bci, aby zabezpieczy\u0107 swoje konto i finanse.<\/p>\n<ol>\n<li>Zaloguj si\u0119 do serwisu Rooksbet.<\/li>\n<li>Przejd\u017a do ustawie\u0144 konta w profilu.<\/li>\n<li>W\u0142\u0105cz uwierzytelnianie dwusk\u0142adnikowe i po\u0142\u0105cz si\u0119 ze swoim kontem e-mail.<\/li>\n<\/ol>\n<p>Dodatkowo:<\/p>\n<ul>\n<li>Od czasu do czasu zmieniaj has\u0142o do Rooks Bet, aby chroni\u0107 swoje konto przed niebezpiecznymi oszustami.<\/li>\n<li>Upewnij si\u0119, \u017ce nie otrzymujesz \u017cadnych wiadomo\u015bci spamowych od Rooks Bet \u2014 od nas mo\u017cesz otrzymywa\u0107 wy\u0142\u0105cznie materia\u0142y promocyjne i kody do atrakcyjnych turniej\u00f3w \u2014 bez link\u00f3w i pr\u00f3\u015bb o pieni\u0105dze. Je\u015bli zauwa\u017cysz co\u015b takiego, zg\u0142o\u015b to za pomoc\u0105 przycisku czatu na \u017cywo!<\/li>\n<\/ul>\n<h2>Kroki logowania do Rooksbet<\/h2>\n<p>Konto Rooksbet jest \u0142atwe w u\u017cyciu \u2013 wystarczy si\u0119 zalogowa\u0107, aby uzyska\u0107 dost\u0119p do wszystkich funkcji, takich jak panel gry, zesp\u00f3\u0142 pomocy technicznej, sekcja wp\u0142at, wyp\u0142at i zarz\u0105dzania kontem. Kroki s\u0105 nast\u0119puj\u0105ce:<\/p>\n<p>Ale poczekaj, skoro jeste\u015b graczem Rooksbet Casino, sprawimy, \u017ce droga do zwyci\u0119stwa b\u0119dzie interesuj\u0105ca.<\/p>\n<table>\n<tbody>\n<tr>\n<td>Kroki misji<\/td>\n<td>Szczeg\u00f3\u0142y dzia\u0142ania<\/td>\n<\/tr>\n<tr>\n<td>Przejd\u017a do naszej strony g\u0142\u00f3wnej<\/td>\n<td>Przejd\u017a do strony g\u0142\u00f3wnej kasyna Rooksbet \u2014 Twojego portalu do gier na prawdziwe pieni\u0105dze.<\/td>\n<\/tr>\n<tr>\n<td>Zaloguj si\u0119 do kasyna<\/td>\n<td>Znajduje si\u0119 w prawym g\u00f3rnym rogu; kliknij, aby odblokowa\u0107 swoje mo\u017cliwo\u015bci.<\/td>\n<\/tr>\n<tr>\n<td>Wprowad\u017a dane uwierzytelniaj\u0105ce lub zaloguj si\u0119 za pomoc\u0105 Google<\/td>\n<td>Wpisz swoj\u0105 nazw\u0119 u\u017cytkownika, zarejestrowany adres e-mail lub has\u0142o \u2014 Tw\u00f3j klucz do przygody.<\/td>\n<\/tr>\n<tr>\n<td>Odpowiedz na pytania dotycz\u0105ce bezpiecze\u0144stwa i przejd\u017a proces weryfikacji KYC<\/td>\n<td>Wype\u0142nij wszystkie pytania o bezpiecze\u0144stwo zadan\u0105 przez nasz zesp\u00f3\u0142 pomocy technicznej, aby zapewni\u0107 swoje bezpiecze\u0144stwo.<\/td>\n<\/tr>\n<tr>\n<td>Kliknij \u201eZaloguj si\u0119\u201d<\/td>\n<td>Naci\u015bnij przycisk, aby uzyska\u0107 dost\u0119p do swojego konta i rozpocz\u0105\u0107 gr\u0119.<\/td>\n<\/tr>\n<\/tbody>\n<\/table>\n<p>Po wej\u015bciu do kasyna za pomoc\u0105 loginu Rooksbet gracze mog\u0105 wp\u0142aca\u0107 pieni\u0105dze, bra\u0107 udzia\u0142 w turniejach, otrzymywa\u0107 bonusy i zarz\u0105dza\u0107 ustawieniami swojego konta. Platforma zapewnia bezpiecze\u0144stwo wszystkich informacji dzi\u0119ki zastosowaniu zaawansowanych algorytm\u00f3w szyfrowania. Dzi\u0119ki temu nasz login Rooksbet jest bezpieczny i zapewnia rozrywk\u0119!<\/p>\n<p><img loading=\"lazy\" decoding=\"async\" src=\"https:\/\/rooks-bet.com\/wp-content\/uploads\/Rooksbet-Login.webp\" alt=\"Rooksbet Login\" width=\"1248\" height=\"536\" \/><\/p>\n<h2>Weryfikacja w kasynie Rooks Bet<\/h2>\n<p>Wszyscy gracze Rooksbet Casino musz\u0105 przej\u015b\u0107 procedur\u0119 KYC \u2013 jest to obowi\u0105zkowe. Weryfikacja jest wa\u017cnym elementem zapewniaj\u0105cym bezpiecze\u0144stwo gry i przestrzeganie zasad i przepis\u00f3w. Proces weryfikacji w Rooks Bet polega na przes\u0142aniu nam dokument\u00f3w to\u017csamo\u015bci i rachunku za media w celu potwierdzenia, \u017ce jeste\u015b prawdziwym u\u017cytkownikiem.<\/p>\n<p>Proces ten zazwyczaj obejmuje:<\/p>\n<ul>\n<li>Przes\u0142anie skan\u00f3w lub zdj\u0119\u0107 dokument\u00f3w to\u017csamo\u015bci do panelu konta.<\/li>\n<li>Cz\u0142onek naszego wieloj\u0119zycznego zespo\u0142u wsparcia weryfikuje dokumenty, co zazwyczaj zajmuje od kilku godzin do kilku dni, w zale\u017cno\u015bci od liczby wniosk\u00f3w.<\/li>\n<li>Po weryfikacji gracze mog\u0105 wyp\u0142aca\u0107 wi\u0119cej \u015brodk\u00f3w i cieszy\u0107 si\u0119 wi\u0119kszym bezpiecze\u0144stwem swoich kont. A tak\u017ce wi\u0119kszym zaufaniem innych graczy Rooks Bet Casino! To bardzo cenne!<\/li>\n<\/ul>\n<p>Proces weryfikacji zapobiega oszustwom i hazardowi nieletnich oraz pozwala zachowa\u0107 odpowiedzialne zachowania hazardowe. Prosimy wi\u0119c o zastosowanie si\u0119 do naszej pro\u015bby KYC i do\u0142\u0105czenie do naszej serdecznej spo\u0142eczno\u015bci fan\u00f3w.<\/p>\n<h2>Dost\u0119p do konta<\/h2>\n<p>Po rejestracji zawsze masz dost\u0119p do swojego konta Rooksbet na r\u00f3\u017cnych urz\u0105dzeniach, wi\u0119c jedyne, co musisz zrobi\u0107, to przechowywa\u0107 dane swojego konta w bezpiecznym miejscu \u2013 na przyk\u0142ad zapisa\u0107 je na kartce papieru lub wpisa\u0107 do telefonu.<\/p>\n<p>Wszyscy nasi gracze mog\u0105 korzysta\u0107 z Rooksbet Casino na komputerach stacjonarnych, telefonach, iPadach i innych tabletach.<\/p>\n<h2>FAQ<\/h2>\n<h3>Czy mog\u0119 zalogowa\u0107 si\u0119 z wielu urz\u0105dze\u0144?<\/h3>\n<p>Technicznie rzecz bior\u0105c, mo\u017cesz zalogowa\u0107 si\u0119 na wielu urz\u0105dzeniach. Rooksbet umo\u017cliwia logowanie si\u0119 z wielu urz\u0105dze\u0144, co oznacza, \u017ce gracze mog\u0105 korzysta\u0107 z naszego kasyna Rooksbet na dowolnym telefonie, komputerze lub tablecie pod adresem w tym samym czasie. Nale\u017cy jednak pami\u0119ta\u0107 o bezpiecze\u0144stwie. Je\u015bli pozostaniesz zalogowany zbyt d\u0142ugo, nasz system bezpiecze\u0144stwa mo\u017ce uzna\u0107 to za podejrzane i wylogowa\u0107 Ci\u0119.<\/p>\n<h3>Czy logowanie do Rooks Bet jest bezpieczne?<\/h3>\n<p>Tak bezpieczne, jak to tylko mo\u017cliwe. Rooksbet stosuje najnowsze standardy szyfrowania i poufno\u015bci TLS 1.3 w celu ochrony danych u\u017cytkownik\u00f3w podczas zarz\u0105dzania kontem i innych czynno\u015bci. Aby zwi\u0119kszy\u0107 bezpiecze\u0144stwo, nasza strona zach\u0119ca r\u00f3wnie\u017c do stosowania silnych hase\u0142 i oferuje opcjonaln\u0105 weryfikacj\u0119 dwusk\u0142adnikow\u0105.<\/p>\n<h3>Dlaczego musz\u0119 zweryfikowa\u0107 swoje konto przed zalogowaniem si\u0119?<\/h3>\n<p>Weryfikacja to standardowa procedura sprawdzania to\u017csamo\u015bci graczy Rooksbet Casino, kt\u00f3ra ma na celu zapobieganie oszustwom i wy\u0142udzeniom. Zapewnia ona bezpieczne \u015brodowisko dla wszystkich u\u017cytkownik\u00f3w, wy\u017csze limity wyp\u0142at i inne funkcje konta po zako\u0144czeniu procesu. Do naszego programu VIP mo\u017cna do\u0142\u0105czy\u0107 dopiero po przej\u015bciu weryfikacji KYC.<\/p>\n<\/div><\/div><\/p>\n","protected":false},"excerpt":{"rendered":"<p>Logowanie i rejestracja konta Rooksbet Kiedy ju\u017c do\u015bwiadczysz emocji zwi\u0105zanych z naszym kasynem, zdasz sobie spraw\u0119, \u017ce nie mo\u017cesz cieszy\u0107 si\u0119 gr\u0105 bez niezb\u0119dnego do Rooksbet login, kt\u00f3ry odblokowuje wszystkie emocje i pozwala wygra\u0107 du\u017ce pieni\u0105dze. Utworzenie konta u nas oznacza do\u0142\u0105czenie do tysi\u0119cy odnosz\u0105cych sukcesy polskich graczy, kt\u00f3rzy tak jak Ty ciesz\u0105 si\u0119 niesamowitymi [&hellip;]<\/p>\n","protected":false},"author":1,"featured_media":0,"parent":0,"menu_order":0,"comment_status":"closed","ping_status":"closed","template":"template-builder.php","meta":{"_acf_changed":false,"inline_featured_image":false,"footnotes":""},"class_list":["post-1863","page","type-page","status-publish","hentry"],"acf":[],"yoast_head":"<!-- This site is optimized with the Yoast SEO plugin v27.3 - https:\/\/yoast.com\/product\/yoast-seo-wordpress\/ -->\n<title>Logowanie Rooksbet \u2013 Rejestracja i Dost\u0119p do Konta<\/title>\n<meta name=\"description\" content=\"Skorzystaj z logowania Rooksbet, aby szybko i bezpiecznie zarejestrowa\u0107 si\u0119 lub uzyska\u0107 dost\u0119p do konta. Zarz\u0105dzaj profilem, wp\u0142atami i gr\u0105 wygodnie z Rooks Bet.\" \/>\n<meta name=\"robots\" content=\"index, follow, max-snippet:-1, max-image-preview:large, max-video-preview:-1\" \/>\n<link rel=\"canonical\" href=\"https:\/\/rooks-bet.com\/pl\/logowanie-i-rejestracja\/\" \/>\n<meta property=\"og:locale\" content=\"pl_PL\" \/>\n<meta property=\"og:type\" content=\"article\" \/>\n<meta property=\"og:title\" content=\"Logowanie Rooksbet \u2013 Rejestracja i Dost\u0119p do Konta\" \/>\n<meta property=\"og:description\" content=\"Skorzystaj z logowania Rooksbet, aby szybko i bezpiecznie zarejestrowa\u0107 si\u0119 lub uzyska\u0107 dost\u0119p do konta. Zarz\u0105dzaj profilem, wp\u0142atami i gr\u0105 wygodnie z Rooks Bet.\" \/>\n<meta property=\"og:url\" content=\"https:\/\/rooks-bet.com\/pl\/logowanie-i-rejestracja\/\" \/>\n<meta property=\"og:site_name\" content=\"rooksbet\" \/>\n<meta property=\"article:modified_time\" content=\"2026-03-12T08:18:14+00:00\" \/>\n<meta name=\"twitter:card\" content=\"summary_large_image\" \/>\n<meta name=\"twitter:label1\" content=\"Est. reading time\" \/>\n\t<meta name=\"twitter:data1\" content=\"1 minuta\" \/>\n<script type=\"application\/ld+json\" class=\"yoast-schema-graph\">{\"@context\":\"https:\\\/\\\/schema.org\",\"@graph\":[{\"@type\":\"WebPage\",\"@id\":\"https:\\\/\\\/rooks-bet.com\\\/pl\\\/logowanie-i-rejestracja\\\/\",\"url\":\"https:\\\/\\\/rooks-bet.com\\\/pl\\\/logowanie-i-rejestracja\\\/\",\"name\":\"Logowanie Rooksbet \u2013 Rejestracja i Dost\u0119p do Konta\",\"isPartOf\":{\"@id\":\"https:\\\/\\\/rooks-bet.com\\\/pl\\\/#website\"},\"datePublished\":\"2026-03-11T14:30:37+00:00\",\"dateModified\":\"2026-03-12T08:18:14+00:00\",\"description\":\"Skorzystaj z logowania Rooksbet, aby szybko i bezpiecznie zarejestrowa\u0107 si\u0119 lub uzyska\u0107 dost\u0119p do konta. Zarz\u0105dzaj profilem, wp\u0142atami i gr\u0105 wygodnie z Rooks Bet.\",\"breadcrumb\":{\"@id\":\"https:\\\/\\\/rooks-bet.com\\\/pl\\\/logowanie-i-rejestracja\\\/#breadcrumb\"},\"inLanguage\":\"pl-PL\",\"potentialAction\":[{\"@type\":\"ReadAction\",\"target\":[\"https:\\\/\\\/rooks-bet.com\\\/pl\\\/logowanie-i-rejestracja\\\/\"]}]},{\"@type\":\"BreadcrumbList\",\"@id\":\"https:\\\/\\\/rooks-bet.com\\\/pl\\\/logowanie-i-rejestracja\\\/#breadcrumb\",\"itemListElement\":[{\"@type\":\"ListItem\",\"position\":1,\"name\":\"Rooksbet\",\"item\":\"https:\\\/\\\/rooks-bet.com\\\/pl\\\/\"},{\"@type\":\"ListItem\",\"position\":2,\"name\":\"Logowanie i rejestracja\"}]},{\"@type\":\"WebSite\",\"@id\":\"https:\\\/\\\/rooks-bet.com\\\/pl\\\/#website\",\"url\":\"https:\\\/\\\/rooks-bet.com\\\/pl\\\/\",\"name\":\"Rooksbet\",\"description\":\"\",\"publisher\":{\"@id\":\"https:\\\/\\\/rooks-bet.com\\\/pl\\\/#organization\"},\"potentialAction\":[{\"@type\":\"SearchAction\",\"target\":{\"@type\":\"EntryPoint\",\"urlTemplate\":\"https:\\\/\\\/rooks-bet.com\\\/pl\\\/?s={search_term_string}\"},\"query-input\":{\"@type\":\"PropertyValueSpecification\",\"valueRequired\":true,\"valueName\":\"search_term_string\"}}],\"inLanguage\":\"pl-PL\"},{\"@type\":\"Organization\",\"@id\":\"https:\\\/\\\/rooks-bet.com\\\/pl\\\/#organization\",\"name\":\"Rooksbet\",\"url\":\"https:\\\/\\\/rooks-bet.com\\\/pl\\\/\",\"logo\":{\"@type\":\"ImageObject\",\"inLanguage\":\"pl-PL\",\"@id\":\"https:\\\/\\\/rooks-bet.com\\\/pl\\\/#\\\/schema\\\/logo\\\/image\\\/\",\"url\":\"https:\\\/\\\/rooks-bet.com\\\/wp-content\\\/uploads\\\/2025\\\/07\\\/80u1FaquEZeR6OUTeJCc.png\",\"contentUrl\":\"https:\\\/\\\/rooks-bet.com\\\/wp-content\\\/uploads\\\/2025\\\/07\\\/80u1FaquEZeR6OUTeJCc.png\",\"width\":167,\"height\":44,\"caption\":\"Rooksbet\"},\"image\":{\"@id\":\"https:\\\/\\\/rooks-bet.com\\\/pl\\\/#\\\/schema\\\/logo\\\/image\\\/\"}}]}<\/script>\n<!-- \/ Yoast SEO plugin. -->","yoast_head_json":{"title":"Logowanie Rooksbet \u2013 Rejestracja i Dost\u0119p do Konta","description":"Skorzystaj z logowania Rooksbet, aby szybko i bezpiecznie zarejestrowa\u0107 si\u0119 lub uzyska\u0107 dost\u0119p do konta. Zarz\u0105dzaj profilem, wp\u0142atami i gr\u0105 wygodnie z Rooks Bet.","robots":{"index":"index","follow":"follow","max-snippet":"max-snippet:-1","max-image-preview":"max-image-preview:large","max-video-preview":"max-video-preview:-1"},"canonical":"https:\/\/rooks-bet.com\/pl\/logowanie-i-rejestracja\/","og_locale":"pl_PL","og_type":"article","og_title":"Logowanie Rooksbet \u2013 Rejestracja i Dost\u0119p do Konta","og_description":"Skorzystaj z logowania Rooksbet, aby szybko i bezpiecznie zarejestrowa\u0107 si\u0119 lub uzyska\u0107 dost\u0119p do konta. Zarz\u0105dzaj profilem, wp\u0142atami i gr\u0105 wygodnie z Rooks Bet.","og_url":"https:\/\/rooks-bet.com\/pl\/logowanie-i-rejestracja\/","og_site_name":"rooksbet","article_modified_time":"2026-03-12T08:18:14+00:00","twitter_card":"summary_large_image","twitter_misc":{"Est. reading time":"1 minuta"},"schema":{"@context":"https:\/\/schema.org","@graph":[{"@type":"WebPage","@id":"https:\/\/rooks-bet.com\/pl\/logowanie-i-rejestracja\/","url":"https:\/\/rooks-bet.com\/pl\/logowanie-i-rejestracja\/","name":"Logowanie Rooksbet \u2013 Rejestracja i Dost\u0119p do Konta","isPartOf":{"@id":"https:\/\/rooks-bet.com\/pl\/#website"},"datePublished":"2026-03-11T14:30:37+00:00","dateModified":"2026-03-12T08:18:14+00:00","description":"Skorzystaj z logowania Rooksbet, aby szybko i bezpiecznie zarejestrowa\u0107 si\u0119 lub uzyska\u0107 dost\u0119p do konta. Zarz\u0105dzaj profilem, wp\u0142atami i gr\u0105 wygodnie z Rooks Bet.","breadcrumb":{"@id":"https:\/\/rooks-bet.com\/pl\/logowanie-i-rejestracja\/#breadcrumb"},"inLanguage":"pl-PL","potentialAction":[{"@type":"ReadAction","target":["https:\/\/rooks-bet.com\/pl\/logowanie-i-rejestracja\/"]}]},{"@type":"BreadcrumbList","@id":"https:\/\/rooks-bet.com\/pl\/logowanie-i-rejestracja\/#breadcrumb","itemListElement":[{"@type":"ListItem","position":1,"name":"Rooksbet","item":"https:\/\/rooks-bet.com\/pl\/"},{"@type":"ListItem","position":2,"name":"Logowanie i rejestracja"}]},{"@type":"WebSite","@id":"https:\/\/rooks-bet.com\/pl\/#website","url":"https:\/\/rooks-bet.com\/pl\/","name":"Rooksbet","description":"","publisher":{"@id":"https:\/\/rooks-bet.com\/pl\/#organization"},"potentialAction":[{"@type":"SearchAction","target":{"@type":"EntryPoint","urlTemplate":"https:\/\/rooks-bet.com\/pl\/?s={search_term_string}"},"query-input":{"@type":"PropertyValueSpecification","valueRequired":true,"valueName":"search_term_string"}}],"inLanguage":"pl-PL"},{"@type":"Organization","@id":"https:\/\/rooks-bet.com\/pl\/#organization","name":"Rooksbet","url":"https:\/\/rooks-bet.com\/pl\/","logo":{"@type":"ImageObject","inLanguage":"pl-PL","@id":"https:\/\/rooks-bet.com\/pl\/#\/schema\/logo\/image\/","url":"https:\/\/rooks-bet.com\/wp-content\/uploads\/2025\/07\/80u1FaquEZeR6OUTeJCc.png","contentUrl":"https:\/\/rooks-bet.com\/wp-content\/uploads\/2025\/07\/80u1FaquEZeR6OUTeJCc.png","width":167,"height":44,"caption":"Rooksbet"},"image":{"@id":"https:\/\/rooks-bet.com\/pl\/#\/schema\/logo\/image\/"}}]}},"_links":{"self":[{"href":"https:\/\/rooks-bet.com\/pl\/wp-json\/wp\/v2\/pages\/1863","targetHints":{"allow":["GET"]}}],"collection":[{"href":"https:\/\/rooks-bet.com\/pl\/wp-json\/wp\/v2\/pages"}],"about":[{"href":"https:\/\/rooks-bet.com\/pl\/wp-json\/wp\/v2\/types\/page"}],"author":[{"embeddable":true,"href":"https:\/\/rooks-bet.com\/pl\/wp-json\/wp\/v2\/users\/1"}],"replies":[{"embeddable":true,"href":"https:\/\/rooks-bet.com\/pl\/wp-json\/wp\/v2\/comments?post=1863"}],"version-history":[{"count":2,"href":"https:\/\/rooks-bet.com\/pl\/wp-json\/wp\/v2\/pages\/1863\/revisions"}],"predecessor-version":[{"id":2190,"href":"https:\/\/rooks-bet.com\/pl\/wp-json\/wp\/v2\/pages\/1863\/revisions\/2190"}],"wp:attachment":[{"href":"https:\/\/rooks-bet.com\/pl\/wp-json\/wp\/v2\/media?parent=1863"}],"curies":[{"name":"wp","href":"https:\/\/api.w.org\/{rel}","templated":true}]}}